{"id":4951,"date":"2022-01-18T07:08:52","date_gmt":"2022-01-18T06:08:52","guid":{"rendered":"https:\/\/precto.pl\/sklep\/produkt\/cylinder-kpl-stihl-025-ms230-ms250-425-mm-gwaranc\/"},"modified":"2022-10-06T12:48:04","modified_gmt":"2022-10-06T10:48:04","slug":"cylinder-kpl-stihl-025-ms230-ms250-425-mm-gwaranc","status":"publish","type":"product","link":"https:\/\/precto.pl\/sklep\/cylinder-kpl-stihl-025-ms230-ms250-425-mm-gwaranc\/","title":{"rendered":"CYLINDER KPL STIHL 025 MS230 MS250 42,5 MM GWARANC"},"content":{"rendered":"<table width=\"100%\">\n<tr>\n<td width=\"50%\">\n<h3>CYLINDER KPL STIHL 025 MS230 MS250 42,5 MM GWARANCJA<\/h3>\n<p>PRODUCENT :\u00a0DOLPIMA<\/p>\n<p>\u015aREDNICA T\u0141OKA : 42,5 MM<\/p>\n<p>GWARANCJA : 12 MIESI\u0118CY<\/p>\n<p>W SK\u0141AD ZESTAWU WCHODZ\u0104 :<\/p>\n<ul>\n<li>CYLINDER<\/li>\n<li>T\u0141OK<\/li>\n<li>PIER\u015aCIENIE X2<\/li>\n<li>SWORZE\u0143<\/li>\n<li>ZABEZPIECZENIA X2<\/li>\n<\/ul>\n<p>NUMER KATALOGOWY :\u00a01123 020 1206<\/p>\n<p><b>PASUJE DO MODELI :<\/b><\/p>\n<h3>STIHL<\/h3>\n<ul>\n<li>023<\/li>\n<li>025<\/li>\n<li>MS 230<\/li>\n<li>MS 230 C<\/li>\n<li>MS 250<\/li>\n<li>MS 250 C<\/li>\n<\/ul>\n<p><b>Paragon \/ FV<\/b><\/p>\n<\/td>\n<\/tr>\n<tr>\n<td>\u00a0<\/td>\n<\/tr>\n<tr>\n<td colspan=\"2\">\n<p>Przy zakupie kilku produkt\u00f3w w naszym sklepie za przesy\u0142k\u0119 zap\u0142ac\u0105 Pa\u0144stwo tylko raz.<\/p>\n<p>W naszym sklepie internetowym znajd\u0105 pa\u0144stwo szeroki asortyment cz\u0119\u015bci do:<\/p>\n<ul>\n<li>pilarek spalinowych i elektrycznych wielu marek m.in. stihl, husqvarna, dolmar, makita, oleo mac, solo, jonserad itp.<\/li>\n<li>kos spalinowych ww. marek<\/li>\n<li>kosiarek spalinowych z silnikami briggs &amp; stratton, loncin, honda<\/li>\n<li>przecinarek do betonu<\/li>\n<li>maszyn budowlanych wacker<\/li>\n<li>wielu innych maszyn i urz\u0105dze\u0144 wykorzystywanych w przydomowych pracach<\/li>\n<li>oraz pilniki, \u0142a\u0144cuchy, prowadnice, oleje, \u015brodki ochrony osobistej i wiele innych produkt\u00f3w i urz\u0105dze\u0144 pomocnych przy pracy w lesie, domu czy ogrodzie.<\/li>\n<\/ul>\n<p>Ci\u0105gle poszerzamy nasz\u0105 ofert\u0119 o nowe produkty, poszukuj\u0105c jak najlepszych rozwi\u0105za\u0144 dla naszych klient\u00f3w.<\/p>\n<\/td>\n<\/tr>\n<tr>\n<td>\u00a0<\/td>\n<\/tr>\n<\/table>\n","protected":false},"excerpt":{"rendered":"<p>CYLINDER KPL STIHL 025 MS230 MS250 42,5 MM GWARANC<\/p>\n","protected":false},"featured_media":4950,"comment_status":"open","ping_status":"closed","template":"","meta":[],"product_brand":[],"product_cat":[64],"product_tag":[],"class_list":{"0":"post-4951","1":"product","2":"type-product","3":"status-publish","4":"has-post-thumbnail","6":"product_cat-cylindry-i-tloki-czesci-do-pilarek-spalinowych","8":"first","9":"instock","10":"taxable","11":"shipping-taxable","12":"purchasable","13":"product-type-simple"},"_links":{"self":[{"href":"https:\/\/precto.pl\/sklep\/wp-json\/wp\/v2\/product\/4951","targetHints":{"allow":["GET"]}}],"collection":[{"href":"https:\/\/precto.pl\/sklep\/wp-json\/wp\/v2\/product"}],"about":[{"href":"https:\/\/precto.pl\/sklep\/wp-json\/wp\/v2\/types\/product"}],"replies":[{"embeddable":true,"href":"https:\/\/precto.pl\/sklep\/wp-json\/wp\/v2\/comments?post=4951"}],"wp:featuredmedia":[{"embeddable":true,"href":"https:\/\/precto.pl\/sklep\/wp-json\/wp\/v2\/media\/4950"}],"wp:attachment":[{"href":"https:\/\/precto.pl\/sklep\/wp-json\/wp\/v2\/media?parent=4951"}],"wp:term":[{"taxonomy":"product_brand","embeddable":true,"href":"https:\/\/precto.pl\/sklep\/wp-json\/wp\/v2\/product_brand?post=4951"},{"taxonomy":"product_cat","embeddable":true,"href":"https:\/\/precto.pl\/sklep\/wp-json\/wp\/v2\/product_cat?post=4951"},{"taxonomy":"product_tag","embeddable":true,"href":"https:\/\/precto.pl\/sklep\/wp-json\/wp\/v2\/product_tag?post=4951"}],"curies":[{"name":"wp","href":"https:\/\/api.w.org\/{rel}","templated":true}]}}