{"id":4937,"date":"2022-01-18T07:08:32","date_gmt":"2022-01-18T06:08:32","guid":{"rendered":"https:\/\/precto.pl\/sklep\/produkt\/cylinder-tlok-husqvarna-340-345-350-40mm-lozyska\/"},"modified":"2022-10-06T12:48:05","modified_gmt":"2022-10-06T10:48:05","slug":"cylinder-tlok-husqvarna-340-345-350-40mm-lozyska","status":"publish","type":"product","link":"https:\/\/precto.pl\/sklep\/cylinder-tlok-husqvarna-340-345-350-40mm-lozyska\/","title":{"rendered":"CYLINDER T\u0141OK HUSQVARNA 340 345 350 40mm \u0141O\u017bYSKA"},"content":{"rendered":"<table width=\"100%\">\n<tr>\n<td width=\"50%\">\n<p><b>HUSQVARNA 340 345 350<\/b><\/p>\n<p><b>W sk\u0142ad zestawu wchodz\u0105:<\/b><\/p>\n<ul>\n<li>t\u0142ok \u015brednica 40mm<\/li>\n<li>\u015bwieca zap\u0142onowa<\/li>\n<li>2x \u0142o\u017cysko<\/li>\n<li>2x uszczelniacz<\/li>\n<li>pier\u015bcie\u0144<\/li>\n<li>cylinder<\/li>\n<li>sylikon wysokotemperaturowy<\/li>\n<li>sworze\u0144 10x32mm<\/li>\n<li>2szt zabezpieczenia<\/li>\n<li>\u015bwieca zap\u0142onowa<\/li>\n<\/ul>\n<p><b>NUMER CZ\u0118\u015aCI ORYGINALNEJ: 503 87 02 74<\/b><\/p>\n<p><b>NAJWY\u017bSZEJ JAKO\u015aCI TURECKI ZAMIENNIK<\/b><\/p>\n<\/td>\n<\/tr>\n<tr>\n<td>\u00a0<\/td>\n<\/tr>\n<tr>\n<td colspan=\"2\">\n<p>Przy zakupie kilku produkt\u00f3w w naszym sklepie za przesy\u0142k\u0119 zap\u0142ac\u0105 Pa\u0144stwo tylko raz.<\/p>\n<p>W naszym sklepie internetowym znajd\u0105 pa\u0144stwo szeroki asortyment cz\u0119\u015bci do:<\/p>\n<ul>\n<li>pilarek spalinowych i elektrycznych wielu marek m.in. stihl, husqvarna, dolmar, makita, oleo mac, solo, jonserad itp.<\/li>\n<li>kos spalinowych ww. marek<\/li>\n<li>kosiarek spalinowych z silnikami briggs &amp; stratton, loncin, honda<\/li>\n<li>przecinarek do betonu<\/li>\n<li>maszyn budowlanych wacker<\/li>\n<li>wielu innych maszyn i urz\u0105dze\u0144 wykorzystywanych w przydomowych pracach<\/li>\n<li>oraz pilniki, \u0142a\u0144cuchy, prowadnice, oleje, \u015brodki ochrony osobistej i wiele innych produkt\u00f3w i urz\u0105dze\u0144 pomocnych przy pracy w lesie, domu czy ogrodzie.<\/li>\n<\/ul>\n<p>Ci\u0105gle poszerzamy nasz\u0105 ofert\u0119 o nowe produkty, poszukuj\u0105c jak najlepszych rozwi\u0105za\u0144 dla naszych klient\u00f3w.<\/p>\n<\/td>\n<\/tr>\n<tr>\n<td>\u00a0<\/td>\n<\/tr>\n<\/table>\n","protected":false},"excerpt":{"rendered":"<p>CYLINDER T\u0141OK HUSQVARNA 340 345 350 40mm \u0141O\u017bYSKA<\/p>\n","protected":false},"featured_media":4936,"comment_status":"open","ping_status":"closed","template":"","meta":[],"product_brand":[],"product_cat":[64],"product_tag":[],"class_list":{"0":"post-4937","1":"product","2":"type-product","3":"status-publish","4":"has-post-thumbnail","6":"product_cat-cylindry-i-tloki-czesci-do-pilarek-spalinowych","8":"first","9":"instock","10":"taxable","11":"shipping-taxable","12":"purchasable","13":"product-type-simple"},"_links":{"self":[{"href":"https:\/\/precto.pl\/sklep\/wp-json\/wp\/v2\/product\/4937","targetHints":{"allow":["GET"]}}],"collection":[{"href":"https:\/\/precto.pl\/sklep\/wp-json\/wp\/v2\/product"}],"about":[{"href":"https:\/\/precto.pl\/sklep\/wp-json\/wp\/v2\/types\/product"}],"replies":[{"embeddable":true,"href":"https:\/\/precto.pl\/sklep\/wp-json\/wp\/v2\/comments?post=4937"}],"wp:featuredmedia":[{"embeddable":true,"href":"https:\/\/precto.pl\/sklep\/wp-json\/wp\/v2\/media\/4936"}],"wp:attachment":[{"href":"https:\/\/precto.pl\/sklep\/wp-json\/wp\/v2\/media?parent=4937"}],"wp:term":[{"taxonomy":"product_brand","embeddable":true,"href":"https:\/\/precto.pl\/sklep\/wp-json\/wp\/v2\/product_brand?post=4937"},{"taxonomy":"product_cat","embeddable":true,"href":"https:\/\/precto.pl\/sklep\/wp-json\/wp\/v2\/product_cat?post=4937"},{"taxonomy":"product_tag","embeddable":true,"href":"https:\/\/precto.pl\/sklep\/wp-json\/wp\/v2\/product_tag?post=4937"}],"curies":[{"name":"wp","href":"https:\/\/api.w.org\/{rel}","templated":true}]}}