{"id":4844,"date":"2022-01-18T07:06:43","date_gmt":"2022-01-18T06:06:43","guid":{"rendered":"https:\/\/precto.pl\/sklep\/produkt\/beben-sprzegla-325-lozysko-faworyt-ts45-52-460-2\/"},"modified":"2022-10-06T12:48:08","modified_gmt":"2022-10-06T10:48:08","slug":"beben-sprzegla-325-lozysko-faworyt-ts45-52-460-2","status":"publish","type":"product","link":"https:\/\/precto.pl\/sklep\/beben-sprzegla-325-lozysko-faworyt-ts45-52-460-2\/","title":{"rendered":"B\u0119ben sprzeg\u0142a 325&#8221; \u0141o\u017cysko Faworyt TS45 52 460"},"content":{"rendered":"<table width=\"100%\">\n<tr>\n<td width=\"50%\">\n<h3>B\u0119ben sprzeg\u0142a 325&#8221; \u0141o\u017cysko Faworyt TS45 52 460<\/h3>\n<p><b>Pasuje do<\/b><\/p>\n<ul>\n<li>Faworyt TS45\/52, TS460, TS 45-18, Eco 460-18, Lider 46-18, Sterwins, Garland, NAC SPS 01-45, Victus, Castorama PP45, Harder PN4500, Cedrus T4518,T501<\/li>\n<\/ul>\n<ul>\n<li><b>Stan<\/b>\u00a0&#8211; nowy<\/li>\n<li><b>Podzia\u0142ka \u0142a\u0144cucha<\/b>\u00a0&#8211;\u00a0.325 &#8220;<\/li>\n<li><b>Ilo\u015b\u0107 z\u0119b\u00f3w<\/b>\u00a0&#8211;\u00a07<\/li>\n<li><b>\u015arednica zewn\u0119trzna<\/b>\u00a0&#8211;\u00a071 mm<\/li>\n<li><b>\u015arednica wewn\u0119trzna<\/b>\u00a0&#8211;\u00a068 mm<\/li>\n<li><b>Grubo\u015b\u0107<\/b>\u00a0&#8211;\u00a027 mm<\/li>\n<li><b>Z\u0119batka<\/b>\u00a0&#8211; sta\u0142a<\/li>\n<li><b>W zestawie<\/b> &#8211; b\u0119ben sprz\u0119g\u0142a, \u0142o\u017cysko b\u0119bna<\/li>\n<\/ul>\n<\/td>\n<\/tr>\n<tr>\n<td>\u00a0<\/td>\n<\/tr>\n<tr>\n<td colspan=\"2\">\n<p>Przy zakupie kilku produkt\u00f3w w naszym sklepie za przesy\u0142k\u0119 zap\u0142ac\u0105 Pa\u0144stwo tylko raz.<\/p>\n<p>W naszym sklepie internetowym znajd\u0105 pa\u0144stwo szeroki asortyment cz\u0119\u015bci do:<\/p>\n<ul>\n<li>pilarek spalinowych i elektrycznych wielu marek m.in. stihl, husqvarna, dolmar, makita, oleo mac, solo, jonserad itp.<\/li>\n<li>kos spalinowych ww. marek<\/li>\n<li>kosiarek spalinowych z silnikami briggs &amp; stratton, loncin, honda<\/li>\n<li>przecinarek do betonu<\/li>\n<li>maszyn budowlanych wacker<\/li>\n<li>wielu innych maszyn i urz\u0105dze\u0144 wykorzystywanych w przydomowych pracach<\/li>\n<li>oraz pilniki, \u0142a\u0144cuchy, prowadnice, oleje, \u015brodki ochrony osobistej i wiele innych produkt\u00f3w i urz\u0105dze\u0144 pomocnych przy pracy w lesie, domu czy ogrodzie.<\/li>\n<\/ul>\n<p>Ci\u0105gle poszerzamy nasz\u0105 ofert\u0119 o nowe produkty, poszukuj\u0105c jak najlepszych rozwi\u0105za\u0144 dla naszych klient\u00f3w.<\/p>\n<\/td>\n<\/tr>\n<tr>\n<td>\u00a0<\/td>\n<\/tr>\n<\/table>\n","protected":false},"excerpt":{"rendered":"<p>B\u0119ben sprzeg\u0142a 325&#8221; \u0141o\u017cysko Faworyt TS45 52 460<\/p>\n","protected":false},"featured_media":4843,"comment_status":"open","ping_status":"closed","template":"","meta":[],"product_brand":[],"product_cat":[36],"product_tag":[],"class_list":{"0":"post-4844","1":"product","2":"type-product","3":"status-publish","4":"has-post-thumbnail","6":"product_cat-bebny-zebatki-sprzegla","8":"first","9":"instock","10":"taxable","11":"shipping-taxable","12":"purchasable","13":"product-type-simple"},"_links":{"self":[{"href":"https:\/\/precto.pl\/sklep\/wp-json\/wp\/v2\/product\/4844","targetHints":{"allow":["GET"]}}],"collection":[{"href":"https:\/\/precto.pl\/sklep\/wp-json\/wp\/v2\/product"}],"about":[{"href":"https:\/\/precto.pl\/sklep\/wp-json\/wp\/v2\/types\/product"}],"replies":[{"embeddable":true,"href":"https:\/\/precto.pl\/sklep\/wp-json\/wp\/v2\/comments?post=4844"}],"wp:featuredmedia":[{"embeddable":true,"href":"https:\/\/precto.pl\/sklep\/wp-json\/wp\/v2\/media\/4843"}],"wp:attachment":[{"href":"https:\/\/precto.pl\/sklep\/wp-json\/wp\/v2\/media?parent=4844"}],"wp:term":[{"taxonomy":"product_brand","embeddable":true,"href":"https:\/\/precto.pl\/sklep\/wp-json\/wp\/v2\/product_brand?post=4844"},{"taxonomy":"product_cat","embeddable":true,"href":"https:\/\/precto.pl\/sklep\/wp-json\/wp\/v2\/product_cat?post=4844"},{"taxonomy":"product_tag","embeddable":true,"href":"https:\/\/precto.pl\/sklep\/wp-json\/wp\/v2\/product_tag?post=4844"}],"curies":[{"name":"wp","href":"https:\/\/api.w.org\/{rel}","templated":true}]}}