{"id":4836,"date":"2022-01-18T07:06:35","date_gmt":"2022-01-18T06:06:35","guid":{"rendered":"https:\/\/precto.pl\/sklep\/produkt\/beben-sprzegla-husqvarna-254-254xp-262-262xp-51-55\/"},"modified":"2022-10-06T12:48:09","modified_gmt":"2022-10-06T10:48:09","slug":"beben-sprzegla-husqvarna-254-254xp-262-262xp-51-55","status":"publish","type":"product","link":"https:\/\/precto.pl\/sklep\/beben-sprzegla-husqvarna-254-254xp-262-262xp-51-55\/","title":{"rendered":"B\u0118BEN SPRZ\u0118G\u0141A HUSQVARNA 254 254XP 262 262XP 51 55"},"content":{"rendered":"<table width=\"100%\">\n<tr>\n<td width=\"50%\">\n<h3>B\u0118BEN SPRZ\u0118G\u0141A HUSQVARNA 254 254XP 262 262XP 51 55<\/h3>\n<p>\u0141O\u017bYSKO GRATIS !!<\/p>\n<p>NUMER ORYGINALNY :\u00a038071X<\/p>\n<p>PASUJE DO MODELI PILAREK :<\/p>\n<ul>\n<li>Husqvarna:<\/li>\n<li>154<\/li>\n<li>254<\/li>\n<li>254XP<\/li>\n<li>262<\/li>\n<li>262XP<\/li>\n<li>263<\/li>\n<li>50<\/li>\n<li>51<\/li>\n<li>55<\/li>\n<li>Jonsered:<\/li>\n<li>490<\/li>\n<li>590<\/li>\n<li>Partner:<\/li>\n<li>400<\/li>\n<li>500<\/li>\n<li>540<\/li>\n<li>545<\/li>\n<li>P48<\/li>\n<li>P49V<\/li>\n<li>P5000<\/li>\n<\/ul>\n<\/td>\n<\/tr>\n<tr>\n<td>\u00a0<\/td>\n<\/tr>\n<tr>\n<td colspan=\"2\">\n<p>Przy zakupie kilku produkt\u00f3w w naszym sklepie za przesy\u0142k\u0119 zap\u0142ac\u0105 Pa\u0144stwo tylko raz.<\/p>\n<p>W naszym sklepie internetowym znajd\u0105 pa\u0144stwo szeroki asortyment cz\u0119\u015bci do:<\/p>\n<ul>\n<li>pilarek spalinowych i elektrycznych wielu marek m.in. stihl, husqvarna, dolmar, makita, oleo mac, solo, jonserad itp.<\/li>\n<li>kos spalinowych ww. marek<\/li>\n<li>kosiarek spalinowych z silnikami briggs &amp; stratton, loncin, honda<\/li>\n<li>przecinarek do betonu<\/li>\n<li>maszyn budowlanych wacker<\/li>\n<li>wielu innych maszyn i urz\u0105dze\u0144 wykorzystywanych w przydomowych pracach<\/li>\n<li>oraz pilniki, \u0142a\u0144cuchy, prowadnice, oleje, \u015brodki ochrony osobistej i wiele innych produkt\u00f3w i urz\u0105dze\u0144 pomocnych przy pracy w lesie, domu czy ogrodzie.<\/li>\n<\/ul>\n<p>Ci\u0105gle poszerzamy nasz\u0105 ofert\u0119 o nowe produkty, poszukuj\u0105c jak najlepszych rozwi\u0105za\u0144 dla naszych klient\u00f3w.<\/p>\n<\/td>\n<\/tr>\n<tr>\n<td>\u00a0<\/td>\n<\/tr>\n<\/table>\n","protected":false},"excerpt":{"rendered":"<p>B\u0118BEN SPRZ\u0118G\u0141A HUSQVARNA 254 254XP 262 262XP 51 55<\/p>\n","protected":false},"featured_media":4835,"comment_status":"open","ping_status":"closed","template":"","meta":[],"product_brand":[],"product_cat":[36],"product_tag":[],"class_list":{"0":"post-4836","1":"product","2":"type-product","3":"status-publish","4":"has-post-thumbnail","6":"product_cat-bebny-zebatki-sprzegla","8":"first","9":"instock","10":"taxable","11":"shipping-taxable","12":"purchasable","13":"product-type-simple"},"_links":{"self":[{"href":"https:\/\/precto.pl\/sklep\/wp-json\/wp\/v2\/product\/4836","targetHints":{"allow":["GET"]}}],"collection":[{"href":"https:\/\/precto.pl\/sklep\/wp-json\/wp\/v2\/product"}],"about":[{"href":"https:\/\/precto.pl\/sklep\/wp-json\/wp\/v2\/types\/product"}],"replies":[{"embeddable":true,"href":"https:\/\/precto.pl\/sklep\/wp-json\/wp\/v2\/comments?post=4836"}],"wp:featuredmedia":[{"embeddable":true,"href":"https:\/\/precto.pl\/sklep\/wp-json\/wp\/v2\/media\/4835"}],"wp:attachment":[{"href":"https:\/\/precto.pl\/sklep\/wp-json\/wp\/v2\/media?parent=4836"}],"wp:term":[{"taxonomy":"product_brand","embeddable":true,"href":"https:\/\/precto.pl\/sklep\/wp-json\/wp\/v2\/product_brand?post=4836"},{"taxonomy":"product_cat","embeddable":true,"href":"https:\/\/precto.pl\/sklep\/wp-json\/wp\/v2\/product_cat?post=4836"},{"taxonomy":"product_tag","embeddable":true,"href":"https:\/\/precto.pl\/sklep\/wp-json\/wp\/v2\/product_tag?post=4836"}],"curies":[{"name":"wp","href":"https:\/\/api.w.org\/{rel}","templated":true}]}}