{"id":4806,"date":"2022-01-18T07:05:59","date_gmt":"2022-01-18T06:05:59","guid":{"rendered":"https:\/\/precto.pl\/sklep\/produkt\/beben-sprzegla-25cc-galeziowka-nac-cst25-market\/"},"modified":"2022-10-06T12:48:10","modified_gmt":"2022-10-06T10:48:10","slug":"beben-sprzegla-25cc-galeziowka-nac-cst25-market","status":"publish","type":"product","link":"https:\/\/precto.pl\/sklep\/beben-sprzegla-25cc-galeziowka-nac-cst25-market\/","title":{"rendered":"B\u0118BEN SPRZ\u0118G\u0141A 25CC GA\u0141\u0118ZI\u00d3WKA NAC CST25 +MARKET"},"content":{"rendered":"<table width=\"100%\">\n<tr>\n<td width=\"50%\">\n<h3>B\u0118BEN SPRZ\u0118G\u0141A 25CC GA\u0141\u0118ZI\u00d3WKA NAC CST25 +MARKET<\/h3>\n<p>\u0141O\u017bYSKO IGIE\u0141KOWE GRATIS<\/p>\n<p><b>PASUJE DO PILAREK<\/b><\/p>\n<h3>POJEMNO\u015a\u0106 25CC GA\u0141\u0118ZI\u00d3WKA<\/h3>\n<h3>NAC\u00a0CST25-25AC<\/h3>\n<h3>PILARKI MARKETOWE CHI\u0143SKIE DEGET ALFA ITP<\/h3>\n<p><b>Numer KATALOGOWY :<\/b><\/p>\n<h3>2841-35110<\/h3>\n<\/td>\n<\/tr>\n<tr>\n<td>\u00a0<\/td>\n<\/tr>\n<tr>\n<td colspan=\"2\">\n<p>Przy zakupie kilku produkt\u00f3w w naszym sklepie za przesy\u0142k\u0119 zap\u0142ac\u0105 Pa\u0144stwo tylko raz.<\/p>\n<p>W naszym sklepie internetowym znajd\u0105 pa\u0144stwo szeroki asortyment cz\u0119\u015bci do:<\/p>\n<ul>\n<li>pilarek spalinowych i elektrycznych wielu marek m.in. stihl, husqvarna, dolmar, makita, oleo mac, solo, jonserad itp.<\/li>\n<li>kos spalinowych ww. marek<\/li>\n<li>kosiarek spalinowych z silnikami briggs &amp; stratton, loncin, honda<\/li>\n<li>przecinarek do betonu<\/li>\n<li>maszyn budowlanych wacker<\/li>\n<li>wielu innych maszyn i urz\u0105dze\u0144 wykorzystywanych w przydomowych pracach<\/li>\n<li>oraz pilniki, \u0142a\u0144cuchy, prowadnice, oleje, \u015brodki ochrony osobistej i wiele innych produkt\u00f3w i urz\u0105dze\u0144 pomocnych przy pracy w lesie, domu czy ogrodzie.<\/li>\n<\/ul>\n<p>Ci\u0105gle poszerzamy nasz\u0105 ofert\u0119 o nowe produkty, poszukuj\u0105c jak najlepszych rozwi\u0105za\u0144 dla naszych klient\u00f3w.<\/p>\n<h3>\u00a0<\/h3>\n<h3>\u00a0<\/h3>\n<\/td>\n<\/tr>\n<tr>\n<td>\u00a0<\/td>\n<\/tr>\n<\/table>\n","protected":false},"excerpt":{"rendered":"<p>B\u0118BEN SPRZ\u0118G\u0141A 25CC GA\u0141\u0118ZI\u00d3WKA NAC CST25 +MARKET<\/p>\n","protected":false},"featured_media":4805,"comment_status":"open","ping_status":"closed","template":"","meta":[],"product_brand":[],"product_cat":[36],"product_tag":[],"class_list":{"0":"post-4806","1":"product","2":"type-product","3":"status-publish","4":"has-post-thumbnail","6":"product_cat-bebny-zebatki-sprzegla","8":"first","9":"instock","10":"taxable","11":"shipping-taxable","12":"purchasable","13":"product-type-simple"},"_links":{"self":[{"href":"https:\/\/precto.pl\/sklep\/wp-json\/wp\/v2\/product\/4806","targetHints":{"allow":["GET"]}}],"collection":[{"href":"https:\/\/precto.pl\/sklep\/wp-json\/wp\/v2\/product"}],"about":[{"href":"https:\/\/precto.pl\/sklep\/wp-json\/wp\/v2\/types\/product"}],"replies":[{"embeddable":true,"href":"https:\/\/precto.pl\/sklep\/wp-json\/wp\/v2\/comments?post=4806"}],"wp:featuredmedia":[{"embeddable":true,"href":"https:\/\/precto.pl\/sklep\/wp-json\/wp\/v2\/media\/4805"}],"wp:attachment":[{"href":"https:\/\/precto.pl\/sklep\/wp-json\/wp\/v2\/media?parent=4806"}],"wp:term":[{"taxonomy":"product_brand","embeddable":true,"href":"https:\/\/precto.pl\/sklep\/wp-json\/wp\/v2\/product_brand?post=4806"},{"taxonomy":"product_cat","embeddable":true,"href":"https:\/\/precto.pl\/sklep\/wp-json\/wp\/v2\/product_cat?post=4806"},{"taxonomy":"product_tag","embeddable":true,"href":"https:\/\/precto.pl\/sklep\/wp-json\/wp\/v2\/product_tag?post=4806"}],"curies":[{"name":"wp","href":"https:\/\/api.w.org\/{rel}","templated":true}]}}