{"id":4648,"date":"2022-01-18T07:02:54","date_gmt":"2022-01-18T06:02:54","guid":{"rendered":"https:\/\/precto.pl\/sklep\/produkt\/beben-sprzegla-stihl-325-023-025-ms230-ms250-7z\/"},"modified":"2022-10-06T12:50:43","modified_gmt":"2022-10-06T10:50:43","slug":"beben-sprzegla-stihl-325-023-025-ms230-ms250-7z","status":"publish","type":"product","link":"https:\/\/precto.pl\/sklep\/beben-sprzegla-stihl-325-023-025-ms230-ms250-7z\/","title":{"rendered":"B\u0118BEN SPRZ\u0118G\u0141A STIHL 325&#8221; 023 025 MS230 MS250 7Z"},"content":{"rendered":"<table width=\"100%\">\n<tr>\n<td width=\"50%\">\n<p>NUMER KATALOGOWY :<\/p>\n<ul>\n<li><b>1123 640 2074<\/b><\/li>\n<\/ul>\n<p>W SK\u0141AD ZESTAWU WCHODZ\u0104 :<\/p>\n<ul>\n<li><b>B\u0118BEN SPRZ\u0118G\u0141A<\/b><\/li>\n<\/ul>\n<p>WYMIARY <b>:<\/b><\/p>\n<p>LICZBA Z\u0118B\u00d3W <b>: 7<\/b><\/p>\n<p>SKOK <b>: 325&#8221;<\/b><\/p>\n<p>\u015aREDNICA ZEWN\u0118TRZNA : <b>69 MM<\/b><\/p>\n<p>\u015aREDNICA WEWN\u0118TRZNA : <b>66 MM<\/b><\/p>\n<p>\u015aREDNICA OTWORU NA WA\u0141 : <b>13 MM<\/b><\/p>\n<p>WYSOKO\u015a\u0106 P\u0141ASZCZA : <b>17 MM<\/b><\/p>\n<p>WYSOKO\u015a\u0106 : <b>28 MM<\/b><\/p>\n<h3>ZESTAW PASUJE DO :<\/h3>\n<ul>\n<li><b>STIHL<\/b> 017, 018, 019, 019 T, 021, 023, 025, MS 170, MS 171, MS 180, MS 181, MS 190, MS 191, MS 192, MS 210, MS 211, MS 211 C, MS 230, MS 250, MS 231, MS 251<\/li>\n<\/ul>\n<p>ZAMIENNIK<\/p>\n<\/td>\n<\/tr>\n<tr>\n<td>\u00a0<\/td>\n<\/tr>\n<tr>\n<td colspan=\"2\">\n<p>Przy zakupie kilku produkt\u00f3w w naszym sklepie za przesy\u0142k\u0119 zap\u0142ac\u0105 Pa\u0144stwo tylko raz.<\/p>\n<p>W naszym sklepie internetowym znajd\u0105 pa\u0144stwo szeroki asortyment cz\u0119\u015bci do:<\/p>\n<ul>\n<li>pilarek spalinowych i elektrycznych wielu marek m.in. stihl, husqvarna, dolmar, makita, oleo mac, solo, jonserad itp.<\/li>\n<li>kos spalinowych ww. marek<\/li>\n<li>kosiarek spalinowych z silnikami briggs &amp; stratton, loncin, honda<\/li>\n<li>przecinarek do betonu<\/li>\n<li>maszyn budowlanych wacker<\/li>\n<li>wielu innych maszyn i urz\u0105dze\u0144 wykorzystywanych w przydomowych pracach<\/li>\n<li>oraz pilniki, \u0142a\u0144cuchy, prowadnice, oleje, \u015brodki ochrony osobistej i wiele innych produkt\u00f3w i urz\u0105dze\u0144 pomocnych przy pracy w lesie, domu czy ogrodzie.<\/li>\n<\/ul>\n<p>Ci\u0105gle poszerzamy nasz\u0105 ofert\u0119 o nowe produkty, poszukuj\u0105c jak najlepszych rozwi\u0105za\u0144 dla naszych klient\u00f3w.<\/p>\n<\/td>\n<\/tr>\n<tr>\n<td>\u00a0<\/td>\n<\/tr>\n<\/table>\n","protected":false},"excerpt":{"rendered":"<p>B\u0118BEN SPRZ\u0118G\u0141A STIHL 325&#8221; 023 025 MS230 MS250 7Z<\/p>\n","protected":false},"featured_media":4647,"comment_status":"open","ping_status":"closed","template":"","meta":[],"product_brand":[],"product_cat":[36],"product_tag":[],"class_list":{"0":"post-4648","1":"product","2":"type-product","3":"status-publish","4":"has-post-thumbnail","6":"product_cat-bebny-zebatki-sprzegla","8":"first","9":"instock","10":"taxable","11":"shipping-taxable","12":"purchasable","13":"product-type-simple"},"_links":{"self":[{"href":"https:\/\/precto.pl\/sklep\/wp-json\/wp\/v2\/product\/4648","targetHints":{"allow":["GET"]}}],"collection":[{"href":"https:\/\/precto.pl\/sklep\/wp-json\/wp\/v2\/product"}],"about":[{"href":"https:\/\/precto.pl\/sklep\/wp-json\/wp\/v2\/types\/product"}],"replies":[{"embeddable":true,"href":"https:\/\/precto.pl\/sklep\/wp-json\/wp\/v2\/comments?post=4648"}],"wp:featuredmedia":[{"embeddable":true,"href":"https:\/\/precto.pl\/sklep\/wp-json\/wp\/v2\/media\/4647"}],"wp:attachment":[{"href":"https:\/\/precto.pl\/sklep\/wp-json\/wp\/v2\/media?parent=4648"}],"wp:term":[{"taxonomy":"product_brand","embeddable":true,"href":"https:\/\/precto.pl\/sklep\/wp-json\/wp\/v2\/product_brand?post=4648"},{"taxonomy":"product_cat","embeddable":true,"href":"https:\/\/precto.pl\/sklep\/wp-json\/wp\/v2\/product_cat?post=4648"},{"taxonomy":"product_tag","embeddable":true,"href":"https:\/\/precto.pl\/sklep\/wp-json\/wp\/v2\/product_tag?post=4648"}],"curies":[{"name":"wp","href":"https:\/\/api.w.org\/{rel}","templated":true}]}}