{"id":4566,"date":"2022-01-18T07:01:17","date_gmt":"2022-01-18T06:01:17","guid":{"rendered":"https:\/\/precto.pl\/sklep\/produkt\/beben-sprzegla-kosz-husqvarna-365-362-371-372xp\/"},"modified":"2022-10-06T12:50:59","modified_gmt":"2022-10-06T10:50:59","slug":"beben-sprzegla-kosz-husqvarna-365-362-371-372xp","status":"publish","type":"product","link":"https:\/\/precto.pl\/sklep\/beben-sprzegla-kosz-husqvarna-365-362-371-372xp\/","title":{"rendered":"B\u0118BEN SPRZ\u0118G\u0141A KOSZ Husqvarna 365 362 371 372XP"},"content":{"rendered":"<table width=\"100%\">\n<tr>\n<td width=\"50%\">\n<h3>B\u0118BEN SPRZ\u0118G\u0141A KOSZ<\/h3>\n<h3>Husqvarna 365 362 371 372<\/h3>\n<h3>WYSOKIEJ KLASY ZAMIENNIK<\/h3>\n<p>W ZESTAWIE Z K\u00d3\u0141KIEM \u0141A\u0143CUCHOWYM<\/p>\n<h3>Nowy<\/h3>\n<p><b>PASUJE DO PILAREK :<\/b><\/p>\n<ul>\n<li>Husqvarna 365 362 371 372XP<\/li>\n<\/ul>\n<ul>\n<li><b>Podzia\u0142ka \u0142a\u0144cucha &#8211; ,3\/8<\/b><\/li>\n<li><b>Ilo\u015b\u0107 z\u0119b\u00f3w &#8211; 7<\/b><\/li>\n<li><b>\u015arednica otworu na wa\u0142 16,01 mm<\/b><\/li>\n<li><b>Wysoko\u015b\u0107 p\u0142aszcza 14,81 mm<\/b><\/li>\n<li><b>Wysoko\u015b\u0107 z\u0119batki 13,49 mm<\/b><\/li>\n<li><b>\u015arednica wew. p\u0142aszcza 78,87 mm<\/b><\/li>\n<\/ul>\n<h3>Paragon \/ FV<\/h3>\n<\/td>\n<\/tr>\n<tr>\n<td>\u00a0<\/td>\n<\/tr>\n<tr>\n<td colspan=\"2\">\n<p>Przy zakupie kilku produkt\u00f3w w naszym sklepie za przesy\u0142k\u0119 zap\u0142ac\u0105 Pa\u0144stwo tylko raz.<\/p>\n<p>W naszym sklepie internetowym znajd\u0105 pa\u0144stwo szeroki asortyment cz\u0119\u015bci do:<\/p>\n<ul>\n<li>pilarek spalinowych i elektrycznych wielu marek m.in. stihl, husqvarna, dolmar, makita, oleo mac, solo, jonserad itp.<\/li>\n<li>kos spalinowych ww. marek<\/li>\n<li>kosiarek spalinowych z silnikami briggs &amp; stratton, loncin, honda<\/li>\n<li>przecinarek do betonu<\/li>\n<li>maszyn budowlanych wacker<\/li>\n<li>wielu innych maszyn i urz\u0105dze\u0144 wykorzystywanych w przydomowych pracach<\/li>\n<li>oraz pilniki, \u0142a\u0144cuchy, prowadnice, oleje, \u015brodki ochrony osobistej i wiele innych produkt\u00f3w i urz\u0105dze\u0144 pomocnych przy pracy w lesie, domu czy ogrodzie.<\/li>\n<\/ul>\n<p>Ci\u0105gle poszerzamy nasz\u0105 ofert\u0119 o nowe produkty, poszukuj\u0105c jak najlepszych rozwi\u0105za\u0144 dla naszych klient\u00f3w.<\/p>\n<\/td>\n<\/tr>\n<tr>\n<td>\u00a0<\/td>\n<\/tr>\n<\/table>\n","protected":false},"excerpt":{"rendered":"<p>B\u0118BEN SPRZ\u0118G\u0141A KOSZ Husqvarna 365 362 371 372XP<\/p>\n","protected":false},"featured_media":4565,"comment_status":"open","ping_status":"closed","template":"","meta":[],"product_brand":[],"product_cat":[36],"product_tag":[],"class_list":{"0":"post-4566","1":"product","2":"type-product","3":"status-publish","4":"has-post-thumbnail","6":"product_cat-bebny-zebatki-sprzegla","8":"first","9":"instock","10":"taxable","11":"shipping-taxable","12":"purchasable","13":"product-type-simple"},"_links":{"self":[{"href":"https:\/\/precto.pl\/sklep\/wp-json\/wp\/v2\/product\/4566","targetHints":{"allow":["GET"]}}],"collection":[{"href":"https:\/\/precto.pl\/sklep\/wp-json\/wp\/v2\/product"}],"about":[{"href":"https:\/\/precto.pl\/sklep\/wp-json\/wp\/v2\/types\/product"}],"replies":[{"embeddable":true,"href":"https:\/\/precto.pl\/sklep\/wp-json\/wp\/v2\/comments?post=4566"}],"wp:featuredmedia":[{"embeddable":true,"href":"https:\/\/precto.pl\/sklep\/wp-json\/wp\/v2\/media\/4565"}],"wp:attachment":[{"href":"https:\/\/precto.pl\/sklep\/wp-json\/wp\/v2\/media?parent=4566"}],"wp:term":[{"taxonomy":"product_brand","embeddable":true,"href":"https:\/\/precto.pl\/sklep\/wp-json\/wp\/v2\/product_brand?post=4566"},{"taxonomy":"product_cat","embeddable":true,"href":"https:\/\/precto.pl\/sklep\/wp-json\/wp\/v2\/product_cat?post=4566"},{"taxonomy":"product_tag","embeddable":true,"href":"https:\/\/precto.pl\/sklep\/wp-json\/wp\/v2\/product_tag?post=4566"}],"curies":[{"name":"wp","href":"https:\/\/api.w.org\/{rel}","templated":true}]}}