{"id":4486,"date":"2022-01-18T06:59:52","date_gmt":"2022-01-18T05:59:52","guid":{"rendered":"https:\/\/precto.pl\/sklep\/produkt\/cylinder-tlok-stihl-fs120-fs200-fs250-38mm-uszcze\/"},"modified":"2025-06-03T12:54:32","modified_gmt":"2025-06-03T10:54:32","slug":"cylinder-tlok-stihl-fs120-fs200-fs250-38mm-uszcze","status":"publish","type":"product","link":"https:\/\/precto.pl\/sklep\/cylinder-tlok-stihl-fs120-fs200-fs250-38mm-uszcze\/","title":{"rendered":"CYLINDER T\u0141OK STIHL FS120 FS200 FS250 38MM +USZCZE"},"content":{"rendered":"<table width=\"100%\">\n<tr>\n<td width=\"50%\">\n<h3>CYLINDER STIHL KOSA FS 120 38 MM<\/h3>\n<p><b>NAJWY\u017bSZEJ KLASY ZAMIENNIK<\/b><\/p>\n<p><b>NOWY<\/b><\/p>\n<p><b>MODELE KOS STIHL :<\/b><\/p>\n<p><b>FS 120<\/b><\/p>\n<p><b>FS 200<\/b><\/p>\n<p><b>FS 250<\/b><\/p>\n<p><b>W SK\u0141AD ZESTAWU WCHODZI :<\/b><\/p>\n<p><b>CYLINDER<\/b><\/p>\n<p><b>T\u0141OK 38 MM<\/b><\/p>\n<p><b>PIER\u015aCIENIE X2<\/b><\/p>\n<p><b>SWORZE\u0143<\/b><\/p>\n<p><b>ZABEZPIECZENIE X2<\/b><\/p>\n<p><b>USZCZELKI<\/b><\/p>\n<p><b>Paragon\/FV<\/b><\/p>\n<\/td>\n<\/tr>\n<tr>\n<td>\u00a0<\/td>\n<\/tr>\n<tr>\n<td colspan=\"2\">\n<p>Przy zakupie kilku produkt\u00f3w w naszym sklepie za przesy\u0142k\u0119 zap\u0142ac\u0105 Pa\u0144stwo tylko raz.<\/p>\n<p>W naszym sklepie internetowym znajd\u0105 pa\u0144stwo szeroki asortyment cz\u0119\u015bci do:<\/p>\n<ul>\n<li>pilarek spalinowych i elektrycznych wielu marek m.in. stihl, husqvarna, dolmar, makita, oleo mac, solo, jonserad itp.<\/li>\n<li>kos spalinowych ww. marek<\/li>\n<li>kosiarek spalinowych z silnikami briggs &amp; stratton, loncin, honda<\/li>\n<li>przecinarek do betonu<\/li>\n<li>maszyn budowlanych wacker<\/li>\n<li>wielu innych maszyn i urz\u0105dze\u0144 wykorzystywanych w przydomowych pracach<\/li>\n<li>oraz pilniki, \u0142a\u0144cuchy, prowadnice, oleje, \u015brodki ochrony osobistej i wiele innych produkt\u00f3w i urz\u0105dze\u0144 pomocnych przy pracy w lesie, domu czy ogrodzie.<\/li>\n<\/ul>\n<p>Ci\u0105gle poszerzamy nasz\u0105 ofert\u0119 o nowe produkty, poszukuj\u0105c jak najlepszych rozwi\u0105za\u0144 dla naszych klient\u00f3w.<\/p>\n<\/td>\n<\/tr>\n<tr>\n<td>\u00a0<\/td>\n<\/tr>\n<\/table>\n","protected":false},"excerpt":{"rendered":"<p>CYLINDER T\u0141OK STIHL FS120 FS200 FS250 38MM +USZCZE<\/p>\n","protected":false},"featured_media":4485,"comment_status":"open","ping_status":"closed","template":"","meta":[],"product_brand":[],"product_cat":[25],"product_tag":[],"class_list":{"0":"post-4486","1":"product","2":"type-product","3":"status-publish","4":"has-post-thumbnail","6":"product_cat-cylindry-i-tloki","8":"first","9":"instock","10":"taxable","11":"shipping-taxable","12":"purchasable","13":"product-type-simple"},"_links":{"self":[{"href":"https:\/\/precto.pl\/sklep\/wp-json\/wp\/v2\/product\/4486","targetHints":{"allow":["GET"]}}],"collection":[{"href":"https:\/\/precto.pl\/sklep\/wp-json\/wp\/v2\/product"}],"about":[{"href":"https:\/\/precto.pl\/sklep\/wp-json\/wp\/v2\/types\/product"}],"replies":[{"embeddable":true,"href":"https:\/\/precto.pl\/sklep\/wp-json\/wp\/v2\/comments?post=4486"}],"wp:featuredmedia":[{"embeddable":true,"href":"https:\/\/precto.pl\/sklep\/wp-json\/wp\/v2\/media\/4485"}],"wp:attachment":[{"href":"https:\/\/precto.pl\/sklep\/wp-json\/wp\/v2\/media?parent=4486"}],"wp:term":[{"taxonomy":"product_brand","embeddable":true,"href":"https:\/\/precto.pl\/sklep\/wp-json\/wp\/v2\/product_brand?post=4486"},{"taxonomy":"product_cat","embeddable":true,"href":"https:\/\/precto.pl\/sklep\/wp-json\/wp\/v2\/product_cat?post=4486"},{"taxonomy":"product_tag","embeddable":true,"href":"https:\/\/precto.pl\/sklep\/wp-json\/wp\/v2\/product_tag?post=4486"}],"curies":[{"name":"wp","href":"https:\/\/api.w.org\/{rel}","templated":true}]}}