{"id":4275,"date":"2022-01-18T06:55:39","date_gmt":"2022-01-18T05:55:39","guid":{"rendered":"https:\/\/precto.pl\/sklep\/produkt\/gaznik-stihl-fs-200-fs-250-fs-300-fs-350-fv-gwaran\/"},"modified":"2022-10-06T11:04:39","modified_gmt":"2022-10-06T09:04:39","slug":"gaznik-stihl-fs-200-fs-250-fs-300-fs-350-fv-gwaran","status":"publish","type":"product","link":"https:\/\/precto.pl\/sklep\/gaznik-stihl-fs-200-fs-250-fs-300-fs-350-fv-gwaran\/","title":{"rendered":"GA\u0179NIK STIHL FS 200 FS 250 FS 300 FS 350 FV GWARAN"},"content":{"rendered":"<table width=\"100%\">\n<tr>\n<td width=\"50%\">\n<h3>GA\u0179NIK STIHL FS 200 FS 250 FS 300 FS 350 FV GWARANCJA 12 MIESI\u0118CY<\/h3>\n<p>ODPOWIEDNIK MODELU ZAMA :\u00a0C1Q-S162A<\/p>\n<p>NUMER KATALOGOWY :\u00a04134 120 0653<\/p>\n<p><b>MODELE MASZYN :<\/b><\/p>\n<h3>STIHL :<\/h3>\n<ul>\n<li>FS 200<\/li>\n<li>FS 250<\/li>\n<li>FS 300<\/li>\n<li>FS 350<\/li>\n<\/ul>\n<p>TURECKI ZAMIENNIK<\/p>\n<h3>GWARANCJA 12 MIESI\u0118CY<\/h3>\n<\/td>\n<\/tr>\n<tr>\n<td>\u00a0<\/td>\n<\/tr>\n<tr>\n<td colspan=\"2\">\n<p>Przy zakupie kilku produkt\u00f3w w naszym sklepie za przesy\u0142k\u0119 zap\u0142ac\u0105 Pa\u0144stwo tylko raz.<\/p>\n<p>W naszym sklepie internetowym znajd\u0105 pa\u0144stwo szeroki asortyment cz\u0119\u015bci do:<\/p>\n<ul>\n<li>pilarek spalinowych i elektrycznych wielu marek m.in. stihl, husqvarna, dolmar, makita, oleo mac, solo, jonserad itp.<\/li>\n<li>kos spalinowych ww. marek<\/li>\n<li>kosiarek spalinowych z silnikami briggs &amp; stratton, loncin, honda<\/li>\n<li>przecinarek do betonu<\/li>\n<li>maszyn budowlanych wacker<\/li>\n<li>wielu innych maszyn i urz\u0105dze\u0144 wykorzystywanych w przydomowych pracach<\/li>\n<li>oraz pilniki, \u0142a\u0144cuchy, prowadnice, oleje, \u015brodki ochrony osobistej i wiele innych produkt\u00f3w i urz\u0105dze\u0144 pomocnych przy pracy w lesie, domu czy ogrodzie.<\/li>\n<\/ul>\n<p>Ci\u0105gle poszerzamy nasz\u0105 ofert\u0119 o nowe produkty, poszukuj\u0105c jak najlepszych rozwi\u0105za\u0144 dla naszych klient\u00f3w.<\/p>\n<\/td>\n<\/tr>\n<tr>\n<td>\u00a0<\/td>\n<\/tr>\n<\/table>\n","protected":false},"excerpt":{"rendered":"<p>GA\u0179NIK STIHL FS 200 FS 250 FS 300 FS 350 FV GWARAN<\/p>\n","protected":false},"featured_media":4274,"comment_status":"open","ping_status":"closed","template":"","meta":[],"product_brand":[],"product_cat":[27],"product_tag":[],"class_list":{"0":"post-4275","1":"product","2":"type-product","3":"status-publish","4":"has-post-thumbnail","6":"product_cat-gazniki","8":"first","9":"instock","10":"taxable","11":"shipping-taxable","12":"purchasable","13":"product-type-simple"},"_links":{"self":[{"href":"https:\/\/precto.pl\/sklep\/wp-json\/wp\/v2\/product\/4275","targetHints":{"allow":["GET"]}}],"collection":[{"href":"https:\/\/precto.pl\/sklep\/wp-json\/wp\/v2\/product"}],"about":[{"href":"https:\/\/precto.pl\/sklep\/wp-json\/wp\/v2\/types\/product"}],"replies":[{"embeddable":true,"href":"https:\/\/precto.pl\/sklep\/wp-json\/wp\/v2\/comments?post=4275"}],"wp:featuredmedia":[{"embeddable":true,"href":"https:\/\/precto.pl\/sklep\/wp-json\/wp\/v2\/media\/4274"}],"wp:attachment":[{"href":"https:\/\/precto.pl\/sklep\/wp-json\/wp\/v2\/media?parent=4275"}],"wp:term":[{"taxonomy":"product_brand","embeddable":true,"href":"https:\/\/precto.pl\/sklep\/wp-json\/wp\/v2\/product_brand?post=4275"},{"taxonomy":"product_cat","embeddable":true,"href":"https:\/\/precto.pl\/sklep\/wp-json\/wp\/v2\/product_cat?post=4275"},{"taxonomy":"product_tag","embeddable":true,"href":"https:\/\/precto.pl\/sklep\/wp-json\/wp\/v2\/product_tag?post=4275"}],"curies":[{"name":"wp","href":"https:\/\/api.w.org\/{rel}","templated":true}]}}