{"id":4173,"date":"2022-01-18T06:53:38","date_gmt":"2022-01-18T05:53:38","guid":{"rendered":"https:\/\/precto.pl\/sklep\/produkt\/glowica-46-2-kosa-stihl-fs310-fs360-fs410-oryginal\/"},"modified":"2024-03-19T07:28:51","modified_gmt":"2024-03-19T06:28:51","slug":"glowica-46-2-kosa-stihl-fs310-fs360-fs410-oryginal","status":"publish","type":"product","link":"https:\/\/precto.pl\/sklep\/glowica-46-2-kosa-stihl-fs310-fs360-fs410-oryginal\/","title":{"rendered":"G\u0141OWICA 46-2 KOSA STIHL FS310 FS360 FS410 ORYGINA\u0141"},"content":{"rendered":"<table width=\"100%\">\n<tr>\n<td width=\"50%\">\n<h3>G\u0141OWICA AUTOCUT 46-2 KOSA STIHL FS260 FS460 FS220<\/h3>\n<h3>PRODUCENT : STIHL<\/h3>\n<p><b>GWINT LEWY M12 X 1,5 MM<\/b><\/p>\n<p><b>MODELE DO KT\u00d3RYCH PASUJE G\u0141OWICA AC 46-2 :<\/b><\/p>\n<p><b>STIHL : FS 160, FS 180, FS 220, FS 260, FS 280, FS 290, FS 300, FS 310, FS 350, FS 360 ( od 2011r.),FS 380, FS 400, FS 410c, FS 410 C-M, FS 450, FS 460 C-M, FS 480, FS 490<\/b><\/p>\n<p><b>WSZYSTKIE CZ\u0118\u015aCI ZAMIENNE DO G\u0141OWICY NA NASZYCH AUKCJACH.<\/b><\/p>\n<p><b>PARAGON LUB FV<\/b><\/p>\n<\/td>\n<\/tr>\n<tr>\n<td>\u00a0<\/td>\n<\/tr>\n<tr>\n<td colspan=\"2\">\n<p>Przy zakupie kilku produkt\u00f3w w naszym sklepie za przesy\u0142k\u0119 zap\u0142ac\u0105 Pa\u0144stwo tylko raz.<\/p>\n<p>W naszym sklepie internetowym znajd\u0105 pa\u0144stwo szeroki asortyment cz\u0119\u015bci do:<\/p>\n<ul>\n<li>pilarek spalinowych i elektrycznych wielu marek m.in. stihl, husqvarna, dolmar, makita, oleo mac, solo, jonserad itp.<\/li>\n<li>kos spalinowych ww. marek<\/li>\n<li>kosiarek spalinowych z silnikami briggs &amp; stratton, loncin, honda<\/li>\n<li>przecinarek do betonu<\/li>\n<li>maszyn budowlanych wacker<\/li>\n<li>wielu innych maszyn i urz\u0105dze\u0144 wykorzystywanych w przydomowych pracach<\/li>\n<li>oraz pilniki, \u0142a\u0144cuchy, prowadnice, oleje, \u015brodki ochrony osobistej i wiele innych produkt\u00f3w i urz\u0105dze\u0144 pomocnych przy pracy w lesie, domu czy ogrodzie.<\/li>\n<\/ul>\n<p>Ci\u0105gle poszerzamy nasz\u0105 ofert\u0119 o nowe produkty, poszukuj\u0105c jak najlepszych rozwi\u0105za\u0144 dla naszych klient\u00f3w.<\/p>\n<\/td>\n<\/tr>\n<tr>\n<td>\u00a0<\/td>\n<\/tr>\n<\/table>\n","protected":false},"excerpt":{"rendered":"<p>G\u0141OWICA 46-2 KOSA STIHL FS310 FS360 FS410 ORYGINA\u0141<\/p>\n","protected":false},"featured_media":4171,"comment_status":"open","ping_status":"closed","template":"","meta":[],"product_brand":[],"product_cat":[24],"product_tag":[],"class_list":{"0":"post-4173","1":"product","2":"type-product","3":"status-publish","4":"has-post-thumbnail","6":"product_cat-glowice","8":"first","9":"instock","10":"taxable","11":"shipping-taxable","12":"purchasable","13":"product-type-simple"},"_links":{"self":[{"href":"https:\/\/precto.pl\/sklep\/wp-json\/wp\/v2\/product\/4173","targetHints":{"allow":["GET"]}}],"collection":[{"href":"https:\/\/precto.pl\/sklep\/wp-json\/wp\/v2\/product"}],"about":[{"href":"https:\/\/precto.pl\/sklep\/wp-json\/wp\/v2\/types\/product"}],"replies":[{"embeddable":true,"href":"https:\/\/precto.pl\/sklep\/wp-json\/wp\/v2\/comments?post=4173"}],"wp:featuredmedia":[{"embeddable":true,"href":"https:\/\/precto.pl\/sklep\/wp-json\/wp\/v2\/media\/4171"}],"wp:attachment":[{"href":"https:\/\/precto.pl\/sklep\/wp-json\/wp\/v2\/media?parent=4173"}],"wp:term":[{"taxonomy":"product_brand","embeddable":true,"href":"https:\/\/precto.pl\/sklep\/wp-json\/wp\/v2\/product_brand?post=4173"},{"taxonomy":"product_cat","embeddable":true,"href":"https:\/\/precto.pl\/sklep\/wp-json\/wp\/v2\/product_cat?post=4173"},{"taxonomy":"product_tag","embeddable":true,"href":"https:\/\/precto.pl\/sklep\/wp-json\/wp\/v2\/product_tag?post=4173"}],"curies":[{"name":"wp","href":"https:\/\/api.w.org\/{rel}","templated":true}]}}