{"id":3729,"date":"2022-01-18T06:45:10","date_gmt":"2022-01-18T05:45:10","guid":{"rendered":"https:\/\/precto.pl\/sklep\/produkt\/filtr-powietrza-briggs-kosiarki-4-5-hp-max-397795\/"},"modified":"2022-10-06T11:40:40","modified_gmt":"2022-10-06T09:40:40","slug":"filtr-powietrza-briggs-kosiarki-4-5-hp-max-397795","status":"publish","type":"product","link":"https:\/\/precto.pl\/sklep\/filtr-powietrza-briggs-kosiarki-4-5-hp-max-397795\/","title":{"rendered":"FILTR POWIETRZA BRIGGS KOSIARKI 4-5 HP MAX 397795"},"content":{"rendered":"<table width=\"100%\">\n<tr>\n<td width=\"50%\">\n<p>NUMER KATALOGOWY :<\/p>\n<p><b>397795 , 395027<\/b><\/p>\n<p>WYMIARY :<\/p>\n<p>WYSOKO\u015a\u0106 <b>: 19 MM<\/b><\/p>\n<p>SZEROKO\u015a\u0106 <b>: 114 MM<\/b><\/p>\n<p>D\u0141UGO\u015a\u0106<b>\u00a0 : 165 MM<\/b><\/p>\n<p>W ZESTAWIE :<\/p>\n<ul>\n<li><b>FILTR POWIETRZA<\/b><\/li>\n<\/ul>\n<p>PASUJE DO MODELI :<\/p>\n<ul>\n<li><b>BRIGGS STRATTON<\/b> <b>3,5 KM, 4 KM, 5 KM MAX I 2-SUW<\/b><\/li>\n<\/ul>\n<p>ZAMIENNIK<\/p>\n<\/td>\n<\/tr>\n<tr>\n<td>\u00a0<\/td>\n<\/tr>\n<tr>\n<td colspan=\"2\">\n<p>Przy zakupie kilku produkt\u00f3w w naszym sklepie za przesy\u0142k\u0119 zap\u0142ac\u0105 Pa\u0144stwo tylko raz.<\/p>\n<p>W naszym sklepie internetowym znajd\u0105 pa\u0144stwo szeroki asortyment cz\u0119\u015bci do:<\/p>\n<ul>\n<li>pilarek spalinowych i elektrycznych wielu marek m.in. stihl, husqvarna, dolmar, makita, oleo mac, solo, jonserad itp.<\/li>\n<li>kos spalinowych ww. marek<\/li>\n<li>kosiarek spalinowych z silnikami briggs &amp; stratton, loncin, honda<\/li>\n<li>przecinarek do betonu<\/li>\n<li>maszyn budowlanych wacker<\/li>\n<li>wielu innych maszyn i urz\u0105dze\u0144 wykorzystywanych w przydomowych pracach<\/li>\n<li>oraz pilniki, \u0142a\u0144cuchy, prowadnice, oleje, \u015brodki ochrony osobistej i wiele innych produkt\u00f3w i urz\u0105dze\u0144 pomocnych przy pracy w lesie, domu czy ogrodzie.<\/li>\n<\/ul>\n<p>Ci\u0105gle poszerzamy nasz\u0105 ofert\u0119 o nowe produkty, poszukuj\u0105c jak najlepszych rozwi\u0105za\u0144 dla naszych klient\u00f3w.<\/p>\n<\/td>\n<\/tr>\n<tr>\n<td>\u00a0<\/td>\n<\/tr>\n<\/table>\n","protected":false},"excerpt":{"rendered":"<p>FILTR POWIETRZA BRIGGS KOSIARKI 4-5 HP MAX 397795<\/p>\n","protected":false},"featured_media":3728,"comment_status":"open","ping_status":"closed","template":"","meta":[],"product_brand":[],"product_cat":[47],"product_tag":[],"class_list":{"0":"post-3729","1":"product","2":"type-product","3":"status-publish","4":"has-post-thumbnail","6":"product_cat-filtry-powietrza-i-paliwa-czesci-do-kosiarek-spalinowych-i-elektrycznych","8":"first","9":"instock","10":"taxable","11":"shipping-taxable","12":"purchasable","13":"product-type-simple"},"_links":{"self":[{"href":"https:\/\/precto.pl\/sklep\/wp-json\/wp\/v2\/product\/3729","targetHints":{"allow":["GET"]}}],"collection":[{"href":"https:\/\/precto.pl\/sklep\/wp-json\/wp\/v2\/product"}],"about":[{"href":"https:\/\/precto.pl\/sklep\/wp-json\/wp\/v2\/types\/product"}],"replies":[{"embeddable":true,"href":"https:\/\/precto.pl\/sklep\/wp-json\/wp\/v2\/comments?post=3729"}],"wp:featuredmedia":[{"embeddable":true,"href":"https:\/\/precto.pl\/sklep\/wp-json\/wp\/v2\/media\/3728"}],"wp:attachment":[{"href":"https:\/\/precto.pl\/sklep\/wp-json\/wp\/v2\/media?parent=3729"}],"wp:term":[{"taxonomy":"product_brand","embeddable":true,"href":"https:\/\/precto.pl\/sklep\/wp-json\/wp\/v2\/product_brand?post=3729"},{"taxonomy":"product_cat","embeddable":true,"href":"https:\/\/precto.pl\/sklep\/wp-json\/wp\/v2\/product_cat?post=3729"},{"taxonomy":"product_tag","embeddable":true,"href":"https:\/\/precto.pl\/sklep\/wp-json\/wp\/v2\/product_tag?post=3729"}],"curies":[{"name":"wp","href":"https:\/\/api.w.org\/{rel}","templated":true}]}}