{"id":3727,"date":"2022-01-18T06:45:07","date_gmt":"2022-01-18T05:45:07","guid":{"rendered":"https:\/\/precto.pl\/sklep\/produkt\/filtr-powietrza-briggs-classic-sprint-400-450-500\/"},"modified":"2024-08-16T07:30:38","modified_gmt":"2024-08-16T05:30:38","slug":"filtr-powietrza-briggs-classic-sprint-400-450-500","status":"publish","type":"product","link":"https:\/\/precto.pl\/sklep\/filtr-powietrza-briggs-classic-sprint-400-450-500\/","title":{"rendered":"FILTR POWIETRZA BRIGGS CLASSIC SPRINT 400 450 500"},"content":{"rendered":"<table width=\"100%\">\n<tr>\n<td width=\"50%\">\n<h3>FILTR POWIETRZA BRIGGS BS 550E 550EX 625EX 725EXI<\/h3>\n<p>NUMER KATALOGOWY :<\/p>\n<ul>\n<li>698369<\/li>\n<\/ul>\n<p>W SK\u0141AD ZESTAWU WCHODZ\u0104 :<\/p>\n<ul>\n<li><b>FILTR POWIETRZA<\/b><\/li>\n<\/ul>\n<p>WYMIARY\u00a0<b>:<\/b><\/p>\n<ul>\n<li><b>D\u0142ugo\u015b\u0107<\/b> &#8211; 130 mm<\/li>\n<li><b>Szeroko\u015b\u0107<\/b> &#8211; 76 mm<\/li>\n<li><b>Wysoko\u015b\u0107<\/b> &#8211; 31 mm<\/li>\n<li><b>Otw\u00f3r<\/b> &#8211; 42 mm<\/li>\n<\/ul>\n<h3>ZESTAW PASUJE DO MODELI SILNIK\u00d3W BRIGGS STRATTON :<\/h3>\n<ul>\n<li>3,5 KM<\/li>\n<li>3,75 KM<\/li>\n<li>4,0 KM<\/li>\n<li>4,5 KM<\/li>\n<li>QUATTRO<\/li>\n<li>SPRINT<\/li>\n<\/ul>\n<\/td>\n<\/tr>\n<tr>\n<td>\u00a0<\/td>\n<\/tr>\n<tr>\n<td colspan=\"2\">\n<p>Przy zakupie kilku produkt\u00f3w w naszym sklepie za przesy\u0142k\u0119 zap\u0142ac\u0105 Pa\u0144stwo tylko raz.<\/p>\n<p>W naszym sklepie internetowym znajd\u0105 pa\u0144stwo szeroki asortyment cz\u0119\u015bci do:<\/p>\n<ul>\n<li>pilarek spalinowych i elektrycznych wielu marek m.in. stihl, husqvarna, dolmar, makita, oleo mac, solo, jonserad itp.<\/li>\n<li>kos spalinowych ww. marek<\/li>\n<li>kosiarek spalinowych z silnikami briggs &amp; stratton, loncin, honda<\/li>\n<li>przecinarek do betonu<\/li>\n<li>maszyn budowlanych wacker<\/li>\n<li>wielu innych maszyn i urz\u0105dze\u0144 wykorzystywanych w przydomowych pracach<\/li>\n<li>oraz pilniki, \u0142a\u0144cuchy, prowadnice, oleje, \u015brodki ochrony osobistej i wiele innych produkt\u00f3w i urz\u0105dze\u0144 pomocnych przy pracy w lesie, domu czy ogrodzie.<\/li>\n<\/ul>\n<p>Ci\u0105gle poszerzamy nasz\u0105 ofert\u0119 o nowe produkty, poszukuj\u0105c jak najlepszych rozwi\u0105za\u0144 dla naszych klient\u00f3w.<\/p>\n<\/td>\n<\/tr>\n<tr>\n<td>\u00a0<\/td>\n<\/tr>\n<\/table>\n","protected":false},"excerpt":{"rendered":"<p>FILTR POWIETRZA BRIGGS CLASSIC SPRINT 400 450 500<\/p>\n","protected":false},"featured_media":3726,"comment_status":"open","ping_status":"closed","template":"","meta":[],"product_brand":[],"product_cat":[47],"product_tag":[],"class_list":{"0":"post-3727","1":"product","2":"type-product","3":"status-publish","4":"has-post-thumbnail","6":"product_cat-filtry-powietrza-i-paliwa-czesci-do-kosiarek-spalinowych-i-elektrycznych","8":"first","9":"instock","10":"taxable","11":"shipping-taxable","12":"purchasable","13":"product-type-simple"},"_links":{"self":[{"href":"https:\/\/precto.pl\/sklep\/wp-json\/wp\/v2\/product\/3727","targetHints":{"allow":["GET"]}}],"collection":[{"href":"https:\/\/precto.pl\/sklep\/wp-json\/wp\/v2\/product"}],"about":[{"href":"https:\/\/precto.pl\/sklep\/wp-json\/wp\/v2\/types\/product"}],"replies":[{"embeddable":true,"href":"https:\/\/precto.pl\/sklep\/wp-json\/wp\/v2\/comments?post=3727"}],"wp:featuredmedia":[{"embeddable":true,"href":"https:\/\/precto.pl\/sklep\/wp-json\/wp\/v2\/media\/3726"}],"wp:attachment":[{"href":"https:\/\/precto.pl\/sklep\/wp-json\/wp\/v2\/media?parent=3727"}],"wp:term":[{"taxonomy":"product_brand","embeddable":true,"href":"https:\/\/precto.pl\/sklep\/wp-json\/wp\/v2\/product_brand?post=3727"},{"taxonomy":"product_cat","embeddable":true,"href":"https:\/\/precto.pl\/sklep\/wp-json\/wp\/v2\/product_cat?post=3727"},{"taxonomy":"product_tag","embeddable":true,"href":"https:\/\/precto.pl\/sklep\/wp-json\/wp\/v2\/product_tag?post=3727"}],"curies":[{"name":"wp","href":"https:\/\/api.w.org\/{rel}","templated":true}]}}