{"id":3692,"date":"2022-01-18T06:44:21","date_gmt":"2022-01-18T05:44:21","guid":{"rendered":"https:\/\/precto.pl\/sklep\/produkt\/filtr-powietrza-honda-gcv130-gcv135-gcv160-gx100\/"},"modified":"2022-10-06T11:42:23","modified_gmt":"2022-10-06T09:42:23","slug":"filtr-powietrza-honda-gcv130-gcv135-gcv160-gx100","status":"publish","type":"product","link":"https:\/\/precto.pl\/sklep\/filtr-powietrza-honda-gcv130-gcv135-gcv160-gx100\/","title":{"rendered":"FILTR POWIETRZA HONDA GCV130 GCV135 GCV160 GX100"},"content":{"rendered":"<table width=\"100%\">\n<tr>\n<td width=\"50%\">\n<h3>FILTR OLEJU HONDA GCV GXV GX 520 530 610 620 640<\/h3>\n<p>KOD PRODUKTU :\u00a017211-ZL8-023<\/p>\n<p><b>DANE TECHNICZNE :<\/b><\/p>\n<ul>\n<li>SZEROKO\u015a\u0106 : 133 MM<\/li>\n<li>D\u0141UGO\u015a\u0106 : 114 MM<\/li>\n<li>GRUBO\u015a\u0106 : 23,5 MM<\/li>\n<\/ul>\n<p><b>PASUJE DO MODELI :<\/b><\/p>\n<ul>\n<li><b>HONDA GCV130<\/b><\/li>\n<li><b>HONDA GCV135<\/b><\/li>\n<li><b>HONDA GCV160<\/b><\/li>\n<li><b>HONDA GCV190<\/b><\/li>\n<li><b>HONDA GX100<\/b><\/li>\n<li><b>HONDA GC130<\/b><\/li>\n<li><b>HONDA GC135<\/b><\/li>\n<li><b>HONDA GC160<\/b><\/li>\n<li><b>HONDA GC190<\/b><\/li>\n<\/ul>\n<\/td>\n<\/tr>\n<tr>\n<td>\u00a0<\/td>\n<\/tr>\n<\/table>\n","protected":false},"excerpt":{"rendered":"<p>FILTR POWIETRZA HONDA GCV130 GCV135 GCV160 GX100<\/p>\n","protected":false},"featured_media":3691,"comment_status":"open","ping_status":"closed","template":"","meta":[],"product_brand":[],"product_cat":[47],"product_tag":[],"class_list":{"0":"post-3692","1":"product","2":"type-product","3":"status-publish","4":"has-post-thumbnail","6":"product_cat-filtry-powietrza-i-paliwa-czesci-do-kosiarek-spalinowych-i-elektrycznych","8":"first","9":"instock","10":"taxable","11":"shipping-taxable","12":"purchasable","13":"product-type-simple"},"_links":{"self":[{"href":"https:\/\/precto.pl\/sklep\/wp-json\/wp\/v2\/product\/3692","targetHints":{"allow":["GET"]}}],"collection":[{"href":"https:\/\/precto.pl\/sklep\/wp-json\/wp\/v2\/product"}],"about":[{"href":"https:\/\/precto.pl\/sklep\/wp-json\/wp\/v2\/types\/product"}],"replies":[{"embeddable":true,"href":"https:\/\/precto.pl\/sklep\/wp-json\/wp\/v2\/comments?post=3692"}],"wp:featuredmedia":[{"embeddable":true,"href":"https:\/\/precto.pl\/sklep\/wp-json\/wp\/v2\/media\/3691"}],"wp:attachment":[{"href":"https:\/\/precto.pl\/sklep\/wp-json\/wp\/v2\/media?parent=3692"}],"wp:term":[{"taxonomy":"product_brand","embeddable":true,"href":"https:\/\/precto.pl\/sklep\/wp-json\/wp\/v2\/product_brand?post=3692"},{"taxonomy":"product_cat","embeddable":true,"href":"https:\/\/precto.pl\/sklep\/wp-json\/wp\/v2\/product_cat?post=3692"},{"taxonomy":"product_tag","embeddable":true,"href":"https:\/\/precto.pl\/sklep\/wp-json\/wp\/v2\/product_tag?post=3692"}],"curies":[{"name":"wp","href":"https:\/\/api.w.org\/{rel}","templated":true}]}}