{"id":3690,"date":"2022-01-18T06:44:19","date_gmt":"2022-01-18T05:44:19","guid":{"rendered":"https:\/\/precto.pl\/sklep\/produkt\/filtr-powietrza-honda-gcv510-gcv520-gcv530-gxv520\/"},"modified":"2022-10-06T11:42:24","modified_gmt":"2022-10-06T09:42:24","slug":"filtr-powietrza-honda-gcv510-gcv520-gcv530-gxv520","status":"publish","type":"product","link":"https:\/\/precto.pl\/sklep\/filtr-powietrza-honda-gcv510-gcv520-gcv530-gxv520\/","title":{"rendered":"FILTR POWIETRZA HONDA GCV510 GCV520 GCV530 GXV520"},"content":{"rendered":"<table width=\"100%\">\n<tr>\n<td width=\"50%\">\n<h3>FILTR POWIETRZA HONDA GCV510 GCV520 GCV530 GXV520<\/h3>\n<p>KOD PRODUKTU :\u00a015400-PFB-014<\/p>\n<p><b>DANE TECHNICZNE :<\/b><\/p>\n<ul>\n<li>D\u0141UGO\u015a\u0106 : 215<\/li>\n<li>SZEROKO\u015a\u0106 : 120 MM<\/li>\n<li>WYSOKO\u015a\u0106 : 22 MM<\/li>\n<\/ul>\n<p><b>PASUJE DO MODELI :<\/b><\/p>\n<p>HONDA :<\/p>\n<ul>\n<li>GCV510<\/li>\n<li>GCV520<\/li>\n<li>GCV530<\/li>\n<li>GXV520<\/li>\n<li>GXV530<\/li>\n<\/ul>\n<\/td>\n<\/tr>\n<tr>\n<td>\u00a0<\/td>\n<\/tr>\n<\/table>\n","protected":false},"excerpt":{"rendered":"<p>FILTR POWIETRZA HONDA GCV510 GCV520 GCV530 GXV520<\/p>\n","protected":false},"featured_media":3689,"comment_status":"open","ping_status":"closed","template":"","meta":[],"product_brand":[],"product_cat":[47],"product_tag":[],"class_list":{"0":"post-3690","1":"product","2":"type-product","3":"status-publish","4":"has-post-thumbnail","6":"product_cat-filtry-powietrza-i-paliwa-czesci-do-kosiarek-spalinowych-i-elektrycznych","8":"first","9":"instock","10":"taxable","11":"shipping-taxable","12":"purchasable","13":"product-type-simple"},"_links":{"self":[{"href":"https:\/\/precto.pl\/sklep\/wp-json\/wp\/v2\/product\/3690","targetHints":{"allow":["GET"]}}],"collection":[{"href":"https:\/\/precto.pl\/sklep\/wp-json\/wp\/v2\/product"}],"about":[{"href":"https:\/\/precto.pl\/sklep\/wp-json\/wp\/v2\/types\/product"}],"replies":[{"embeddable":true,"href":"https:\/\/precto.pl\/sklep\/wp-json\/wp\/v2\/comments?post=3690"}],"wp:featuredmedia":[{"embeddable":true,"href":"https:\/\/precto.pl\/sklep\/wp-json\/wp\/v2\/media\/3689"}],"wp:attachment":[{"href":"https:\/\/precto.pl\/sklep\/wp-json\/wp\/v2\/media?parent=3690"}],"wp:term":[{"taxonomy":"product_brand","embeddable":true,"href":"https:\/\/precto.pl\/sklep\/wp-json\/wp\/v2\/product_brand?post=3690"},{"taxonomy":"product_cat","embeddable":true,"href":"https:\/\/precto.pl\/sklep\/wp-json\/wp\/v2\/product_cat?post=3690"},{"taxonomy":"product_tag","embeddable":true,"href":"https:\/\/precto.pl\/sklep\/wp-json\/wp\/v2\/product_tag?post=3690"}],"curies":[{"name":"wp","href":"https:\/\/api.w.org\/{rel}","templated":true}]}}