{"id":3651,"date":"2022-01-18T06:43:26","date_gmt":"2022-01-18T05:43:26","guid":{"rendered":"https:\/\/precto.pl\/sklep\/produkt\/filtr-powietrza-honda-gxv-120-gxv120-190x63x48-mm\/"},"modified":"2022-10-06T11:42:26","modified_gmt":"2022-10-06T09:42:26","slug":"filtr-powietrza-honda-gxv-120-gxv120-190x63x48-mm","status":"publish","type":"product","link":"https:\/\/precto.pl\/sklep\/filtr-powietrza-honda-gxv-120-gxv120-190x63x48-mm\/","title":{"rendered":"FILTR POWIETRZA HONDA GXV 120 GXV120 190x63x48 MM"},"content":{"rendered":"<table width=\"100%\">\n<tr>\n<td width=\"50%\">\n<h3>FILTR POWIETRZA HONDA GXV 120 GXV120 190x63x48 MM<\/h3>\n<p>KOD PRODUKTU : 17210ZE6505C<\/p>\n<p><b>DANE TECHNICZNE :<\/b><\/p>\n<ul>\n<li>D\u0141UGO\u015a\u0106 : 190 MM<\/li>\n<li>SZEROKO\u015a\u0106 : 63 MM<\/li>\n<li>WYSOKO\u015a\u0106 : 48 MMM<\/li>\n<\/ul>\n<p><b>W SK\u0141AD ZESTAWU WCHODZ\u0104 :<\/b><\/p>\n<ul>\n<li>FILTR POWIETRZA Z FILTREM WST\u0118PNYM<\/li>\n<\/ul>\n<p><b>PASUJE DO MODELI :<\/b><\/p>\n<ul>\n<li><b>HONDA<\/b> GXV 120<\/li>\n<\/ul>\n<\/td>\n<\/tr>\n<tr>\n<td>\u00a0<\/td>\n<\/tr>\n<\/table>\n","protected":false},"excerpt":{"rendered":"<p>FILTR POWIETRZA HONDA GXV 120 GXV120 190x63x48 MM<\/p>\n","protected":false},"featured_media":3650,"comment_status":"open","ping_status":"closed","template":"","meta":[],"product_brand":[],"product_cat":[47],"product_tag":[],"class_list":{"0":"post-3651","1":"product","2":"type-product","3":"status-publish","4":"has-post-thumbnail","6":"product_cat-filtry-powietrza-i-paliwa-czesci-do-kosiarek-spalinowych-i-elektrycznych","8":"first","9":"instock","10":"taxable","11":"shipping-taxable","12":"purchasable","13":"product-type-simple"},"_links":{"self":[{"href":"https:\/\/precto.pl\/sklep\/wp-json\/wp\/v2\/product\/3651","targetHints":{"allow":["GET"]}}],"collection":[{"href":"https:\/\/precto.pl\/sklep\/wp-json\/wp\/v2\/product"}],"about":[{"href":"https:\/\/precto.pl\/sklep\/wp-json\/wp\/v2\/types\/product"}],"replies":[{"embeddable":true,"href":"https:\/\/precto.pl\/sklep\/wp-json\/wp\/v2\/comments?post=3651"}],"wp:featuredmedia":[{"embeddable":true,"href":"https:\/\/precto.pl\/sklep\/wp-json\/wp\/v2\/media\/3650"}],"wp:attachment":[{"href":"https:\/\/precto.pl\/sklep\/wp-json\/wp\/v2\/media?parent=3651"}],"wp:term":[{"taxonomy":"product_brand","embeddable":true,"href":"https:\/\/precto.pl\/sklep\/wp-json\/wp\/v2\/product_brand?post=3651"},{"taxonomy":"product_cat","embeddable":true,"href":"https:\/\/precto.pl\/sklep\/wp-json\/wp\/v2\/product_cat?post=3651"},{"taxonomy":"product_tag","embeddable":true,"href":"https:\/\/precto.pl\/sklep\/wp-json\/wp\/v2\/product_tag?post=3651"}],"curies":[{"name":"wp","href":"https:\/\/api.w.org\/{rel}","templated":true}]}}