{"id":3494,"date":"2022-01-18T06:40:27","date_gmt":"2022-01-18T05:40:27","guid":{"rendered":"https:\/\/precto.pl\/sklep\/produkt\/tlok-gaznika-tloczek-zama-stihl-ms231-ms251-ms261\/"},"modified":"2024-01-30T13:54:09","modified_gmt":"2024-01-30T12:54:09","slug":"tlok-gaznika-tloczek-zama-stihl-ms231-ms251-ms261","status":"publish","type":"product","link":"https:\/\/precto.pl\/sklep\/tlok-gaznika-tloczek-zama-stihl-ms231-ms251-ms261\/","title":{"rendered":"T\u0141OK GA\u0179NIKA T\u0141OCZEK ZAMA STIHL MS231 MS251 MS261"},"content":{"rendered":"<table width=\"100%\">\n<tr>\n<td width=\"50%\">\n<h3>T\u0141OK GA\u0179NIKA T\u0141OCZEK ZAMA STIHL MS231 MS251 MS261<\/h3>\n<p><b>PRODUKT NOWY, NAJWY\u017bSZEJ KLASY, NIEZAWODNY<\/b><\/p>\n<p><b>T\u0141OCZEK GA\u0179NIKA ZU\u017bYWA SI\u0118\u00a0 R\u00d3WNIE CZ\u0118STO CO MEMBRANY GA\u0179NIKA, DLATEGO TE\u017b SAMA WYMIANA MEMBRAN CZ\u0118STO NIE WYSTARCZA ABY DOPROWADZI\u0106 DO SPRAWNO\u015aCI MASZYN\u0118.<\/b><\/p>\n<p>NUMER KATALOGOWY :<\/p>\n<h3>1143 120 9701<\/h3>\n<p><b>PASUJE DO :<\/b><\/p>\n<h3>STIHL<\/h3>\n<ul>\n<li>MS 231<\/li>\n<li>MS 251<\/li>\n<li>MS 261<\/li>\n<li>MS 271<\/li>\n<li>MS 291<\/li>\n<\/ul>\n<p>GA\u0179NIKI <b>ZAMA<\/b> DO KT\u00d3RYCH PASUJE ZESTAW :<\/p>\n<ul>\n<li>Ga\u017anik C1Q-S295D (1143\/09)<\/li>\n<li>Ga\u017anik C1Q-S296<\/li>\n<li>Ga\u017anik 1143\/17 C1Q<\/li>\n<li>Ga\u017anik 1143\/08<\/li>\n<li>Ga\u017anik C1Q-S247, C1Q-S253, C1Q-S212, C1Q-S179<\/li>\n<li>Ga\u017anik C1Q-S246, C1Q-S252, C1Q-S211, C1Q-S178<\/li>\n<li>Ga\u017anik C1Q-S254, C1Q-S213, C1Q-S180<\/li>\n<li>Ga\u017anik 1141\/46, C1Q-S211, C1Q-S178<\/li>\n<li>Ga\u017anik C1Q-S253, C1Q-S212, C1Q-S17<\/li>\n<\/ul>\n<p>UWAGA : NIE PASUJE DO \u017bADNYCH INNYCH GA\u0179NIK\u00d3W STOSOWANYCH W WW. PILARKACH. PROSIMY O ZWR\u00d3CENIE UWAGI NA MODEL GA\u0179NIKA EW. KONTAKT PRZED ZAKUPEM I PODANIE NUMERU SERYJNEGO MASZYNY.<\/p>\n<h3>Paragon \/ FV<\/h3>\n<\/td>\n<\/tr>\n<tr>\n<td>\u00a0<\/td>\n<\/tr>\n<tr>\n<td colspan=\"2\">\n<p>Przy zakupie kilku produkt\u00f3w w naszym sklepie za przesy\u0142k\u0119 zap\u0142ac\u0105 Pa\u0144stwo tylko raz.<\/p>\n<p>W naszym sklepie internetowym znajd\u0105 pa\u0144stwo szeroki asortyment cz\u0119\u015bci do:<\/p>\n<ul>\n<li>pilarek spalinowych i elektrycznych wielu marek m.in. stihl, husqvarna, dolmar, makita, oleo mac, solo, jonserad itp.<\/li>\n<li>kos spalinowych ww. marek<\/li>\n<li>kosiarek spalinowych z silnikami briggs &amp; stratton, loncin, honda<\/li>\n<li>przecinarek do betonu<\/li>\n<li>maszyn budowlanych wacker<\/li>\n<li>wielu innych maszyn i urz\u0105dze\u0144 wykorzystywanych w przydomowych pracach<\/li>\n<li>oraz pilniki, \u0142a\u0144cuchy, prowadnice, oleje, \u015brodki ochrony osobistej i wiele innych produkt\u00f3w i urz\u0105dze\u0144 pomocnych przy pracy w lesie, domu czy ogrodzie.<\/li>\n<\/ul>\n<p>Ci\u0105gle poszerzamy nasz\u0105 ofert\u0119 o nowe produkty, poszukuj\u0105c jak najlepszych rozwi\u0105za\u0144 dla naszych klient\u00f3w.<\/p>\n<\/td>\n<\/tr>\n<tr>\n<td>\u00a0<\/td>\n<\/tr>\n<\/table>\n","protected":false},"excerpt":{"rendered":"<p>T\u0141OK GA\u0179NIKA T\u0141OCZEK ZAMA STIHL MS231 MS251 MS261<\/p>\n","protected":false},"featured_media":3493,"comment_status":"open","ping_status":"closed","template":"","meta":[],"product_brand":[],"product_cat":[37],"product_tag":[],"class_list":{"0":"post-3494","1":"product","2":"type-product","3":"status-publish","4":"has-post-thumbnail","6":"product_cat-gazniki-czesci-do-pilarek-spalinowych","8":"first","9":"instock","10":"taxable","11":"shipping-taxable","12":"purchasable","13":"product-type-simple"},"_links":{"self":[{"href":"https:\/\/precto.pl\/sklep\/wp-json\/wp\/v2\/product\/3494","targetHints":{"allow":["GET"]}}],"collection":[{"href":"https:\/\/precto.pl\/sklep\/wp-json\/wp\/v2\/product"}],"about":[{"href":"https:\/\/precto.pl\/sklep\/wp-json\/wp\/v2\/types\/product"}],"replies":[{"embeddable":true,"href":"https:\/\/precto.pl\/sklep\/wp-json\/wp\/v2\/comments?post=3494"}],"wp:featuredmedia":[{"embeddable":true,"href":"https:\/\/precto.pl\/sklep\/wp-json\/wp\/v2\/media\/3493"}],"wp:attachment":[{"href":"https:\/\/precto.pl\/sklep\/wp-json\/wp\/v2\/media?parent=3494"}],"wp:term":[{"taxonomy":"product_brand","embeddable":true,"href":"https:\/\/precto.pl\/sklep\/wp-json\/wp\/v2\/product_brand?post=3494"},{"taxonomy":"product_cat","embeddable":true,"href":"https:\/\/precto.pl\/sklep\/wp-json\/wp\/v2\/product_cat?post=3494"},{"taxonomy":"product_tag","embeddable":true,"href":"https:\/\/precto.pl\/sklep\/wp-json\/wp\/v2\/product_tag?post=3494"}],"curies":[{"name":"wp","href":"https:\/\/api.w.org\/{rel}","templated":true}]}}