{"id":344,"date":"2022-01-18T05:38:07","date_gmt":"2022-01-18T04:38:07","guid":{"rendered":"https:\/\/precto.pl\/sklep\/produkt\/przecinarka-do-glazury-stolikowa-dedra-moc-450w\/"},"modified":"2022-10-06T12:03:25","modified_gmt":"2022-10-06T10:03:25","slug":"przecinarka-do-glazury-stolikowa-dedra-moc-450w","status":"publish","type":"product","link":"https:\/\/precto.pl\/sklep\/przecinarka-do-glazury-stolikowa-dedra-moc-450w\/","title":{"rendered":"Przecinarka do glazury stolikowa DEDRA moc 450W"},"content":{"rendered":"<table width=\"100%\">\n<tr>\n<td width=\"50%\">\n<p>Kompaktowe urz\u0105dzenie do przycinania glazury, wyposa\u017cona w mocny 450 Watowy silnik, k\u0105tomierz oraz system ch\u0142odzenia tarczy. Dzi\u0119ki wadze zaledwie 11 kg i niewielkim gabarytom \u0142atwe w transporcie, przenoszeniu i docelowej instalacji.<\/p>\n<p>Do ci\u0119cia zastosowano tarcz\u0119 o \u015brednicy 180mm i otworze monta\u017cowym 22,2 dzi\u0119ki czemu mo\u017cna stosowa\u0107 tarcze u\u017cywane w standardowych szlifierkach k\u0105towych, Max. grubo\u015b\u0107 ci\u0119cia wynosi 35 mm (pod k\u0105tem 45 stopni 25mm) za\u015b blat roboczy to 390&#215;395 mm, dzi\u0119ki tym cechom pozwala na do\u015b\u0107 wszechstronne zastosowania.<\/p>\n<p><b>Cechy:<\/b><\/p>\n<ul>\n<li>Mo\u017cliwo\u015b\u0107 pracy pod k\u0105tem max. 45 stopni<\/li>\n<li>System ch\u0142odzenia tarczy<\/li>\n<li>Du\u017cy pojemnik na ch\u0142odziwo dzi\u0119ki kt\u00f3remu nie ma potrzeby cz\u0119stej wymiany wody<\/li>\n<li>Dwa lata gwarancji<\/li>\n<\/ul>\n<p>Dane techniczne:<\/p>\n<ul>\n<li>Moc silnika 450W<\/li>\n<li>zasilanie 230v\/50 Hz,<\/li>\n<li>\u015brednica tarczy 180\/22,2mm,<\/li>\n<li>pr\u0119dko\u015b\u0107 obrotowa 2800 obr\/min<\/li>\n<\/ul>\n<\/td>\n<\/tr>\n<tr>\n<td>\u00a0<\/td>\n<\/tr>\n<\/table>\n","protected":false},"excerpt":{"rendered":"<p>Przecinarka do glazury stolikowa DEDRA moc 450W<\/p>\n","protected":false},"featured_media":343,"comment_status":"open","ping_status":"closed","template":"","meta":[],"product_brand":[],"product_cat":[33],"product_tag":[],"class_list":{"0":"post-344","1":"product","2":"type-product","3":"status-publish","4":"has-post-thumbnail","6":"product_cat-narzedzia-dedra","8":"first","9":"instock","10":"taxable","11":"shipping-taxable","12":"purchasable","13":"product-type-simple"},"_links":{"self":[{"href":"https:\/\/precto.pl\/sklep\/wp-json\/wp\/v2\/product\/344","targetHints":{"allow":["GET"]}}],"collection":[{"href":"https:\/\/precto.pl\/sklep\/wp-json\/wp\/v2\/product"}],"about":[{"href":"https:\/\/precto.pl\/sklep\/wp-json\/wp\/v2\/types\/product"}],"replies":[{"embeddable":true,"href":"https:\/\/precto.pl\/sklep\/wp-json\/wp\/v2\/comments?post=344"}],"wp:featuredmedia":[{"embeddable":true,"href":"https:\/\/precto.pl\/sklep\/wp-json\/wp\/v2\/media\/343"}],"wp:attachment":[{"href":"https:\/\/precto.pl\/sklep\/wp-json\/wp\/v2\/media?parent=344"}],"wp:term":[{"taxonomy":"product_brand","embeddable":true,"href":"https:\/\/precto.pl\/sklep\/wp-json\/wp\/v2\/product_brand?post=344"},{"taxonomy":"product_cat","embeddable":true,"href":"https:\/\/precto.pl\/sklep\/wp-json\/wp\/v2\/product_cat?post=344"},{"taxonomy":"product_tag","embeddable":true,"href":"https:\/\/precto.pl\/sklep\/wp-json\/wp\/v2\/product_tag?post=344"}],"curies":[{"name":"wp","href":"https:\/\/api.w.org\/{rel}","templated":true}]}}