{"id":3394,"date":"2022-01-18T06:38:49","date_gmt":"2022-01-18T05:38:49","guid":{"rendered":"https:\/\/precto.pl\/sklep\/produkt\/tlumik-echo-cs-280e2903000300-3053403400345\/"},"modified":"2022-10-06T13:13:36","modified_gmt":"2022-10-06T11:13:36","slug":"tlumik-echo-cs-280e2903000300-3053403400345","status":"publish","type":"product","link":"https:\/\/precto.pl\/sklep\/tlumik-echo-cs-280e2903000300-3053403400345\/","title":{"rendered":"T\u0141UMIK ECHO CS 280E\/290\/3000\/300 305\/340\/3400\/345"},"content":{"rendered":"<table width=\"100%\">\n<tr>\n<td width=\"50%\">\n<p><b>NAJWY\u017bSZEJ KLASY PRODUKT<\/b><\/p>\n<p><b>FABRYCZNIE NOWY<\/b><\/p>\n<p><b>PASUJE DO MODELI :<\/b><\/p>\n<h3>ECHO<\/h3>\n<ul>\n<li>Echo<\/li>\n<li>CS-280E (0120269 &#8211; 9999999) Chainsaw<\/li>\n<li>CS-280E (0120269 &#8211; 9999999) Chainsaw<\/li>\n<li>CS-280EP (120269-9999999) Chainsaw<\/li>\n<li>CS-280EP (120269-9999999) Chainsaw<\/li>\n<li>CS-290EVL (0000001 &#8211; 0008580) Chainsaw<\/li>\n<li>CS-290EVL (0000001 &#8211; 0008580) Chainsaw<\/li>\n<li>CS-280E (0055490 &#8211; 0106530) Chainsaw<\/li>\n<li>CS-280E (0055490 &#8211; 0106530) Chainsaw<\/li>\n<li>CS-280E (0106531 &#8211; 0120268) Chainsaw<\/li>\n<li>CS-280E (0106531 &#8211; 0120268) Chainsaw<\/li>\n<li>CS-290EVL (After S\/N 0008580) Chainsaw<\/li>\n<li>CS-290EVL (After S\/N 0008580) Chainsaw<\/li>\n<li>CS-290EVLP (Before S\/N 008580) Chainsaw<\/li>\n<li>CS-290EVLP (Before S\/N 008580) Chainsaw<\/li>\n<li>CS-290EVLP (After S\/N 008580) Chainsaw<\/li>\n<li>CS-290EVLP (After S\/N 008580) Chainsaw<\/li>\n<li>CS-3000 (Type 1E) (After S\/N 001001) Chainsaw<\/li>\n<li>CS-3000 (Type 1E) (After S\/N 001001) Chainsaw<\/li>\n<li>CS-300EVL Chainsaw<\/li>\n<li>CS-300EVL Chainsaw<\/li>\n<li>CS-300 (03001001 &#8211; 03999999) Chainsaw<\/li>\n<li>CS-300 (03001001 &#8211; 03999999) Chainsaw<\/li>\n<li>CS-300 (04001001 &#8211; 04999999) Chainsaw<\/li>\n<li>CS-300 (04001001 &#8211; 04999999) Chainsaw<\/li>\n<li>CS-305 (03001001 &#8211; 03999999) Chainsaw<\/li>\n<li>CS-305 (03001001 &#8211; 03999999) Chainsaw<\/li>\n<li>CS-305 (04001001 &#8211; 04999999) Chainsaw<\/li>\n<li>CS-305 (04001001 &#8211; 04999999) Chainsaw<\/li>\n<li>CS-340 (03001001 &#8211; 03999999) Chainsaw<\/li>\n<li>CS-340 (03001001 &#8211; 03999999) Chainsaw<\/li>\n<li>CS-340 (04001001 &#8211; 04999999) Chainsaw<\/li>\n<li>CS-340 (04001001 &#8211; 04999999) Chainsaw<\/li>\n<li>CS-3400 (Type 1) Chainsaw<\/li>\n<li>CS-3400 (Type 1) Chainsaw<\/li>\n<li>CS-3400 (Type 1E) Chainsaw<\/li>\n<li>CS-3400 (Type 1E) Chainsaw<\/li>\n<li>CS-345 (03001001 &#8211; 03999999) Chainsaw<\/li>\n<li>CS-345 (03001001 &#8211; 03999999) Chainsaw<\/li>\n<li>CS-345 (04001001 &#8211; 04999999) Chainsaw<\/li>\n<li>CS-345 (04001001 &#8211; 04999999) Chainsaw<\/li>\n<li>CS-3450 (Type 1) (001001 &#8211; 025666) Chainsaw<\/li>\n<li>CS-3450 (Type 1) (001001 &#8211; 025666) Chainsaw<\/li>\n<li>CS-3450 (Type 1) (After S\/N 025667) Chainsaw<\/li>\n<li>CS-3450 (Type 1) (After S\/N 025667) Chainsaw<\/li>\n<li>CS-3450 (Type 1E) (After S\/N 001001) Chainsaw<\/li>\n<li>CS-3450 (Type 1E) (After S\/N 001001) Chainsaw<\/li>\n<li>CS-3000 (Type 1) (After S\/N 001001) Chainsaw<\/li>\n<li>CS-3000 (Type 1) (After S\/N 001001) Chainsaw<\/li>\n<\/ul>\n<\/td>\n<\/tr>\n<tr>\n<td>\u00a0<\/td>\n<\/tr>\n<tr>\n<td colspan=\"2\">\n<p>Przy zakupie kilku produkt\u00f3w w naszym sklepie za przesy\u0142k\u0119 zap\u0142ac\u0105 Pa\u0144stwo tylko raz.<\/p>\n<p>W naszym sklepie internetowym znajd\u0105 pa\u0144stwo szeroki asortyment cz\u0119\u015bci do:<\/p>\n<ul>\n<li>pilarek spalinowych i elektrycznych wielu marek m.in. stihl, husqvarna, dolmar, makita, oleo mac, solo, jonserad itp.<\/li>\n<li>kos spalinowych ww. marek<\/li>\n<li>kosiarek spalinowych z silnikami briggs &amp; stratton, loncin, honda<\/li>\n<li>przecinarek do betonu<\/li>\n<li>maszyn budowlanych wacker<\/li>\n<li>wielu innych maszyn i urz\u0105dze\u0144 wykorzystywanych w przydomowych pracach<\/li>\n<li>oraz pilniki, \u0142a\u0144cuchy, prowadnice, oleje, \u015brodki ochrony osobistej i wiele innych produkt\u00f3w i urz\u0105dze\u0144 pomocnych przy pracy w lesie, domu czy ogrodzie.<\/li>\n<\/ul>\n<p>Ci\u0105gle poszerzamy nasz\u0105 ofert\u0119 o nowe produkty, poszukuj\u0105c jak najlepszych rozwi\u0105za\u0144 dla naszych klient\u00f3w.<\/p>\n<\/td>\n<\/tr>\n<tr>\n<td>\u00a0<\/td>\n<\/tr>\n<\/table>\n","protected":false},"excerpt":{"rendered":"<p>T\u0141UMIK ECHO CS 280E\/290\/3000\/300 305\/340\/3400\/345<\/p>\n","protected":false},"featured_media":3393,"comment_status":"open","ping_status":"closed","template":"","meta":[],"product_brand":[],"product_cat":[63],"product_tag":[],"class_list":{"0":"post-3394","1":"product","2":"type-product","3":"status-publish","4":"has-post-thumbnail","6":"product_cat-uklad-wydechowy","8":"first","9":"instock","10":"taxable","11":"shipping-taxable","12":"purchasable","13":"product-type-simple"},"_links":{"self":[{"href":"https:\/\/precto.pl\/sklep\/wp-json\/wp\/v2\/product\/3394","targetHints":{"allow":["GET"]}}],"collection":[{"href":"https:\/\/precto.pl\/sklep\/wp-json\/wp\/v2\/product"}],"about":[{"href":"https:\/\/precto.pl\/sklep\/wp-json\/wp\/v2\/types\/product"}],"replies":[{"embeddable":true,"href":"https:\/\/precto.pl\/sklep\/wp-json\/wp\/v2\/comments?post=3394"}],"wp:featuredmedia":[{"embeddable":true,"href":"https:\/\/precto.pl\/sklep\/wp-json\/wp\/v2\/media\/3393"}],"wp:attachment":[{"href":"https:\/\/precto.pl\/sklep\/wp-json\/wp\/v2\/media?parent=3394"}],"wp:term":[{"taxonomy":"product_brand","embeddable":true,"href":"https:\/\/precto.pl\/sklep\/wp-json\/wp\/v2\/product_brand?post=3394"},{"taxonomy":"product_cat","embeddable":true,"href":"https:\/\/precto.pl\/sklep\/wp-json\/wp\/v2\/product_cat?post=3394"},{"taxonomy":"product_tag","embeddable":true,"href":"https:\/\/precto.pl\/sklep\/wp-json\/wp\/v2\/product_tag?post=3394"}],"curies":[{"name":"wp","href":"https:\/\/api.w.org\/{rel}","templated":true}]}}