{"id":3224,"date":"2022-01-18T06:35:35","date_gmt":"2022-01-18T05:35:35","guid":{"rendered":"https:\/\/precto.pl\/sklep\/produkt\/tlok-kpl-pilarka-stihl-ms-291-ms-271-47-mm-12-mm\/"},"modified":"2024-02-11T16:40:19","modified_gmt":"2024-02-11T15:40:19","slug":"tlok-kpl-pilarka-stihl-ms-291-ms-271-47-mm-12-mm","status":"publish","type":"product","link":"https:\/\/precto.pl\/sklep\/tlok-kpl-pilarka-stihl-ms-291-ms-271-47-mm-12-mm\/","title":{"rendered":"T\u0141OK KPL PILARKA STIHL MS 291 MS 271 47 MM 1,2 MM"},"content":{"rendered":"<table width=\"100%\">\n<tr>\n<td width=\"50%\">\n<h3>T\u0141OK KPL PILARKA STIHL MS 291 MS 271 47 MM 1,2 MM<\/h3>\n<p>WYSOKIEJ KLASY ZAMIENNIK Z POWODZENIEM WYKORZYSTYWANY W NASZYM SERWISIE DLA KLIENT\u00d3W, KT\u00d3RZY NIE CHC\u0104 INWESTOWA\u0106 DU\u017bYCH \u015aRODK\u00d3W W MASZYN\u0118 MAJ\u0104C\u0104 &#8221; SWOJE LATA&#8221;.<\/p>\n<p><b>\u015aREDNICA : 47 MM<\/b><\/p>\n<p><b>NUMER KATALOGOWY : 1141 030 2011<\/b><\/p>\n<p><b>W sk\u0142ad zestawy wchodz\u0105 :<\/b><\/p>\n<p><b>T\u0142ok<\/b><\/p>\n<p><b>Pier\u015bcienie X2<\/b><\/p>\n<p><b>Sworze\u0144<\/b><\/p>\n<p><b>Zabezpieczenia X2<\/b><\/p>\n<p><b>MODELE STIHL :<\/b><\/p>\n<ul>\n<li><b>MS 291<\/b><\/li>\n<li><b>MS 271<\/b><\/li>\n<\/ul>\n<\/td>\n<\/tr>\n<tr>\n<td>\u00a0<\/td>\n<\/tr>\n<tr>\n<td colspan=\"2\">\n<p>Przy zakupie kilku produkt\u00f3w w naszym sklepie za przesy\u0142k\u0119 zap\u0142ac\u0105 Pa\u0144stwo tylko raz.<\/p>\n<p>W naszym sklepie internetowym znajd\u0105 pa\u0144stwo szeroki asortyment cz\u0119\u015bci do:<\/p>\n<ul>\n<li>pilarek spalinowych i elektrycznych wielu marek m.in. stihl, husqvarna, dolmar, makita, oleo mac, solo, jonserad itp.<\/li>\n<li>kos spalinowych ww. marek<\/li>\n<li>kosiarek spalinowych z silnikami briggs &amp; stratton, loncin, honda<\/li>\n<li>przecinarek do betonu<\/li>\n<li>maszyn budowlanych wacker<\/li>\n<li>wielu innych maszyn i urz\u0105dze\u0144 wykorzystywanych w przydomowych pracach<\/li>\n<li>oraz pilniki, \u0142a\u0144cuchy, prowadnice, oleje, \u015brodki ochrony osobistej i wiele innych produkt\u00f3w i urz\u0105dze\u0144 pomocnych przy pracy w lesie, domu czy ogrodzie.<\/li>\n<\/ul>\n<p>Ci\u0105gle poszerzamy nasz\u0105 ofert\u0119 o nowe produkty, poszukuj\u0105c jak najlepszych rozwi\u0105za\u0144 dla naszych klient\u00f3w.<\/p>\n<\/td>\n<\/tr>\n<tr>\n<td>\u00a0<\/td>\n<\/tr>\n<\/table>\n","protected":false},"excerpt":{"rendered":"<p>T\u0141OK KPL PILARKA STIHL MS 291 MS 271 47 MM 1,2 MM<\/p>\n","protected":false},"featured_media":3223,"comment_status":"open","ping_status":"closed","template":"","meta":[],"product_brand":[],"product_cat":[64],"product_tag":[],"class_list":{"0":"post-3224","1":"product","2":"type-product","3":"status-publish","4":"has-post-thumbnail","6":"product_cat-cylindry-i-tloki-czesci-do-pilarek-spalinowych","8":"first","9":"instock","10":"taxable","11":"shipping-taxable","12":"purchasable","13":"product-type-simple"},"_links":{"self":[{"href":"https:\/\/precto.pl\/sklep\/wp-json\/wp\/v2\/product\/3224","targetHints":{"allow":["GET"]}}],"collection":[{"href":"https:\/\/precto.pl\/sklep\/wp-json\/wp\/v2\/product"}],"about":[{"href":"https:\/\/precto.pl\/sklep\/wp-json\/wp\/v2\/types\/product"}],"replies":[{"embeddable":true,"href":"https:\/\/precto.pl\/sklep\/wp-json\/wp\/v2\/comments?post=3224"}],"wp:featuredmedia":[{"embeddable":true,"href":"https:\/\/precto.pl\/sklep\/wp-json\/wp\/v2\/media\/3223"}],"wp:attachment":[{"href":"https:\/\/precto.pl\/sklep\/wp-json\/wp\/v2\/media?parent=3224"}],"wp:term":[{"taxonomy":"product_brand","embeddable":true,"href":"https:\/\/precto.pl\/sklep\/wp-json\/wp\/v2\/product_brand?post=3224"},{"taxonomy":"product_cat","embeddable":true,"href":"https:\/\/precto.pl\/sklep\/wp-json\/wp\/v2\/product_cat?post=3224"},{"taxonomy":"product_tag","embeddable":true,"href":"https:\/\/precto.pl\/sklep\/wp-json\/wp\/v2\/product_tag?post=3224"}],"curies":[{"name":"wp","href":"https:\/\/api.w.org\/{rel}","templated":true}]}}