{"id":3204,"date":"2022-01-18T06:35:13","date_gmt":"2022-01-18T05:35:13","guid":{"rendered":"https:\/\/precto.pl\/sklep\/produkt\/swieca-stihl-ms-171-ms-181-ms211-ms170-ms180-ms231\/"},"modified":"2025-05-08T18:40:09","modified_gmt":"2025-05-08T16:40:09","slug":"swieca-stihl-ms-171-ms-181-ms211-ms170-ms180-ms231","status":"publish","type":"product","link":"https:\/\/precto.pl\/sklep\/swieca-stihl-ms-171-ms-181-ms211-ms170-ms180-ms231\/","title":{"rendered":"\u015aWIECA STIHL MS 171 MS 181 MS211 MS170 MS180 MS231"},"content":{"rendered":"<table width=\"100%\">\n<tr>\n<td width=\"50%\">\n<h3>\u015aWIECA STIHL MS 171 MS 181 MS211 MS170 MS180 MS231<\/h3>\n<p>NAJWY\u017bSZEJ KLASY PRODUKTY, NOWE, GOTOWE DO MONTA\u017bU<\/p>\n<p>\u015aWIECA NA KLUCZ 16 &#8211; MNIEJSZA OD TRADYCYJNEJ NA KLUCZ 19.<\/p>\n<p>PRODUCENT : DOLPIMA<\/p>\n<p><b>NUMER ORYGINALNY : 0000 400 7011<\/b><\/p>\n<p><b>PASUJE DO MODELI :<\/b><\/p>\n<p><b>STIHL :<\/b><\/p>\n<ul>\n<li>MS 171<\/li>\n<li>MS 181<\/li>\n<li>MS 211<\/li>\n<li>MS 180 NOWY TYP<\/li>\n<li>MS 170 NOWY TYP<\/li>\n<li>MS 231<\/li>\n<li>MS 251<\/li>\n<li>MS 193 T<\/li>\n<li>MS 241 C<\/li>\n<li>MS 362<\/li>\n<li>MS 362 C<\/li>\n<li>FS 40<\/li>\n<li>FS 56<\/li>\n<li>FS 120<\/li>\n<li>FS 130<\/li>\n<li>FS 131<\/li>\n<li>FS 310<\/li>\n<li>FS 311<\/li>\n<li>FS 360 C<\/li>\n<li>FS 410 C<\/li>\n<li>BG 56<\/li>\n<li>BG 86<\/li>\n<\/ul>\n<p><b>WYSOKIEJ KLASY PRODUKT STOSOWANY Z POWODZENIEM W NASZYM SERWISIE, KLIENCI KT\u00d3RZY ZAKUPILI WW. ZESTAW S\u0104 ZADOWOLENI Z WYSOKIEJ JAKO\u015aCI I NISKIEJ CENY !!<\/b><\/p>\n<\/td>\n<\/tr>\n<tr>\n<td>\u00a0<\/td>\n<\/tr>\n<tr>\n<td colspan=\"2\">\n<p>Przy zakupie kilku produkt\u00f3w w naszym sklepie za przesy\u0142k\u0119 zap\u0142ac\u0105 Pa\u0144stwo tylko raz.<\/p>\n<p>W naszym sklepie internetowym znajd\u0105 pa\u0144stwo szeroki asortyment cz\u0119\u015bci do:<\/p>\n<ul>\n<li>pilarek spalinowych i elektrycznych wielu marek m.in. stihl, husqvarna, dolmar, makita, oleo mac, solo, jonserad itp.<\/li>\n<li>kos spalinowych ww. marek<\/li>\n<li>kosiarek spalinowych z silnikami briggs &amp; stratton, loncin, honda<\/li>\n<li>przecinarek do betonu<\/li>\n<li>maszyn budowlanych wacker<\/li>\n<li>wielu innych maszyn i urz\u0105dze\u0144 wykorzystywanych w przydomowych pracach<\/li>\n<li>oraz pilniki, \u0142a\u0144cuchy, prowadnice, oleje, \u015brodki ochrony osobistej i wiele innych produkt\u00f3w i urz\u0105dze\u0144 pomocnych przy pracy w lesie, domu czy ogrodzie.<\/li>\n<\/ul>\n<p>Ci\u0105gle poszerzamy nasz\u0105 ofert\u0119 o nowe produkty, poszukuj\u0105c jak najlepszych rozwi\u0105za\u0144 dla naszych klient\u00f3w.<\/p>\n<\/td>\n<\/tr>\n<tr>\n<td>\u00a0<\/td>\n<\/tr>\n<\/table>\n","protected":false},"excerpt":{"rendered":"<p>\u015aWIECA STIHL MS 171 MS 181 MS211 MS170 MS180 MS231<\/p>\n","protected":false},"featured_media":3203,"comment_status":"open","ping_status":"closed","template":"","meta":[],"product_brand":[],"product_cat":[39],"product_tag":[],"class_list":{"0":"post-3204","1":"product","2":"type-product","3":"status-publish","4":"has-post-thumbnail","6":"product_cat-uklad-zaplonowy-czesci-do-pilarek-spalinowych","8":"first","9":"instock","10":"taxable","11":"shipping-taxable","12":"purchasable","13":"product-type-simple"},"_links":{"self":[{"href":"https:\/\/precto.pl\/sklep\/wp-json\/wp\/v2\/product\/3204","targetHints":{"allow":["GET"]}}],"collection":[{"href":"https:\/\/precto.pl\/sklep\/wp-json\/wp\/v2\/product"}],"about":[{"href":"https:\/\/precto.pl\/sklep\/wp-json\/wp\/v2\/types\/product"}],"replies":[{"embeddable":true,"href":"https:\/\/precto.pl\/sklep\/wp-json\/wp\/v2\/comments?post=3204"}],"wp:featuredmedia":[{"embeddable":true,"href":"https:\/\/precto.pl\/sklep\/wp-json\/wp\/v2\/media\/3203"}],"wp:attachment":[{"href":"https:\/\/precto.pl\/sklep\/wp-json\/wp\/v2\/media?parent=3204"}],"wp:term":[{"taxonomy":"product_brand","embeddable":true,"href":"https:\/\/precto.pl\/sklep\/wp-json\/wp\/v2\/product_brand?post=3204"},{"taxonomy":"product_cat","embeddable":true,"href":"https:\/\/precto.pl\/sklep\/wp-json\/wp\/v2\/product_cat?post=3204"},{"taxonomy":"product_tag","embeddable":true,"href":"https:\/\/precto.pl\/sklep\/wp-json\/wp\/v2\/product_tag?post=3204"}],"curies":[{"name":"wp","href":"https:\/\/api.w.org\/{rel}","templated":true}]}}