{"id":3196,"date":"2022-01-18T06:35:02","date_gmt":"2022-01-18T05:35:02","guid":{"rendered":"https:\/\/precto.pl\/sklep\/produkt\/swieca-do-pil-husqvarna-51-55-235-240-242-357-xp\/"},"modified":"2022-10-06T13:15:49","modified_gmt":"2022-10-06T11:15:49","slug":"swieca-do-pil-husqvarna-51-55-235-240-242-357-xp","status":"publish","type":"product","link":"https:\/\/precto.pl\/sklep\/swieca-do-pil-husqvarna-51-55-235-240-242-357-xp\/","title":{"rendered":"\u015aWIECA DO PI\u0141 HUSQVARNA 51 55 235 240 242 357 XP"},"content":{"rendered":"<table width=\"100%\">\n<tr>\n<td width=\"50%\">\n<p>NAJWY\u017bSZEJ KLASY PRODUKTY, NOWE, GOTOWE DO MONTA\u017bU<\/p>\n<p>\u015aWIECA NA KLUCZ 19<\/p>\n<p>ODPOWIEDNIK WSR6F<\/p>\n<p>PRODUCENT : NEVADA<\/p>\n<p><b>NUMER ORYGINALNY : 0000 400 7000<\/b><\/p>\n<p><b>PASUJE DO MODELI :<\/b><\/p>\n<p><b>STIHL :<\/b><\/p>\n<ul>\n<li>MS 170 180 210 230 250<\/li>\n<li>023 028 026 025 024 036<\/li>\n<li>MS260 MS 360 MS 361 MS 362<\/li>\n<\/ul>\n<h3>\u015aWIECA ZAP\u0141ONOWA DO PI\u0141Y HUSQVARNA 51 55 NAC 01-45<\/h3>\n<h3>\u015aWIECA DO PI\u0141 HUSQVARNA 51 55 235 240 242 357 XP<\/h3>\n<p><b>WYSOKIEJ KLASY PRODUKT STOSOWANY Z POWODZENIEM W NASZYM SERWISIE, KLIENCI KT\u00d3RZY ZAKUPILI WW. ZESTAW S\u0104 ZADOWOLENI Z WYSOKIEJ JAKO\u015aCI I NISKIEJ CENY !!<\/b><\/p>\n<\/td>\n<\/tr>\n<tr>\n<td>\u00a0<\/td>\n<\/tr>\n<tr>\n<td colspan=\"2\">\n<p>Przy zakupie kilku produkt\u00f3w w naszym sklepie za przesy\u0142k\u0119 zap\u0142ac\u0105 Pa\u0144stwo tylko raz.<\/p>\n<p>W naszym sklepie internetowym znajd\u0105 pa\u0144stwo szeroki asortyment cz\u0119\u015bci do:<\/p>\n<ul>\n<li>pilarek spalinowych i elektrycznych wielu marek m.in. stihl, husqvarna, dolmar, makita, oleo mac, solo, jonserad itp.<\/li>\n<li>kos spalinowych ww. marek<\/li>\n<li>kosiarek spalinowych z silnikami briggs &amp; stratton, loncin, honda<\/li>\n<li>przecinarek do betonu<\/li>\n<li>maszyn budowlanych wacker<\/li>\n<li>wielu innych maszyn i urz\u0105dze\u0144 wykorzystywanych w przydomowych pracach<\/li>\n<li>oraz pilniki, \u0142a\u0144cuchy, prowadnice, oleje, \u015brodki ochrony osobistej i wiele innych produkt\u00f3w i urz\u0105dze\u0144 pomocnych przy pracy w lesie, domu czy ogrodzie.<\/li>\n<\/ul>\n<p>Ci\u0105gle poszerzamy nasz\u0105 ofert\u0119 o nowe produkty, poszukuj\u0105c jak najlepszych rozwi\u0105za\u0144 dla naszych klient\u00f3w.<\/p>\n<\/td>\n<\/tr>\n<tr>\n<td>\u00a0<\/td>\n<\/tr>\n<\/table>\n","protected":false},"excerpt":{"rendered":"<p>\u015aWIECA DO PI\u0141 HUSQVARNA 51 55 235 240 242 357 XP<\/p>\n","protected":false},"featured_media":3195,"comment_status":"open","ping_status":"closed","template":"","meta":[],"product_brand":[],"product_cat":[39],"product_tag":[],"class_list":{"0":"post-3196","1":"product","2":"type-product","3":"status-publish","4":"has-post-thumbnail","6":"product_cat-uklad-zaplonowy-czesci-do-pilarek-spalinowych","8":"first","9":"instock","10":"taxable","11":"shipping-taxable","12":"purchasable","13":"product-type-simple"},"_links":{"self":[{"href":"https:\/\/precto.pl\/sklep\/wp-json\/wp\/v2\/product\/3196","targetHints":{"allow":["GET"]}}],"collection":[{"href":"https:\/\/precto.pl\/sklep\/wp-json\/wp\/v2\/product"}],"about":[{"href":"https:\/\/precto.pl\/sklep\/wp-json\/wp\/v2\/types\/product"}],"replies":[{"embeddable":true,"href":"https:\/\/precto.pl\/sklep\/wp-json\/wp\/v2\/comments?post=3196"}],"wp:featuredmedia":[{"embeddable":true,"href":"https:\/\/precto.pl\/sklep\/wp-json\/wp\/v2\/media\/3195"}],"wp:attachment":[{"href":"https:\/\/precto.pl\/sklep\/wp-json\/wp\/v2\/media?parent=3196"}],"wp:term":[{"taxonomy":"product_brand","embeddable":true,"href":"https:\/\/precto.pl\/sklep\/wp-json\/wp\/v2\/product_brand?post=3196"},{"taxonomy":"product_cat","embeddable":true,"href":"https:\/\/precto.pl\/sklep\/wp-json\/wp\/v2\/product_cat?post=3196"},{"taxonomy":"product_tag","embeddable":true,"href":"https:\/\/precto.pl\/sklep\/wp-json\/wp\/v2\/product_tag?post=3196"}],"curies":[{"name":"wp","href":"https:\/\/api.w.org\/{rel}","templated":true}]}}