{"id":3152,"date":"2022-01-18T06:34:06","date_gmt":"2022-01-18T05:34:06","guid":{"rendered":"https:\/\/precto.pl\/sklep\/produkt\/tarcza-druciana-prosta-stihl-fs56-fs70-fs130-fs240\/"},"modified":"2022-10-06T11:07:22","modified_gmt":"2022-10-06T09:07:22","slug":"tarcza-druciana-prosta-stihl-fs56-fs70-fs130-fs240","status":"publish","type":"product","link":"https:\/\/precto.pl\/sklep\/tarcza-druciana-prosta-stihl-fs56-fs70-fs130-fs240\/","title":{"rendered":"TARCZA DRUCIANA PROSTA STIHL FS56 FS70 FS130 FS240"},"content":{"rendered":"<table width=\"100%\">\n<tr>\n<td width=\"50%\">\n<h3>TARCZA DRUCIANA PROSTA STIHL FS55 FS87 FS120 FS200<\/h3>\n<p><b>SOLIDNA I TRWA\u0141A TARCZA DRUCIANA DO KOSY SPALINOWEJ STIHL I INNYCH PRODUCENT\u00d3W Z OTWOREM 25,4 MM<\/b><\/p>\n<p><b>U\u017bYWANA DO SZYBKIEGO I \u0141ATWEGO WYRYWANIA CHWAST\u00d3W Z CHODNIK\u00d3W, KOSTEK I BRUK\u00d3W.<\/b><\/p>\n<p><b>CHARAKTERYSTYKA :<\/b><\/p>\n<p>TYP <b>&#8211; PROSTA<\/b><\/p>\n<p>\u015aREDNICA &#8211; <b>200 MM<\/b><\/p>\n<p>\u015aREDNICA OTWORU &#8211; <b>25,4 MM<\/b><\/p>\n<p><b>MODELE DO KT\u00d3RYCH PASUJE CZ\u0118\u015a\u0106 :<\/b><\/p>\n<p><b>STIHL : FS 55 FS 56 FS 70 FS 72 FS 76 FS 74 FS 70 FS 75 FS 80 FS 85 FS 86 FS 87 FS 89 FS 90 FS 91 FS 96 FS 100 FS 106 FS 108 FS 94 FS 111 FS 120 FS 130 FS 131 FS 200 FS 240 FS250<\/b><\/p>\n<p><b>ORAZ KOSY INNYCH PRODUCENT\u00d3W Z PRZEK\u0141ADNI\u0104 O MOCOWANIU 25,4 MM.<\/b><\/p>\n<p><b>WYSOKIEJ KLASY PRZEDMIOT STOSOWANY PRZEZ NAS I NASZYCH KLIENT\u00d3W.<\/b><\/p>\n<p><b>NA INNYCH AUKCJACH ZESTAWY DO MOCOWANIA NO\u017bY I TARCZ TN\u0104CYCH STIHL.<\/b><\/p>\n<h3>UWAGA : TARCZA MOCOWA\u0106 NALE\u017bY BEZ PODK\u0141ADKI Z ZESTAWU DO MOCOWANIA NO\u017bA.<\/h3>\n<\/td>\n<\/tr>\n<tr>\n<td>\u00a0<\/td>\n<\/tr>\n<tr>\n<td colspan=\"2\">\n<p>Przy zakupie kilku produkt\u00f3w w naszym sklepie za przesy\u0142k\u0119 zap\u0142ac\u0105 Pa\u0144stwo tylko raz.<\/p>\n<p>W naszym sklepie internetowym znajd\u0105 pa\u0144stwo szeroki asortyment cz\u0119\u015bci do:<\/p>\n<ul>\n<li>pilarek spalinowych i elektrycznych wielu marek m.in. stihl, husqvarna, dolmar, makita, oleo mac, solo, jonserad itp.<\/li>\n<li>kos spalinowych ww. marek<\/li>\n<li>kosiarek spalinowych z silnikami briggs &amp; stratton, loncin, honda<\/li>\n<li>przecinarek do betonu<\/li>\n<li>maszyn budowlanych wacker<\/li>\n<li>wielu innych maszyn i urz\u0105dze\u0144 wykorzystywanych w przydomowych pracach<\/li>\n<li>oraz pilniki, \u0142a\u0144cuchy, prowadnice, oleje, \u015brodki ochrony osobistej i wiele innych produkt\u00f3w i urz\u0105dze\u0144 pomocnych przy pracy w lesie, domu czy ogrodzie.<\/li>\n<\/ul>\n<p>Ci\u0105gle poszerzamy nasz\u0105 ofert\u0119 o nowe produkty, poszukuj\u0105c jak najlepszych rozwi\u0105za\u0144 dla naszych klient\u00f3w.<\/p>\n<\/td>\n<\/tr>\n<tr>\n<td>\u00a0<\/td>\n<\/tr>\n<\/table>\n","protected":false},"excerpt":{"rendered":"<p>TARCZA DRUCIANA PROSTA STIHL FS56 FS70 FS130 FS240<\/p>\n","protected":false},"featured_media":3151,"comment_status":"open","ping_status":"closed","template":"","meta":[],"product_brand":[],"product_cat":[29],"product_tag":[],"class_list":{"0":"post-3152","1":"product","2":"type-product","3":"status-publish","4":"has-post-thumbnail","6":"product_cat-narzedzia-tnace","8":"first","9":"instock","10":"taxable","11":"shipping-taxable","12":"purchasable","13":"product-type-simple"},"_links":{"self":[{"href":"https:\/\/precto.pl\/sklep\/wp-json\/wp\/v2\/product\/3152","targetHints":{"allow":["GET"]}}],"collection":[{"href":"https:\/\/precto.pl\/sklep\/wp-json\/wp\/v2\/product"}],"about":[{"href":"https:\/\/precto.pl\/sklep\/wp-json\/wp\/v2\/types\/product"}],"replies":[{"embeddable":true,"href":"https:\/\/precto.pl\/sklep\/wp-json\/wp\/v2\/comments?post=3152"}],"wp:featuredmedia":[{"embeddable":true,"href":"https:\/\/precto.pl\/sklep\/wp-json\/wp\/v2\/media\/3151"}],"wp:attachment":[{"href":"https:\/\/precto.pl\/sklep\/wp-json\/wp\/v2\/media?parent=3152"}],"wp:term":[{"taxonomy":"product_brand","embeddable":true,"href":"https:\/\/precto.pl\/sklep\/wp-json\/wp\/v2\/product_brand?post=3152"},{"taxonomy":"product_cat","embeddable":true,"href":"https:\/\/precto.pl\/sklep\/wp-json\/wp\/v2\/product_cat?post=3152"},{"taxonomy":"product_tag","embeddable":true,"href":"https:\/\/precto.pl\/sklep\/wp-json\/wp\/v2\/product_tag?post=3152"}],"curies":[{"name":"wp","href":"https:\/\/api.w.org\/{rel}","templated":true}]}}