{"id":289,"date":"2022-01-18T05:37:12","date_gmt":"2022-01-18T04:37:12","guid":{"rendered":"https:\/\/precto.pl\/sklep\/produkt\/przecinarka-metal-pila-ukosnica-dedra-2300w-355mm\/"},"modified":"2022-10-06T12:03:25","modified_gmt":"2022-10-06T10:03:25","slug":"przecinarka-metal-pila-ukosnica-dedra-2300w-355mm","status":"publish","type":"product","link":"https:\/\/precto.pl\/sklep\/przecinarka-metal-pila-ukosnica-dedra-2300w-355mm\/","title":{"rendered":"Przecinarka metal pi\u0142a uko\u015bnica DEDRA 2300W 355mm"},"content":{"rendered":"<table width=\"100%\">\n<tr>\n<td width=\"50%\">\n<p>Tarczowa przecinarka do metalu s\u0142u\u017cy do ci\u0119cia metali, rur stalowych, \u017celiwnych, kszta\u0142townik\u00f3w, pr\u0119t\u00f3w stalowych oraz tym podobnych element\u00f3w. Za pomoc\u0105 przecinarki jeste\u015bmy w stanie wykona\u0107 ci\u0119cie prostopad\u0142e jak i pod k\u0105tem 45 stopni. W celu zwi\u0119kszenia bezpiecze\u0144stwa przecinarka zosta\u0142a wyposa\u017cona w wolny start.<\/p>\n<p><b>Cechy:<\/b><\/p>\n<ul>\n<li>Wolny start<\/li>\n<li>Mo\u017cliwo\u015b\u0107 ci\u0119cia pod k\u0105tem 45 stopni<\/li>\n<li>Mo\u017cliwo\u015b\u0107 zamocowania do blatu<\/li>\n<li>Tarcza do ci\u0119cia w zestawie<\/li>\n<\/ul>\n<p><b>Dane techniczne:<\/b><\/p>\n<ul>\n<li>Napi\u0119cie: 230V<\/li>\n<li>Cz\u0119stotliwo\u015b\u0107: 50 Hz<\/li>\n<li>Moc silnika: 2300W<\/li>\n<li>Pr\u0119dko\u015b\u0107 obrotowa: 4300 obr\/min<\/li>\n<li>\u015arednica tarczy: 355 mm<\/li>\n<li>\u015arednica otworu tarczy: 25,4 mm<\/li>\n<li>Maksymalna wysoko\u015b\u0107 ci\u0119tego materia\u0142u pod k\u0105tem 90 stopni: 130 mm<\/li>\n<li>Maksymalna wysoko\u015b\u0107 ci\u0119tego materia\u0142u pod k\u0105tem 45 stopni: 115 mm<\/li>\n<li>Waga: 11,5 kg<\/li>\n<\/ul>\n<p><b>Kompletacja:<\/b><\/p>\n<ul>\n<li>Tarcza do ci\u0119cia<\/li>\n<\/ul>\n<\/td>\n<\/tr>\n<tr>\n<td>\u00a0<\/td>\n<\/tr>\n<\/table>\n","protected":false},"excerpt":{"rendered":"<p>Przecinarka metal pi\u0142a uko\u015bnica DEDRA 2300W 355mm<\/p>\n","protected":false},"featured_media":288,"comment_status":"open","ping_status":"closed","template":"","meta":[],"product_brand":[],"product_cat":[33],"product_tag":[],"class_list":{"0":"post-289","1":"product","2":"type-product","3":"status-publish","4":"has-post-thumbnail","6":"product_cat-narzedzia-dedra","8":"first","9":"instock","10":"taxable","11":"shipping-taxable","12":"purchasable","13":"product-type-simple"},"_links":{"self":[{"href":"https:\/\/precto.pl\/sklep\/wp-json\/wp\/v2\/product\/289","targetHints":{"allow":["GET"]}}],"collection":[{"href":"https:\/\/precto.pl\/sklep\/wp-json\/wp\/v2\/product"}],"about":[{"href":"https:\/\/precto.pl\/sklep\/wp-json\/wp\/v2\/types\/product"}],"replies":[{"embeddable":true,"href":"https:\/\/precto.pl\/sklep\/wp-json\/wp\/v2\/comments?post=289"}],"wp:featuredmedia":[{"embeddable":true,"href":"https:\/\/precto.pl\/sklep\/wp-json\/wp\/v2\/media\/288"}],"wp:attachment":[{"href":"https:\/\/precto.pl\/sklep\/wp-json\/wp\/v2\/media?parent=289"}],"wp:term":[{"taxonomy":"product_brand","embeddable":true,"href":"https:\/\/precto.pl\/sklep\/wp-json\/wp\/v2\/product_brand?post=289"},{"taxonomy":"product_cat","embeddable":true,"href":"https:\/\/precto.pl\/sklep\/wp-json\/wp\/v2\/product_cat?post=289"},{"taxonomy":"product_tag","embeddable":true,"href":"https:\/\/precto.pl\/sklep\/wp-json\/wp\/v2\/product_tag?post=289"}],"curies":[{"name":"wp","href":"https:\/\/api.w.org\/{rel}","templated":true}]}}