{"id":2794,"date":"2022-01-18T06:26:49","date_gmt":"2022-01-18T05:26:49","guid":{"rendered":"https:\/\/precto.pl\/sklep\/produkt\/zestaw-membran-gnd-35-makita-dcs-34-dolmar-ps-34\/"},"modified":"2022-11-13T08:58:17","modified_gmt":"2022-11-13T07:58:17","slug":"zestaw-membran-gnd-35-makita-dcs-34-dolmar-ps-34","status":"publish","type":"product","link":"https:\/\/precto.pl\/sklep\/zestaw-membran-gnd-35-makita-dcs-34-dolmar-ps-34\/","title":{"rendered":"ZESTAW MEMBRAN GND-35 MAKITA DCS 34 DOLMAR PS 34"},"content":{"rendered":"<table width=\"100%\">\n<tr>\n<td width=\"50%\">\n<h3>ZESTAW MEMBRAN GND-35 MAKITA DCS 34 DOLMAR PS 34<\/h3>\n<p><b>PRODUKT NOWY, NIE U\u017bYWANY, GOTOWY DO MONTA\u017bU<\/b><\/p>\n<p><b>DO GA\u0179NIK\u00d3W ZAMA:C1Q-EL21\u00a0 | C1Q-EL22A\u00a0 | C1Q-EL23 | C1Q-S11G\u00a0 | ZAMA C1Q-DM9B\u00a0 | C1Q-DM15A\u00a0 | C1Q-S246<\/b><\/p>\n<p>NUMER KATALOGOWY :\u00a0GND-27<\/p>\n<p><b>PASUJE DO MASZYN :<\/b><\/p>\n<ul>\n<li><b>Husqvarna 345Fx\/343F<\/b><\/li>\n<li><b>Husqvarna 343R\/345R<\/b><\/li>\n<li><b>Husqvarna 343R\/345RX<\/b><\/li>\n<li><b>Dolmar P34, Makita DCS34<\/b><\/li>\n<li><b>Stihl 021\/023\/025<\/b><\/li>\n<li><b>Makita DCS 34, Dolmar PS 34\/ 36\/ 41\/ 45<\/b><\/li>\n<\/ul>\n<\/td>\n<\/tr>\n<tr>\n<td>\u00a0<\/td>\n<\/tr>\n<tr>\n<td colspan=\"2\">\n<p>Przy zakupie kilku produkt\u00f3w w naszym sklepie za przesy\u0142k\u0119 zap\u0142ac\u0105 Pa\u0144stwo tylko raz.<\/p>\n<p>W naszym sklepie internetowym znajd\u0105 pa\u0144stwo szeroki asortyment cz\u0119\u015bci do:<\/p>\n<ul>\n<li>pilarek spalinowych i elektrycznych wielu marek m.in. stihl, husqvarna, dolmar, makita, oleo mac, solo, jonserad itp.<\/li>\n<li>kos spalinowych ww. marek<\/li>\n<li>kosiarek spalinowych z silnikami briggs &amp; stratton, loncin, honda<\/li>\n<li>przecinarek do betonu<\/li>\n<li>maszyn budowlanych wacker<\/li>\n<li>wielu innych maszyn i urz\u0105dze\u0144 wykorzystywanych w przydomowych pracach<\/li>\n<li>oraz pilniki, \u0142a\u0144cuchy, prowadnice, oleje, \u015brodki ochrony osobistej i wiele innych produkt\u00f3w i urz\u0105dze\u0144 pomocnych przy pracy w lesie, domu czy ogrodzie.<\/li>\n<\/ul>\n<p>Ci\u0105gle poszerzamy nasz\u0105 ofert\u0119 o nowe produkty, poszukuj\u0105c jak najlepszych rozwi\u0105za\u0144 dla naszych klient\u00f3w.<\/p>\n<\/td>\n<\/tr>\n<tr>\n<td>\u00a0<\/td>\n<\/tr>\n<\/table>\n","protected":false},"excerpt":{"rendered":"<p>ZESTAW MEMBRAN GND-35 MAKITA DCS 34 DOLMAR PS 34<\/p>\n","protected":false},"featured_media":2793,"comment_status":"open","ping_status":"closed","template":"","meta":[],"product_brand":[],"product_cat":[37],"product_tag":[],"class_list":{"0":"post-2794","1":"product","2":"type-product","3":"status-publish","4":"has-post-thumbnail","6":"product_cat-gazniki-czesci-do-pilarek-spalinowych","8":"first","9":"instock","10":"taxable","11":"shipping-taxable","12":"purchasable","13":"product-type-simple"},"_links":{"self":[{"href":"https:\/\/precto.pl\/sklep\/wp-json\/wp\/v2\/product\/2794","targetHints":{"allow":["GET"]}}],"collection":[{"href":"https:\/\/precto.pl\/sklep\/wp-json\/wp\/v2\/product"}],"about":[{"href":"https:\/\/precto.pl\/sklep\/wp-json\/wp\/v2\/types\/product"}],"replies":[{"embeddable":true,"href":"https:\/\/precto.pl\/sklep\/wp-json\/wp\/v2\/comments?post=2794"}],"wp:featuredmedia":[{"embeddable":true,"href":"https:\/\/precto.pl\/sklep\/wp-json\/wp\/v2\/media\/2793"}],"wp:attachment":[{"href":"https:\/\/precto.pl\/sklep\/wp-json\/wp\/v2\/media?parent=2794"}],"wp:term":[{"taxonomy":"product_brand","embeddable":true,"href":"https:\/\/precto.pl\/sklep\/wp-json\/wp\/v2\/product_brand?post=2794"},{"taxonomy":"product_cat","embeddable":true,"href":"https:\/\/precto.pl\/sklep\/wp-json\/wp\/v2\/product_cat?post=2794"},{"taxonomy":"product_tag","embeddable":true,"href":"https:\/\/precto.pl\/sklep\/wp-json\/wp\/v2\/product_tag?post=2794"}],"curies":[{"name":"wp","href":"https:\/\/api.w.org\/{rel}","templated":true}]}}