{"id":266,"date":"2022-01-18T05:36:41","date_gmt":"2022-01-18T04:36:41","guid":{"rendered":"https:\/\/precto.pl\/sklep\/produkt\/przekladnia-katowa-stihl-fs-160-180-220-280-290-fv\/"},"modified":"2022-10-06T11:16:20","modified_gmt":"2022-10-06T09:16:20","slug":"przekladnia-katowa-stihl-fs-160-180-220-280-290-fv","status":"publish","type":"product","link":"https:\/\/precto.pl\/sklep\/przekladnia-katowa-stihl-fs-160-180-220-280-290-fv\/","title":{"rendered":"PRZEK\u0141ADNIA K\u0104TOWA STIHL FS 160 180 220 280 290 FV"},"content":{"rendered":"<table width=\"100%\">\n<tr>\n<td width=\"50%\">\n<h3>PRZEK\u0141ADNIA K\u0104TOWA STIHL FS 160 180 220 280 290 FV<\/h3>\n<p>PRODUKT FABRYCZNIE NOWY<\/p>\n<p>WYSOKIEJ KLASY ZAMIENNIK<\/p>\n<p>MODELE :<\/p>\n<h3>STIHL<\/h3>\n<ul>\n<li><b>FS 160<\/b><\/li>\n<li><b>FS 180<\/b><\/li>\n<li><b>FS 220<\/b><\/li>\n<li><b>FS 280<\/b><\/li>\n<li><b>FS 290<\/b><\/li>\n<li><b>FS 300<\/b><\/li>\n<li><b>FS 350<\/b><\/li>\n<li><b>FS 380<\/b><\/li>\n<li><b>FS 310<\/b><\/li>\n<li><b>FS 400<\/b><\/li>\n<li><b>FS 450<\/b><\/li>\n<li><b>FS 480<\/b><\/li>\n<\/ul>\n<p><b>NR CZ\u0118\u015aCI ORYGINALNEJ:<\/b><\/p>\n<p>4128 640 0101<\/p>\n<p><b>]<\/b><\/p>\n<\/td>\n<\/tr>\n<tr>\n<td>\u00a0<\/td>\n<\/tr>\n<tr>\n<td colspan=\"2\">\n<p>Przy zakupie kilku produkt\u00f3w w naszym sklepie za przesy\u0142k\u0119 zap\u0142ac\u0105 Pa\u0144stwo tylko raz.<\/p>\n<p>W naszym sklepie internetowym znajd\u0105 pa\u0144stwo szeroki asortyment cz\u0119\u015bci do:<\/p>\n<ul>\n<li>pilarek spalinowych i elektrycznych wielu marek m.in. stihl, husqvarna, dolmar, makita, oleo mac, solo, jonserad itp.<\/li>\n<li>kos spalinowych ww. marek<\/li>\n<li>kosiarek spalinowych z silnikami briggs &amp; stratton, loncin, honda<\/li>\n<li>przecinarek do betonu<\/li>\n<li>maszyn budowlanych wacker<\/li>\n<li>wielu innych maszyn i urz\u0105dze\u0144 wykorzystywanych w przydomowych pracach<\/li>\n<li>oraz pilniki, \u0142a\u0144cuchy, prowadnice, oleje, \u015brodki ochrony osobistej i wiele innych produkt\u00f3w i urz\u0105dze\u0144 pomocnych przy pracy w lesie, domu czy ogrodzie.<\/li>\n<\/ul>\n<p>Ci\u0105gle poszerzamy nasz\u0105 ofert\u0119 o nowe produkty, poszukuj\u0105c jak najlepszych rozwi\u0105za\u0144 dla naszych klient\u00f3w.<\/p>\n<\/td>\n<\/tr>\n<tr>\n<td>\u00a0<\/td>\n<\/tr>\n<\/table>\n","protected":false},"excerpt":{"rendered":"<p>PRZEK\u0141ADNIA K\u0104TOWA STIHL FS 160 180 220 280 290 FV<\/p>\n","protected":false},"featured_media":265,"comment_status":"open","ping_status":"closed","template":"","meta":[],"product_brand":[],"product_cat":[65],"product_tag":[],"class_list":{"0":"post-266","1":"product","2":"type-product","3":"status-publish","4":"has-post-thumbnail","6":"product_cat-rury-walki-kierownice-manetki-przekladnie","8":"first","9":"instock","10":"taxable","11":"shipping-taxable","12":"purchasable","13":"product-type-simple"},"_links":{"self":[{"href":"https:\/\/precto.pl\/sklep\/wp-json\/wp\/v2\/product\/266","targetHints":{"allow":["GET"]}}],"collection":[{"href":"https:\/\/precto.pl\/sklep\/wp-json\/wp\/v2\/product"}],"about":[{"href":"https:\/\/precto.pl\/sklep\/wp-json\/wp\/v2\/types\/product"}],"replies":[{"embeddable":true,"href":"https:\/\/precto.pl\/sklep\/wp-json\/wp\/v2\/comments?post=266"}],"wp:featuredmedia":[{"embeddable":true,"href":"https:\/\/precto.pl\/sklep\/wp-json\/wp\/v2\/media\/265"}],"wp:attachment":[{"href":"https:\/\/precto.pl\/sklep\/wp-json\/wp\/v2\/media?parent=266"}],"wp:term":[{"taxonomy":"product_brand","embeddable":true,"href":"https:\/\/precto.pl\/sklep\/wp-json\/wp\/v2\/product_brand?post=266"},{"taxonomy":"product_cat","embeddable":true,"href":"https:\/\/precto.pl\/sklep\/wp-json\/wp\/v2\/product_cat?post=266"},{"taxonomy":"product_tag","embeddable":true,"href":"https:\/\/precto.pl\/sklep\/wp-json\/wp\/v2\/product_tag?post=266"}],"curies":[{"name":"wp","href":"https:\/\/api.w.org\/{rel}","templated":true}]}}