{"id":2617,"date":"2022-01-18T06:23:16","date_gmt":"2022-01-18T05:23:16","guid":{"rendered":"https:\/\/precto.pl\/sklep\/produkt\/zestaw-membrany-stihl-fs-240-fs-260-fs-360-fs-410\/"},"modified":"2022-10-06T11:10:06","modified_gmt":"2022-10-06T09:10:06","slug":"zestaw-membrany-stihl-fs-240-fs-260-fs-360-fs-410","status":"publish","type":"product","link":"https:\/\/precto.pl\/sklep\/zestaw-membrany-stihl-fs-240-fs-260-fs-360-fs-410\/","title":{"rendered":"ZESTAW MEMBRANY STIHL FS 240 FS 260 FS 360 FS 410"},"content":{"rendered":"<table width=\"100%\">\n<tr>\n<td width=\"50%\">\n<h3>ZESTAW MEMBRANY STIHL FS 240 FS 260 FS 360 FS 410<\/h3>\n<p><b>PRODUKT NOWY, ORYGINALNY, NIE U\u017bYWANY, GOTOWY DO MONTA\u017bU<\/b><\/p>\n<p><b>DO GA\u0179NIK\u00d3W WALBRO : WTF-2A, WTF-4A, WTF-6A, WTF-7A, WTF-10A<\/b><\/p>\n<p>NUMER KATALOGOWY :\u00a01143 007 1700,\u00a04147 007 1700<\/p>\n<p><b>PASUJE DO MASZYN :<\/b><\/p>\n<ul>\n<li>STIHL MS 231 MS 251 MS 241<\/li>\n<li>STIHL\u00a0FS 240, FS 240 C, FS 240 R, FS 240 RC, FS 260, FS 260 C, FS 260 R, FS 260 RC<\/li>\n<li>STIHL\u00a0FS 360 C, FS 410 C<\/li>\n<li>STIHL\u00a0FS 460 C, FS 460 RC<\/li>\n<\/ul>\n<\/td>\n<\/tr>\n<tr>\n<td>\u00a0<\/td>\n<\/tr>\n<tr>\n<td colspan=\"2\">\n<p>Przy zakupie kilku produkt\u00f3w w naszym sklepie za przesy\u0142k\u0119 zap\u0142ac\u0105 Pa\u0144stwo tylko raz.<\/p>\n<p>W naszym sklepie internetowym znajd\u0105 pa\u0144stwo szeroki asortyment cz\u0119\u015bci do:<\/p>\n<ul>\n<li>pilarek spalinowych i elektrycznych wielu marek m.in. stihl, husqvarna, dolmar, makita, oleo mac, solo, jonserad itp.<\/li>\n<li>kos spalinowych ww. marek<\/li>\n<li>kosiarek spalinowych z silnikami briggs &amp; stratton, loncin, honda<\/li>\n<li>przecinarek do betonu<\/li>\n<li>maszyn budowlanych wacker<\/li>\n<li>wielu innych maszyn i urz\u0105dze\u0144 wykorzystywanych w przydomowych pracach<\/li>\n<li>oraz pilniki, \u0142a\u0144cuchy, prowadnice, oleje, \u015brodki ochrony osobistej i wiele innych produkt\u00f3w i urz\u0105dze\u0144 pomocnych przy pracy w lesie, domu czy ogrodzie.<\/li>\n<\/ul>\n<p>Ci\u0105gle poszerzamy nasz\u0105 ofert\u0119 o nowe produkty, poszukuj\u0105c jak najlepszych rozwi\u0105za\u0144 dla naszych klient\u00f3w.<\/p>\n<\/td>\n<\/tr>\n<tr>\n<td>\u00a0<\/td>\n<\/tr>\n<\/table>\n","protected":false},"excerpt":{"rendered":"<p>ZESTAW MEMBRANY STIHL FS 240 FS 260 FS 360 FS 410<\/p>\n","protected":false},"featured_media":2616,"comment_status":"open","ping_status":"closed","template":"","meta":[],"product_brand":[],"product_cat":[27],"product_tag":[],"class_list":{"0":"post-2617","1":"product","2":"type-product","3":"status-publish","4":"has-post-thumbnail","6":"product_cat-gazniki","8":"first","9":"instock","10":"taxable","11":"shipping-taxable","12":"purchasable","13":"product-type-simple"},"_links":{"self":[{"href":"https:\/\/precto.pl\/sklep\/wp-json\/wp\/v2\/product\/2617","targetHints":{"allow":["GET"]}}],"collection":[{"href":"https:\/\/precto.pl\/sklep\/wp-json\/wp\/v2\/product"}],"about":[{"href":"https:\/\/precto.pl\/sklep\/wp-json\/wp\/v2\/types\/product"}],"replies":[{"embeddable":true,"href":"https:\/\/precto.pl\/sklep\/wp-json\/wp\/v2\/comments?post=2617"}],"wp:featuredmedia":[{"embeddable":true,"href":"https:\/\/precto.pl\/sklep\/wp-json\/wp\/v2\/media\/2616"}],"wp:attachment":[{"href":"https:\/\/precto.pl\/sklep\/wp-json\/wp\/v2\/media?parent=2617"}],"wp:term":[{"taxonomy":"product_brand","embeddable":true,"href":"https:\/\/precto.pl\/sklep\/wp-json\/wp\/v2\/product_brand?post=2617"},{"taxonomy":"product_cat","embeddable":true,"href":"https:\/\/precto.pl\/sklep\/wp-json\/wp\/v2\/product_cat?post=2617"},{"taxonomy":"product_tag","embeddable":true,"href":"https:\/\/precto.pl\/sklep\/wp-json\/wp\/v2\/product_tag?post=2617"}],"curies":[{"name":"wp","href":"https:\/\/api.w.org\/{rel}","templated":true}]}}