{"id":2571,"date":"2022-01-18T06:22:28","date_gmt":"2022-01-18T05:22:28","guid":{"rendered":"https:\/\/precto.pl\/sklep\/produkt\/zylka-kosa-oregon-flexiblade-sr-40mm-dl-10-metrow\/"},"modified":"2022-10-06T11:10:21","modified_gmt":"2022-10-06T09:10:21","slug":"zylka-kosa-oregon-flexiblade-sr-40mm-dl-10-metrow","status":"publish","type":"product","link":"https:\/\/precto.pl\/sklep\/zylka-kosa-oregon-flexiblade-sr-40mm-dl-10-metrow\/","title":{"rendered":"\u017bY\u0141KA KOSA OREGON FLEXIBLADE \u015aR 4,0MM D\u0141 10 METR\u00d3W"},"content":{"rendered":"<table width=\"100%\">\n<tr>\n<td width=\"50%\">\n<h3>\u017bY\u0141KA KOSA OREGON FLEXIBLADE \u015aR 4,0MM D\u0141 10 METR\u00d3W<\/h3>\n<p>PRODUCENT : OREGON<\/p>\n<p>PRZEKR\u00d3J : KWADRAT<\/p>\n<p>GRUBO\u015a\u0106 : 4,0 MM<\/p>\n<p>D\u0141UGO\u015a\u0106 : 10 METR\u00d3W<\/p>\n<p><b>\u017bY\u0141KI O MNIEJSZEJ D\u0141UGO\u015aCI NI\u017b CA\u0141A SZPULA S\u0104 CI\u0118TE Z PE\u0141NEJ SZPULI.<\/b><\/p>\n<p>Wyj\u0105tkowo wytrzyma\u0142y rdze\u0144 \u017cy\u0142ki tn\u0105cej otoczony jest z obu stron wzmocnionym z\u0105bkowanym poszyciem, kt\u00f3re podczas koszenia dzia\u0142a jak ostrze pi\u0142y, gdzie wiele ostrych kraw\u0119dzi r\u00f3wnocze\u015bnie i bezpo\u015brednio oddzia\u0142uje na ci\u0119t\u0105 powierzchni\u0119. Karbowana powierzchnia umo\u017cliwia wykaszanie g\u0119stych zaro\u015bli, takich jak wysokie i bujne trawy, g\u0119ste krzaki czy je\u017cyny, pozostawiaj\u0105c po skoszeniu zawsze g\u0142adk\u0105 i r\u00f3wn\u0105 powierzchni\u0119.<\/p>\n<p><b>\u017by\u0142ka do kosOREGON<\/b>\u00ae <b>Flexiblade\u2122<\/b> to technologiczna rewolucja w koszeniu, \u0142\u0105cz\u0105ca wydajno\u015b\u0107 tarczy tn\u0105cej z elastyczno\u015bci\u0105 i wygod\u0105 \u017cy\u0142ki nylonowej. Opatentowany system tn\u0105cy zapewnia moc, kt\u00f3ra bez wysi\u0142ku umo\u017cliwia \u015bcinanie \u0142odyg ro\u015blin i chwast\u00f3w o \u015brednicy do 20 mm. Jednocze\u015bnie wyr\u00f3\u017cniaj\u0105c si\u0119 doskona\u0142\u0105 wydajno\u015bci\u0105 koszenia w ka\u017cdych warunkach.<\/p>\n<\/td>\n<\/tr>\n<tr>\n<td>\u00a0<\/td>\n<\/tr>\n<tr>\n<td width=\"50%\">\n<h2>Przeznaczenie \u017cy\u0142ki tn\u0105cej OREGON Flexiblade:<\/h2>\n<p>+ Wykaszanie trawnik\u00f3w o du\u017cym i bardzo du\u017cym poziomie zachwaszczenia.<\/p>\n<p>+ Wykaszanie wysokich traw, grubych chwast\u00f3w i zaro\u015bli.<\/p>\n<p>+ Wykaszanie ro\u015blin i chwast\u00f3w o \u0142odygach grubych do 20 mm \u015brednicy.<\/p>\n<p>+ Profesjonalne koszenie du\u017cych powierzchni i teren\u00f3w przydro\u017cnych.<\/p>\n<p>+ Nieregularne koszenie \u0142\u0105k i nieu\u017cytk\u00f3w.<\/p>\n<p>+ Koszenie w warunkach niepozwalaj\u0105cych na u\u017cycie tarczy tn\u0105cej.<\/p>\n<\/td>\n<\/tr>\n<tr>\n<td>\u00a0<\/td>\n<\/tr>\n<tr>\n<td colspan=\"2\">\n<p>Przy zakupie kilku produkt\u00f3w w naszym sklepie za przesy\u0142k\u0119 zap\u0142ac\u0105 Pa\u0144stwo tylko raz.<\/p>\n<p>W naszym sklepie internetowym znajd\u0105 pa\u0144stwo szeroki asortyment cz\u0119\u015bci do:<\/p>\n<ul>\n<li>pilarek spalinowych i elektrycznych wielu marek m.in. stihl, husqvarna, dolmar, makita, oleo mac, solo, jonserad itp.<\/li>\n<li>kos spalinowych ww. marek<\/li>\n<li>kosiarek spalinowych z silnikami briggs &amp; stratton, loncin, honda<\/li>\n<li>przecinarek do betonu<\/li>\n<li>maszyn budowlanych wacker<\/li>\n<li>wielu innych maszyn i urz\u0105dze\u0144 wykorzystywanych w przydomowych pracach<\/li>\n<li>oraz pilniki, \u0142a\u0144cuchy, prowadnice, oleje, \u015brodki ochrony osobistej i wiele innych produkt\u00f3w i urz\u0105dze\u0144 pomocnych przy pracy w lesie, domu czy ogrodzie.<\/li>\n<\/ul>\n<p>Ci\u0105gle poszerzamy nasz\u0105 ofert\u0119 o nowe produkty, poszukuj\u0105c jak najlepszych rozwi\u0105za\u0144 dla naszych klient\u00f3w.<\/p>\n<\/td>\n<\/tr>\n<tr>\n<td>\u00a0<\/td>\n<\/tr>\n<\/table>\n","protected":false},"excerpt":{"rendered":"<p>\u017bY\u0141KA KOSA OREGON FLEXIBLADE \u015aR 4,0MM D\u0141 10 METR\u00d3W<\/p>\n","protected":false},"featured_media":2569,"comment_status":"open","ping_status":"closed","template":"","meta":[],"product_brand":[],"product_cat":[23],"product_tag":[],"class_list":{"0":"post-2571","1":"product","2":"type-product","3":"status-publish","4":"has-post-thumbnail","6":"product_cat-zylki","8":"first","9":"instock","10":"taxable","11":"shipping-taxable","12":"purchasable","13":"product-type-simple"},"_links":{"self":[{"href":"https:\/\/precto.pl\/sklep\/wp-json\/wp\/v2\/product\/2571","targetHints":{"allow":["GET"]}}],"collection":[{"href":"https:\/\/precto.pl\/sklep\/wp-json\/wp\/v2\/product"}],"about":[{"href":"https:\/\/precto.pl\/sklep\/wp-json\/wp\/v2\/types\/product"}],"replies":[{"embeddable":true,"href":"https:\/\/precto.pl\/sklep\/wp-json\/wp\/v2\/comments?post=2571"}],"wp:featuredmedia":[{"embeddable":true,"href":"https:\/\/precto.pl\/sklep\/wp-json\/wp\/v2\/media\/2569"}],"wp:attachment":[{"href":"https:\/\/precto.pl\/sklep\/wp-json\/wp\/v2\/media?parent=2571"}],"wp:term":[{"taxonomy":"product_brand","embeddable":true,"href":"https:\/\/precto.pl\/sklep\/wp-json\/wp\/v2\/product_brand?post=2571"},{"taxonomy":"product_cat","embeddable":true,"href":"https:\/\/precto.pl\/sklep\/wp-json\/wp\/v2\/product_cat?post=2571"},{"taxonomy":"product_tag","embeddable":true,"href":"https:\/\/precto.pl\/sklep\/wp-json\/wp\/v2\/product_tag?post=2571"}],"curies":[{"name":"wp","href":"https:\/\/api.w.org\/{rel}","templated":true}]}}