{"id":2481,"date":"2022-01-18T06:20:58","date_gmt":"2022-01-18T05:20:58","guid":{"rendered":"https:\/\/precto.pl\/sklep\/produkt\/zylka-kosa-spal-30-mm-56-metr-dwa-tworz-dou-twist\/"},"modified":"2022-10-06T11:10:33","modified_gmt":"2022-10-06T09:10:33","slug":"zylka-kosa-spal-30-mm-56-metr-dwa-tworz-dou-twist","status":"publish","type":"product","link":"https:\/\/precto.pl\/sklep\/zylka-kosa-spal-30-mm-56-metr-dwa-tworz-dou-twist\/","title":{"rendered":"\u017bY\u0141KA KOSA SPAL 3,0 MM 56 METR DWA TWORZ DOU TWIST"},"content":{"rendered":"<table width=\"100%\">\n<tr>\n<td width=\"50%\">\n<h3>\u017bY\u0141KA KOSA SPAL 3,0 MM 56 METR 2 TWORZYWA DOU TWIST<\/h3>\n<p><b>PRODUCENT : DOLPIMA<\/b><\/p>\n<p><b>PRZEKR\u00d3J : KWADRAT &#8211; SKR\u0118CANA<\/b><\/p>\n<p><b>\u015aREDNICA : 3,0 MM<\/b><\/p>\n<p><b>D\u0141UGO\u015a\u0106 W METRACH : 56<\/b><\/p>\n<p><b>\u017by\u0142ka wykonana z dw\u00f3ch materia\u0142\u00f3w spe\u0142niaj\u0105cych dwie r\u00f3\u017cne funkcje przez co cechuje j\u0105 niezwyk\u0142a wytrzyma\u0142o\u015b\u0107, odporno\u015b\u0107 na \u015bcieranie i najwy\u017csze w\u0142a\u015bciwo\u015bci tn\u0105ce w najtrudniejszych warunkach.<\/b><\/p>\n<p><b>Kszta\u0142t kwadratu podwy\u017csza w\u0142a\u015bciwo\u015bci tn\u0105ce i wytrzyma\u0142o\u015b\u0107 a dodatkowe skr\u0119cenie obni\u017ca poziom ha\u0142asu i podnosi precyzj\u0119 ci\u0119cia.<\/b><\/p>\n<p><b>PASUJE DO WSZYSTKICH RODZAJ\u00d3W G\u0141OWIC KOSZ\u0104CYCH OFEROWANYCH NA RYNKU !!<\/b><\/p>\n<p><b>\u017bY\u0141KA PRZEZNACZONA DO WSZYSTKICH KOS SPALINOWYCH O MOCY POWY\u017bEJ 1,0 KM !!<\/b><\/p>\n<p><b>ZAPRASZAMY NA INNE AUKCJE, GDZIE ZNAJD\u0104 PA\u0143STWO T\u0118 I INNE \u017bY\u0141KI O R\u00d3\u017bNYCH GRUBO\u015aCIACH I D\u0141UGO\u015aCIACH !!<\/b><\/p>\n<\/td>\n<\/tr>\n<tr>\n<td>\u00a0<\/td>\n<\/tr>\n<tr>\n<td colspan=\"2\">\n<p>Przy zakupie kilku produkt\u00f3w w naszym sklepie za przesy\u0142k\u0119 zap\u0142ac\u0105 Pa\u0144stwo tylko raz.<\/p>\n<p>W naszym sklepie internetowym znajd\u0105 pa\u0144stwo szeroki asortyment cz\u0119\u015bci do:<\/p>\n<ul>\n<li>pilarek spalinowych i elektrycznych wielu marek m.in. stihl, husqvarna, dolmar, makita, oleo mac, solo, jonserad itp.<\/li>\n<li>kos spalinowych ww. marek<\/li>\n<li>kosiarek spalinowych z silnikami briggs &amp; stratton, loncin, honda<\/li>\n<li>przecinarek do betonu<\/li>\n<li>maszyn budowlanych wacker<\/li>\n<li>wielu innych maszyn i urz\u0105dze\u0144 wykorzystywanych w przydomowych pracach<\/li>\n<li>oraz pilniki, \u0142a\u0144cuchy, prowadnice, oleje, \u015brodki ochrony osobistej i wiele innych produkt\u00f3w i urz\u0105dze\u0144 pomocnych przy pracy w lesie, domu czy ogrodzie.<\/li>\n<\/ul>\n<p>Ci\u0105gle poszerzamy nasz\u0105 ofert\u0119 o nowe produkty, poszukuj\u0105c jak najlepszych rozwi\u0105za\u0144 dla naszych klient\u00f3w.<\/p>\n<\/td>\n<\/tr>\n<tr>\n<td>\u00a0<\/td>\n<\/tr>\n<\/table>\n","protected":false},"excerpt":{"rendered":"<p>\u017bY\u0141KA KOSA SPAL 3,0 MM 56 METR DWA TWORZ DOU TWIST<\/p>\n","protected":false},"featured_media":2479,"comment_status":"open","ping_status":"closed","template":"","meta":[],"product_brand":[],"product_cat":[23],"product_tag":[],"class_list":{"0":"post-2481","1":"product","2":"type-product","3":"status-publish","4":"has-post-thumbnail","6":"product_cat-zylki","8":"first","9":"instock","10":"taxable","11":"shipping-taxable","12":"purchasable","13":"product-type-simple"},"_links":{"self":[{"href":"https:\/\/precto.pl\/sklep\/wp-json\/wp\/v2\/product\/2481","targetHints":{"allow":["GET"]}}],"collection":[{"href":"https:\/\/precto.pl\/sklep\/wp-json\/wp\/v2\/product"}],"about":[{"href":"https:\/\/precto.pl\/sklep\/wp-json\/wp\/v2\/types\/product"}],"replies":[{"embeddable":true,"href":"https:\/\/precto.pl\/sklep\/wp-json\/wp\/v2\/comments?post=2481"}],"wp:featuredmedia":[{"embeddable":true,"href":"https:\/\/precto.pl\/sklep\/wp-json\/wp\/v2\/media\/2479"}],"wp:attachment":[{"href":"https:\/\/precto.pl\/sklep\/wp-json\/wp\/v2\/media?parent=2481"}],"wp:term":[{"taxonomy":"product_brand","embeddable":true,"href":"https:\/\/precto.pl\/sklep\/wp-json\/wp\/v2\/product_brand?post=2481"},{"taxonomy":"product_cat","embeddable":true,"href":"https:\/\/precto.pl\/sklep\/wp-json\/wp\/v2\/product_cat?post=2481"},{"taxonomy":"product_tag","embeddable":true,"href":"https:\/\/precto.pl\/sklep\/wp-json\/wp\/v2\/product_tag?post=2481"}],"curies":[{"name":"wp","href":"https:\/\/api.w.org\/{rel}","templated":true}]}}