{"id":2470,"date":"2022-01-18T06:20:46","date_gmt":"2022-01-18T05:20:46","guid":{"rendered":"https:\/\/precto.pl\/sklep\/produkt\/zylka-kosa-oregon-duoline-z-drutem-35mm-84m-mocna\/"},"modified":"2022-10-06T11:10:35","modified_gmt":"2022-10-06T09:10:35","slug":"zylka-kosa-oregon-duoline-z-drutem-35mm-84m-mocna","status":"publish","type":"product","link":"https:\/\/precto.pl\/sklep\/zylka-kosa-oregon-duoline-z-drutem-35mm-84m-mocna\/","title":{"rendered":"\u017bY\u0141KA KOSA OREGON DUOLINE Z DRUTEM 3,5MM 84M MOCNA"},"content":{"rendered":"<table width=\"100%\">\n<tr>\n<td width=\"50%\">\n<h3>\u017bY\u0141KA KOSA OREGON DOULINE Z DRUTEM 3,5MM 84M MOCNA<\/h3>\n<p>PRODUCENT : OREGON<\/p>\n<p>PRZEKR\u00d3J : OKR\u0104G\u0141A<\/p>\n<p>GRUBO\u015a\u0106 : 3,5 MM<\/p>\n<p>D\u0141UGO\u015a\u0106 : 84 METRY ( PE\u0141NA SZPULA)<\/p>\n<p><b>\u017by\u0142ka do kos<\/b>\u00a0i podkaszarek\u00a0<b>OREGON<\/b>\u00ae\u00a0<b>Duoline<\/b>\u00a0\u0142\u0105czy w sobie cechy dw\u00f3ch materia\u0142\u00f3w o r\u00f3\u017cnych w\u0142a\u015bciwo\u015bciach fizycznych, zapewniaj\u0105c bardzo wysok\u0105 trwa\u0142o\u015b\u0107 cenion\u0105 przez profesjonalnych, jak i okazjonalnych u\u017cytkownik\u00f3w kos.<\/p>\n<p>\u017by\u0142ka tn\u0105ca Duoline posiada tward\u0105 pow\u0142ok\u0119 o doskona\u0142ej odporno\u015bci na \u015bcieranie oraz syntetyczny rdze\u0144 o du\u017cej wytrwa\u0142o\u015bci na rozerwanie. Wykonano j\u0105 z materia\u0142\u00f3w zwi\u0119kszaj\u0105cych odporno\u015b\u0107 \u017cy\u0142ki na topnienie.<\/p>\n<h2>\u017by\u0142ka do kos OREGON Duoline wyr\u00f3\u017cnia si\u0119 spo\u015br\u00f3d produkt\u00f3w innych marek:<\/h2>\n<p>+ Twardsz\u0105 pow\u0142ok\u0105 o doskona\u0142ej odporno\u015bci na \u015bcieranie.<\/p>\n<p>+ Wytrzyma\u0142ym rdzeniem o du\u017cej odporno\u015bci na rozerwanie.<\/p>\n<p>+ Wysok\u0105 trwa\u0142o\u015bci\u0105.<\/p>\n<p>+ Wysok\u0105 odporno\u015bci\u0105 na zgrzewanie.<\/p>\n<p>+ Optymalnym rozk\u0142adem g\u0119sto\u015bci wzd\u0142u\u017c \u015brednicy.<\/p>\n<h2>Przeznaczenie \u017cy\u0142ki tn\u0105cej OREGON Duoline:<\/h2>\n<p>+ Regularne koszenie przydomowych trawnik\u00f3w.<\/p>\n<p>+ Wykaszanie trawnik\u00f3w o \u015brednim poziomie zachwaszczenia.<\/p>\n<p>+ Nieregularne wykaszanie wysokich traw i \u015bredniej wielko\u015bci zaro\u015bli.<\/p>\n<p>+ Koszenie w warunkach zwi\u0119kszaj\u0105cych ryzyko zerwania \u017cy\u0142ki.<\/p>\n<p>+ Koszenie w wysokich temperaturach pracy.<\/p>\n<\/td>\n<\/tr>\n<tr>\n<td>\u00a0<\/td>\n<\/tr>\n<tr>\n<td width=\"50%\">\n<p>\u017by\u0142ka do kos i podkaszarek OREGON\u00ae Duoline \u0142\u0105czy w sobie cechy dw\u00f3ch materia\u0142\u00f3w o r\u00f3\u017cnych w\u0142a\u015bciwo\u015bciach fizycznych, zapewniaj\u0105c bardzo wysok\u0105 trwa\u0142o\u015b\u0107 cenion\u0105 przez profesjonalnych, jak i okazjonalnych u\u017cytkownik\u00f3w kos.<\/p>\n<p>\u017by\u0142ka tn\u0105ca Duoline posiada tward\u0105 pow\u0142ok\u0119 o doskona\u0142ej odporno\u015bci na \u015bcieranie oraz syntetyczny rdze\u0144 o du\u017cej wytrwa\u0142o\u015bci na rozerwanie. Wykonano j\u0105 z materia\u0142\u00f3w zwi\u0119kszaj\u0105cych odporno\u015b\u0107 \u017cy\u0142ki na topnienie.<\/p>\n<\/td>\n<\/tr>\n<tr>\n<td>\u00a0<\/td>\n<\/tr>\n<tr>\n<td colspan=\"2\">\n<p>Przy zakupie kilku produkt\u00f3w w naszym sklepie za przesy\u0142k\u0119 zap\u0142ac\u0105 Pa\u0144stwo tylko raz.<\/p>\n<p>W naszym sklepie internetowym znajd\u0105 pa\u0144stwo szeroki asortyment cz\u0119\u015bci do:<\/p>\n<ul>\n<li>pilarek spalinowych i elektrycznych wielu marek m.in. stihl, husqvarna, dolmar, makita, oleo mac, solo, jonserad itp.<\/li>\n<li>kos spalinowych ww. marek<\/li>\n<li>kosiarek spalinowych z silnikami briggs &amp; stratton, loncin, honda<\/li>\n<li>przecinarek do betonu<\/li>\n<li>maszyn budowlanych wacker<\/li>\n<li>wielu innych maszyn i urz\u0105dze\u0144 wykorzystywanych w przydomowych pracach<\/li>\n<li>oraz pilniki, \u0142a\u0144cuchy, prowadnice, oleje, \u015brodki ochrony osobistej i wiele innych produkt\u00f3w i urz\u0105dze\u0144 pomocnych przy pracy w lesie, domu czy ogrodzie.<\/li>\n<\/ul>\n<p>Ci\u0105gle poszerzamy nasz\u0105 ofert\u0119 o nowe produkty, poszukuj\u0105c jak najlepszych rozwi\u0105za\u0144 dla naszych klient\u00f3w.<\/p>\n<\/td>\n<\/tr>\n<tr>\n<td>\u00a0<\/td>\n<\/tr>\n<\/table>\n","protected":false},"excerpt":{"rendered":"<p>\u017bY\u0141KA KOSA OREGON DUOLINE Z DRUTEM 3,5MM 84M MOCNA<\/p>\n","protected":false},"featured_media":2468,"comment_status":"open","ping_status":"closed","template":"","meta":[],"product_brand":[],"product_cat":[23],"product_tag":[],"class_list":{"0":"post-2470","1":"product","2":"type-product","3":"status-publish","4":"has-post-thumbnail","6":"product_cat-zylki","8":"first","9":"instock","10":"taxable","11":"shipping-taxable","12":"purchasable","13":"product-type-simple"},"_links":{"self":[{"href":"https:\/\/precto.pl\/sklep\/wp-json\/wp\/v2\/product\/2470","targetHints":{"allow":["GET"]}}],"collection":[{"href":"https:\/\/precto.pl\/sklep\/wp-json\/wp\/v2\/product"}],"about":[{"href":"https:\/\/precto.pl\/sklep\/wp-json\/wp\/v2\/types\/product"}],"replies":[{"embeddable":true,"href":"https:\/\/precto.pl\/sklep\/wp-json\/wp\/v2\/comments?post=2470"}],"wp:featuredmedia":[{"embeddable":true,"href":"https:\/\/precto.pl\/sklep\/wp-json\/wp\/v2\/media\/2468"}],"wp:attachment":[{"href":"https:\/\/precto.pl\/sklep\/wp-json\/wp\/v2\/media?parent=2470"}],"wp:term":[{"taxonomy":"product_brand","embeddable":true,"href":"https:\/\/precto.pl\/sklep\/wp-json\/wp\/v2\/product_brand?post=2470"},{"taxonomy":"product_cat","embeddable":true,"href":"https:\/\/precto.pl\/sklep\/wp-json\/wp\/v2\/product_cat?post=2470"},{"taxonomy":"product_tag","embeddable":true,"href":"https:\/\/precto.pl\/sklep\/wp-json\/wp\/v2\/product_tag?post=2470"}],"curies":[{"name":"wp","href":"https:\/\/api.w.org\/{rel}","templated":true}]}}