{"id":2453,"date":"2022-01-18T06:20:29","date_gmt":"2022-01-18T05:20:29","guid":{"rendered":"https:\/\/precto.pl\/sklep\/produkt\/zestaw-uszczelek-zawory-briggs-stratton-quantum\/"},"modified":"2022-10-06T11:42:31","modified_gmt":"2022-10-06T09:42:31","slug":"zestaw-uszczelek-zawory-briggs-stratton-quantum","status":"publish","type":"product","link":"https:\/\/precto.pl\/sklep\/zestaw-uszczelek-zawory-briggs-stratton-quantum\/","title":{"rendered":"ZESTAW USZCZELEK ZAWORY BRIGGS STRATTON QUANTUM"},"content":{"rendered":"<table width=\"100%\">\n<tr>\n<td width=\"50%\">\n<p>PRODUKT ORYGINALNY, FABRYCZNIE NOWY, GOTOWY DO MONTA\u017bU<\/p>\n<p>PRODUCENT : BRIGGS STRATTON<\/p>\n<p>NUMER ORYGINALNY : <b>498528<\/b><\/p>\n<p><b>W ZESTAWIE :<\/b><\/p>\n<ol>\n<li><b>USZCZELKA POD G\u0141OWIC\u0118 &#8211; 2 SZT<\/b><\/li>\n<li><b>USZCZELKA ODPOWIETRZNIKA &#8211; 2 SZT<\/b><\/li>\n<li><b>USZCZELKA KOLEKTORA WYDECHOWEGO &#8211; 1 SZT<\/b><\/li>\n<\/ol>\n<p>PASUJE DO MODELI :<\/p>\n<ul>\n<li>120H02, 120H07, 120K02, 120L02, 120T02, 121H02, 121H82, 121K02, 121K12, 122H02, 122H07, 122H82, 122K02, 122K05, 122K07, 122K09, 122K12, 122K82, 122L02, 122L05, 122L07, 122T02, 122T05, 122T07, 123H02, 123H07, 123J02, 123J09, 123K02, 123K05, 123K07, 123K09, 123K12, 124H02, 124H82, 124K02, 124L02, 124L05, 124L07, 124T02, 124T05, 124T07, 124T12, 125H02, 125H07, 125H82, 125K02, 125K05, 125K07, 125K09, 126K02, 126L02, 126L05, 126L07, 126L12, 126T02, 126T05, 126T07, 126T12, 127702, 127707, 127712, 127782, 127787, 127802, 127807, 127809, 127882, 127887, 127H02, 127H07, 128702, 128712, 128802, 128805, 128807, 128809, 128812, 128882, 128887, 128H02, 128H07, 128L02, 128L05, 128L07, 128T02, 128T05, 128T07, 129702, 129707, 129782, 129787, 129802 ,129807, 129812, 129882, 129887, 129H02, 129H07, 12F702, 12F707, 12F782, 12F787, 12F802, 12F805, 12F807, 12F809, 12F812, 12F882, 12F887, 12F889, 12G702, 12G782, 12G787, 12G802, 12G807, 12G812, 12G882, 12G887, 12H702, 12H707, 12H712, 12H802, 12H805, 12H807, 12H809, 12H812, 12H882, 12H887, 12J702, 12J707, 12J802, 12J805, 12J807, 12J809, 12J882, 12J887, 12J902, 12L802, 12L882, 12L887, 12L902, 12M902, 12P802, 12Q802, 12U802, 12V802, 12V807, 12V809, 12V882, 12W802, 12W807, 12X802, 12X812, 12X882, 12Y802, 12Z802<\/li>\n<\/ul>\n<\/td>\n<\/tr>\n<tr>\n<td>\u00a0<\/td>\n<\/tr>\n<tr>\n<td colspan=\"2\">\n<p>Przy zakupie kilku produkt\u00f3w w naszym sklepie za przesy\u0142k\u0119 zap\u0142ac\u0105 Pa\u0144stwo tylko raz.<\/p>\n<p>W naszym sklepie internetowym znajd\u0105 pa\u0144stwo szeroki asortyment cz\u0119\u015bci do:<\/p>\n<ul>\n<li>pilarek spalinowych i elektrycznych wielu marek m.in. stihl, husqvarna, dolmar, makita, oleo mac, solo, jonserad itp.<\/li>\n<li>kos spalinowych ww. marek<\/li>\n<li>kosiarek spalinowych z silnikami briggs &amp; stratton, loncin, honda<\/li>\n<li>przecinarek do betonu<\/li>\n<li>maszyn budowlanych wacker<\/li>\n<li>wielu innych maszyn i urz\u0105dze\u0144 wykorzystywanych w przydomowych pracach<\/li>\n<li>oraz pilniki, \u0142a\u0144cuchy, prowadnice, oleje, \u015brodki ochrony osobistej i wiele innych produkt\u00f3w i urz\u0105dze\u0144 pomocnych przy pracy w lesie, domu czy ogrodzie.<\/li>\n<\/ul>\n<p>Ci\u0105gle poszerzamy nasz\u0105 ofert\u0119 o nowe produkty, poszukuj\u0105c jak najlepszych rozwi\u0105za\u0144 dla naszych klient\u00f3w.<\/p>\n<\/td>\n<\/tr>\n<tr>\n<td>\u00a0<\/td>\n<\/tr>\n<\/table>\n","protected":false},"excerpt":{"rendered":"<p>ZESTAW USZCZELEK ZAWORY BRIGGS STRATTON QUANTUM<\/p>\n","protected":false},"featured_media":2452,"comment_status":"open","ping_status":"closed","template":"","meta":[],"product_brand":[],"product_cat":[51],"product_tag":[],"class_list":{"0":"post-2453","1":"product","2":"type-product","3":"status-publish","4":"has-post-thumbnail","6":"product_cat-silniki-i-czesci-do-silnikow","8":"first","9":"instock","10":"taxable","11":"shipping-taxable","12":"purchasable","13":"product-type-simple"},"_links":{"self":[{"href":"https:\/\/precto.pl\/sklep\/wp-json\/wp\/v2\/product\/2453","targetHints":{"allow":["GET"]}}],"collection":[{"href":"https:\/\/precto.pl\/sklep\/wp-json\/wp\/v2\/product"}],"about":[{"href":"https:\/\/precto.pl\/sklep\/wp-json\/wp\/v2\/types\/product"}],"replies":[{"embeddable":true,"href":"https:\/\/precto.pl\/sklep\/wp-json\/wp\/v2\/comments?post=2453"}],"wp:featuredmedia":[{"embeddable":true,"href":"https:\/\/precto.pl\/sklep\/wp-json\/wp\/v2\/media\/2452"}],"wp:attachment":[{"href":"https:\/\/precto.pl\/sklep\/wp-json\/wp\/v2\/media?parent=2453"}],"wp:term":[{"taxonomy":"product_brand","embeddable":true,"href":"https:\/\/precto.pl\/sklep\/wp-json\/wp\/v2\/product_brand?post=2453"},{"taxonomy":"product_cat","embeddable":true,"href":"https:\/\/precto.pl\/sklep\/wp-json\/wp\/v2\/product_cat?post=2453"},{"taxonomy":"product_tag","embeddable":true,"href":"https:\/\/precto.pl\/sklep\/wp-json\/wp\/v2\/product_tag?post=2453"}],"curies":[{"name":"wp","href":"https:\/\/api.w.org\/{rel}","templated":true}]}}