{"id":2419,"date":"2022-01-18T06:19:47","date_gmt":"2022-01-18T05:19:47","guid":{"rendered":"https:\/\/precto.pl\/sklep\/produkt\/zestaw-prowadnica-15-2x-lancuch-husqvarna-makita\/"},"modified":"2022-10-06T13:20:31","modified_gmt":"2022-10-06T11:20:31","slug":"zestaw-prowadnica-15-2x-lancuch-husqvarna-makita","status":"publish","type":"product","link":"https:\/\/precto.pl\/sklep\/zestaw-prowadnica-15-2x-lancuch-husqvarna-makita\/","title":{"rendered":"ZESTAW PROWADNICA 15 +2X \u0141A\u0143CUCH HUSQVARNA MAKITA"},"content":{"rendered":"<table width=\"100%\">\n<tr>\n<td width=\"50%\">\n<h3>ORYGINALNY ZESTAW TN\u0104CY COMBO OREGON 15 CAL 38 CM<\/h3>\n<h2>IDEALNY DO PILAREK : HUSQVARNA, MAKITA, PARTNER, OLEO MAC, ALPINA I INNYCH<\/h2>\n<p>LISTA WSZYSTKICH MODELI PILAREK PONI\u017bEJ.<\/p>\n<p><b>W SK\u0141AD ZESTAWU WCHODZI :<\/b><\/p>\n<ul>\n<li><b>PROWADNICA 15 CALI ( 38 CM ) OREGON DOUBLE GUARD O ZMNIEJSZONYM ODBICIU<\/b><\/li>\n<li><b>2 \u0141A\u0143CUCHY TN\u0104CE OREGON<\/b><\/li>\n<li><b>P\u00d3\u0141D\u0141UTO 325 1,5 64 OGNIWA<\/b><\/li>\n<\/ul>\n<p><b>KO\u0143C\u00d3WKA MOTA\u017bOWA : K095<\/b><\/p>\n<\/td>\n<\/tr>\n<tr>\n<td>\u00a0<\/td>\n<\/tr>\n<tr>\n<td width=\"50%\">\n<h3>PROWADNICA OREGON DOUBLE GUARD 15&#8243; 38 CM 325 1,5<\/h3>\n<p>DANE TECHNICZNE :<\/p>\n<p>D\u0141UGO\u015a\u0106 ROBOCZA : 15&#8243; 38 CM<\/p>\n<p>PODZIA\u0141KA : .325&#8243;<\/p>\n<p>SZEROKO\u015a\u0106 ROWKA : 1,5 MM<\/p>\n<p>\u00a0<\/p>\n<p>CHARAKTERYSTYKA :<\/p>\n<p>&#8211; KO\u0143C\u00d3WKA PROWADNICY O KSZTA\u0141CIE ZAPOBIEGAJ\u0104CYM ODBICIU<\/p>\n<p>&#8211; WYTRZYMA\u0141Y I LEKKI MATERIA\u0141 ZAPEWNIAJ\u0104CY D\u0141UG\u0104 \u017bYWOTNO\u015a\u0106<\/p>\n<p>&#8211; ZASTOSOWANIE TECHNOLOGII LUBRI-DAM ZAPEWNIA LEPSZE SMAROWANIE I MNIEJSZE ZU\u017bYCIE OLEJU \u0141A\u0143CUCHOWEGO<\/p>\n<\/td>\n<\/tr>\n<tr>\n<td>\u00a0<\/td>\n<\/tr>\n<tr>\n<td width=\"50%\">\n<h3>\u0141A\u0143CUCH OREGON XTRAGUARD P\u00d3\u0141D\u0141UTO<\/h3>\n<h3>\u00a0<\/h3>\n<p><b>CHARAKTERYSTYKA :<\/b><\/p>\n<p>ILO\u015a\u0106 OGNIW : 64<\/p>\n<p>ILO\u015a\u0106 Z\u0118B\u00d3W : 32<\/p>\n<p>GRUBO\u015a\u0106 OGNIWA : 1,5 MM<\/p>\n<p>PODZIA\u0141KA : 325 &#8220;<\/p>\n<p>\u00a0<\/p>\n<p><b>\u0141A\u0143CUCH O ZMNIEJSZONYM ODBICIU I NISKIM POZIOMIE WIBRACJI. OGNIWA TN\u0104CE W KSZTA\u0141CIE \u015aCI\u0118TEGO D\u0141UTA ZAPEWNIAJ\u0104 WYSOK\u0104 WYDAJNO\u015a\u0106 I TRWA\u0141O\u015a\u0106 ZESTAWU TN\u0104CEGO.<\/b><\/p>\n<\/td>\n<\/tr>\n<tr>\n<td>\u00a0<\/td>\n<\/tr>\n<tr>\n<td colspan=\"2\">\n<h3>ZESTAW PASUJE DO PILAREK :<\/h3>\n<p><b>Dolmar:<\/b><\/p>\n<p><b>109 110 111 112 113 114 115i 116 ES1800 PS460 PS4600 PS4605 PS500 PS5000 PS510 PS5100S PS540<\/b><\/p>\n<p><b>Husqvarna:<\/b><\/p>\n<p><b>133 136 137 141 142 154 234 235 238 240 242 242XP 246 254 257 261 262 339XP 340 345 346 346XP 350 351 353 357 357XP 359 36 40 41 42 435 435E 44 440 440E 444 445 445E 45 450E 455 RANCHER 455E RANCHER 460 460 RANCHER 50 51 550 560XP T435<\/b><\/p>\n<p><b>Jonsered:<\/b><\/p>\n<p><b>2012 2014 2015 2016 2036 2040 2041 2045 2050 2051 2054 2055 2063 2141 2145 2147 2149 2150 2152 2153 2155 2156 2159 2163 370 380 410 420 425 435 45 450 451 451EVS 452 455 490 49SP 50 51 510 52 520 521 525 535 590 CS2149W CS2152W<\/b><\/p>\n<p><b>Makita:<\/b><\/p>\n<p><b>45 DCS430 DCS43001 DCS4300I DCS431 DCS460 DCS4600S DCS500 DCS5000 DCS5030 DCS520 DCS5200I<\/b><\/p>\n<p><b>NAC:<\/b><\/p>\n<p><b>NO-CS38 SPS01-45 SPS01-52 SPS02-45 YD 40\/45 YD40 YD52<\/b><\/p>\n<p><b>Oleo-Mac:<\/b><\/p>\n<p><b>850 938 940 941 942 942C 945 946 947 950 950 Super 950A 951 952 956 962 E300F<\/b><\/p>\n<p><b>Partner:<\/b><\/p>\n<p><b>365 400 405 410 450 460 465 470 495 500 510 540 545 P500 P5000 P5500<\/b><\/p>\n<p><b>Solo:<\/b><\/p>\n<p><b>639 641 644 645 647 650 651 652 656 665<\/b><\/p>\n<\/td>\n<\/tr>\n<tr>\n<td>\u00a0<\/td>\n<\/tr>\n<tr>\n<td colspan=\"2\">\n<p>Przy zakupie kilku produkt\u00f3w w naszym sklepie za przesy\u0142k\u0119 zap\u0142ac\u0105 Pa\u0144stwo tylko raz.<\/p>\n<p>W naszym sklepie internetowym znajd\u0105 pa\u0144stwo szeroki asortyment cz\u0119\u015bci do:<\/p>\n<ul>\n<li>pilarek spalinowych i elektrycznych wielu marek m.in. stihl, husqvarna, dolmar, makita, oleo mac, solo, jonserad itp.<\/li>\n<li>kos spalinowych ww. marek<\/li>\n<li>kosiarek spalinowych z silnikami briggs &amp; stratton, loncin, honda<\/li>\n<li>przecinarek do betonu<\/li>\n<li>maszyn budowlanych wacker<\/li>\n<li>wielu innych maszyn i urz\u0105dze\u0144 wykorzystywanych w przydomowych pracach<\/li>\n<li>oraz pilniki, \u0142a\u0144cuchy, prowadnice, oleje, \u015brodki ochrony osobistej i wiele innych produkt\u00f3w i urz\u0105dze\u0144 pomocnych przy pracy w lesie, domu czy ogrodzie.<\/li>\n<\/ul>\n<p>Ci\u0105gle poszerzamy nasz\u0105 ofert\u0119 o nowe produkty, poszukuj\u0105c jak najlepszych rozwi\u0105za\u0144 dla naszych klient\u00f3w.<\/p>\n<\/td>\n<\/tr>\n<tr>\n<td>\u00a0<\/td>\n<\/tr>\n<\/table>\n","protected":false},"excerpt":{"rendered":"<p>ZESTAW PROWADNICA 15 +2X \u0141A\u0143CUCH HUSQVARNA MAKITA<\/p>\n","protected":false},"featured_media":2416,"comment_status":"open","ping_status":"closed","template":"","meta":[],"product_brand":[],"product_cat":[35],"product_tag":[],"class_list":{"0":"post-2419","1":"product","2":"type-product","3":"status-publish","4":"has-post-thumbnail","6":"product_cat-prowadnice-i-lancuchy","8":"first","9":"instock","10":"taxable","11":"shipping-taxable","12":"purchasable","13":"product-type-simple"},"_links":{"self":[{"href":"https:\/\/precto.pl\/sklep\/wp-json\/wp\/v2\/product\/2419","targetHints":{"allow":["GET"]}}],"collection":[{"href":"https:\/\/precto.pl\/sklep\/wp-json\/wp\/v2\/product"}],"about":[{"href":"https:\/\/precto.pl\/sklep\/wp-json\/wp\/v2\/types\/product"}],"replies":[{"embeddable":true,"href":"https:\/\/precto.pl\/sklep\/wp-json\/wp\/v2\/comments?post=2419"}],"wp:featuredmedia":[{"embeddable":true,"href":"https:\/\/precto.pl\/sklep\/wp-json\/wp\/v2\/media\/2416"}],"wp:attachment":[{"href":"https:\/\/precto.pl\/sklep\/wp-json\/wp\/v2\/media?parent=2419"}],"wp:term":[{"taxonomy":"product_brand","embeddable":true,"href":"https:\/\/precto.pl\/sklep\/wp-json\/wp\/v2\/product_brand?post=2419"},{"taxonomy":"product_cat","embeddable":true,"href":"https:\/\/precto.pl\/sklep\/wp-json\/wp\/v2\/product_cat?post=2419"},{"taxonomy":"product_tag","embeddable":true,"href":"https:\/\/precto.pl\/sklep\/wp-json\/wp\/v2\/product_tag?post=2419"}],"curies":[{"name":"wp","href":"https:\/\/api.w.org\/{rel}","templated":true}]}}