{"id":239,"date":"2022-01-18T05:36:08","date_gmt":"2022-01-18T04:36:08","guid":{"rendered":"https:\/\/precto.pl\/sklep\/produkt\/przekladnia-katowa-m10x1-stihl-fs120-fs200-fs250\/"},"modified":"2022-10-06T11:16:26","modified_gmt":"2022-10-06T09:16:26","slug":"przekladnia-katowa-m10x1-stihl-fs120-fs200-fs250","status":"publish","type":"product","link":"https:\/\/precto.pl\/sklep\/przekladnia-katowa-m10x1-stihl-fs120-fs200-fs250\/","title":{"rendered":"PRZEK\u0141ADNIA K\u0104TOWA M10X1 STIHL FS120 FS200 FS250"},"content":{"rendered":"<table width=\"100%\">\n<tr>\n<td width=\"50%\">\n<h3>PRZEK\u0141ADNIA K\u0104TOWA M10X1 STIHL FS120 FS200 FS250<\/h3>\n<p><b>PRODUKT FABRYCZNIE NOWY<\/b><\/p>\n<p><b>MODEL :\u00a0<\/b>4137 640 0100<\/p>\n<p><b>MODELE MASZYN :<\/b><\/p>\n<h3>STIHL<\/h3>\n<ul>\n<li>FS 36<\/li>\n<li>FS 40<\/li>\n<li>FS 44<\/li>\n<li>FS 72<\/li>\n<li>FS 74<\/li>\n<li>FS 76<\/li>\n<li>FS 75, FS 80, FS 80 R, FS 85, FS 85 R, FS 85 T, FS 85 RX<\/li>\n<li>FS 83<\/li>\n<li>FS 83 T<\/li>\n<li>FS 87<\/li>\n<li>FS 87 R<\/li>\n<li>FS 90, FS 90 R<\/li>\n<li>FS 94, FS 94 C, FS 94 R, FS 94 RC<\/li>\n<li>FS 100, FS 100 R, FS 100 RX, FS 110, FS 110 R, FS 110 X, FS 110 RX<\/li>\n<li>FS 120, FS 120 R, FS 200, FS 200 R, FS 250, FS 250 R<\/li>\n<li>FS 130, FS 130 R<\/li>\n<li>FS 240, FS 240 C, FS 240 R, FS 240 RC<\/li>\n<\/ul>\n<h3>TURECKI ZAMIENNIK<\/h3>\n<\/td>\n<\/tr>\n<tr>\n<td>\u00a0<\/td>\n<\/tr>\n<tr>\n<td colspan=\"2\">\n<p>Przy zakupie kilku produkt\u00f3w w naszym sklepie za przesy\u0142k\u0119 zap\u0142ac\u0105 Pa\u0144stwo tylko raz.<\/p>\n<p>W naszym sklepie internetowym znajd\u0105 pa\u0144stwo szeroki asortyment cz\u0119\u015bci do:<\/p>\n<ul>\n<li>pilarek spalinowych i elektrycznych wielu marek m.in. stihl, husqvarna, dolmar, makita, oleo mac, solo, jonserad itp.<\/li>\n<li>kos spalinowych ww. marek<\/li>\n<li>kosiarek spalinowych z silnikami briggs &amp; stratton, loncin, honda<\/li>\n<li>przecinarek do betonu<\/li>\n<li>maszyn budowlanych wacker<\/li>\n<li>wielu innych maszyn i urz\u0105dze\u0144 wykorzystywanych w przydomowych pracach<\/li>\n<li>oraz pilniki, \u0142a\u0144cuchy, prowadnice, oleje, \u015brodki ochrony osobistej i wiele innych produkt\u00f3w i urz\u0105dze\u0144 pomocnych przy pracy w lesie, domu czy ogrodzie.<\/li>\n<\/ul>\n<p>Ci\u0105gle poszerzamy nasz\u0105 ofert\u0119 o nowe produkty, poszukuj\u0105c jak najlepszych rozwi\u0105za\u0144 dla naszych klient\u00f3w.<\/p>\n<\/td>\n<\/tr>\n<tr>\n<td>\u00a0<\/td>\n<\/tr>\n<\/table>\n","protected":false},"excerpt":{"rendered":"<p>PRZEK\u0141ADNIA K\u0104TOWA M10X1 STIHL FS120 FS200 FS250<\/p>\n","protected":false},"featured_media":237,"comment_status":"open","ping_status":"closed","template":"","meta":[],"product_brand":[],"product_cat":[65],"product_tag":[],"class_list":{"0":"post-239","1":"product","2":"type-product","3":"status-publish","4":"has-post-thumbnail","6":"product_cat-rury-walki-kierownice-manetki-przekladnie","8":"first","9":"instock","10":"taxable","11":"shipping-taxable","12":"purchasable","13":"product-type-simple"},"_links":{"self":[{"href":"https:\/\/precto.pl\/sklep\/wp-json\/wp\/v2\/product\/239","targetHints":{"allow":["GET"]}}],"collection":[{"href":"https:\/\/precto.pl\/sklep\/wp-json\/wp\/v2\/product"}],"about":[{"href":"https:\/\/precto.pl\/sklep\/wp-json\/wp\/v2\/types\/product"}],"replies":[{"embeddable":true,"href":"https:\/\/precto.pl\/sklep\/wp-json\/wp\/v2\/comments?post=239"}],"wp:featuredmedia":[{"embeddable":true,"href":"https:\/\/precto.pl\/sklep\/wp-json\/wp\/v2\/media\/237"}],"wp:attachment":[{"href":"https:\/\/precto.pl\/sklep\/wp-json\/wp\/v2\/media?parent=239"}],"wp:term":[{"taxonomy":"product_brand","embeddable":true,"href":"https:\/\/precto.pl\/sklep\/wp-json\/wp\/v2\/product_brand?post=239"},{"taxonomy":"product_cat","embeddable":true,"href":"https:\/\/precto.pl\/sklep\/wp-json\/wp\/v2\/product_cat?post=239"},{"taxonomy":"product_tag","embeddable":true,"href":"https:\/\/precto.pl\/sklep\/wp-json\/wp\/v2\/product_tag?post=239"}],"curies":[{"name":"wp","href":"https:\/\/api.w.org\/{rel}","templated":true}]}}