{"id":2352,"date":"2022-01-18T06:18:19","date_gmt":"2022-01-18T05:18:19","guid":{"rendered":"https:\/\/precto.pl\/sklep\/produkt\/zylka-kosa-nevada-27-mm-139-metrow-made-in-italy\/"},"modified":"2022-10-06T11:12:41","modified_gmt":"2022-10-06T09:12:41","slug":"zylka-kosa-nevada-27-mm-139-metrow-made-in-italy","status":"publish","type":"product","link":"https:\/\/precto.pl\/sklep\/zylka-kosa-nevada-27-mm-139-metrow-made-in-italy\/","title":{"rendered":"\u017bY\u0141KA KOSA NEVADA 2,7 MM 139 METR\u00d3W MADE IN ITALY"},"content":{"rendered":"<table width=\"100%\">\n<tr>\n<td width=\"50%\">\n<p>PRODUCENT : <b>NEVADA<\/b><\/p>\n<p><b>MADE IN ITALY<\/b><\/p>\n<p>PRZEKR\u00d3J : <b>KWADRAT<\/b><\/p>\n<p>GRUBO\u015a\u0106 : <b>2,7 MM<\/b><\/p>\n<p>D\u0141UGO\u015a\u0106 : <b>139 METR\u00d3W<\/b><\/p>\n<p><b>DU\u017bO WI\u0118KSZA WYTRZYMA\u0141O\u015a\u0106 NI\u017b \u017bY\u0141KI INNYCH PRODUCENT\u00d3W W TEJ GRUPIE CENOWEJ.<\/b><\/p>\n<p><b>WYPRODUKOWANO WE W\u0141OSZECH.<\/b><\/p>\n<p><b>PARAGON LUB FAKTURA VAT<\/b><\/p>\n<\/td>\n<\/tr>\n<tr>\n<td>\u00a0<\/td>\n<\/tr>\n<tr>\n<td colspan=\"2\">\n<p>Przy zakupie kilku produkt\u00f3w w naszym sklepie za przesy\u0142k\u0119 zap\u0142ac\u0105 Pa\u0144stwo tylko raz.<\/p>\n<p>W naszym sklepie internetowym znajd\u0105 pa\u0144stwo szeroki asortyment cz\u0119\u015bci do:<\/p>\n<ul>\n<li>pilarek spalinowych i elektrycznych wielu marek m.in. stihl, husqvarna, dolmar, makita, oleo mac, solo, jonserad itp.<\/li>\n<li>kos spalinowych ww. marek<\/li>\n<li>kosiarek spalinowych z silnikami briggs &amp; stratton, loncin, honda<\/li>\n<li>przecinarek do betonu<\/li>\n<li>maszyn budowlanych wacker<\/li>\n<li>wielu innych maszyn i urz\u0105dze\u0144 wykorzystywanych w przydomowych pracach<\/li>\n<li>oraz pilniki, \u0142a\u0144cuchy, prowadnice, oleje, \u015brodki ochrony osobistej i wiele innych produkt\u00f3w i urz\u0105dze\u0144 pomocnych przy pracy w lesie, domu czy ogrodzie.<\/li>\n<\/ul>\n<p>Ci\u0105gle poszerzamy nasz\u0105 ofert\u0119 o nowe produkty, poszukuj\u0105c jak najlepszych rozwi\u0105za\u0144 dla naszych klient\u00f3w.<\/p>\n<\/td>\n<\/tr>\n<tr>\n<td>\u00a0<\/td>\n<\/tr>\n<\/table>\n","protected":false},"excerpt":{"rendered":"<p>\u017bY\u0141KA KOSA NEVADA 2,7 MM 139 METR\u00d3W MADE IN ITALY<\/p>\n","protected":false},"featured_media":2351,"comment_status":"open","ping_status":"closed","template":"","meta":[],"product_brand":[],"product_cat":[23],"product_tag":[],"class_list":{"0":"post-2352","1":"product","2":"type-product","3":"status-publish","4":"has-post-thumbnail","6":"product_cat-zylki","8":"first","9":"instock","10":"taxable","11":"shipping-taxable","12":"purchasable","13":"product-type-simple"},"_links":{"self":[{"href":"https:\/\/precto.pl\/sklep\/wp-json\/wp\/v2\/product\/2352","targetHints":{"allow":["GET"]}}],"collection":[{"href":"https:\/\/precto.pl\/sklep\/wp-json\/wp\/v2\/product"}],"about":[{"href":"https:\/\/precto.pl\/sklep\/wp-json\/wp\/v2\/types\/product"}],"replies":[{"embeddable":true,"href":"https:\/\/precto.pl\/sklep\/wp-json\/wp\/v2\/comments?post=2352"}],"wp:featuredmedia":[{"embeddable":true,"href":"https:\/\/precto.pl\/sklep\/wp-json\/wp\/v2\/media\/2351"}],"wp:attachment":[{"href":"https:\/\/precto.pl\/sklep\/wp-json\/wp\/v2\/media?parent=2352"}],"wp:term":[{"taxonomy":"product_brand","embeddable":true,"href":"https:\/\/precto.pl\/sklep\/wp-json\/wp\/v2\/product_brand?post=2352"},{"taxonomy":"product_cat","embeddable":true,"href":"https:\/\/precto.pl\/sklep\/wp-json\/wp\/v2\/product_cat?post=2352"},{"taxonomy":"product_tag","embeddable":true,"href":"https:\/\/precto.pl\/sklep\/wp-json\/wp\/v2\/product_tag?post=2352"}],"curies":[{"name":"wp","href":"https:\/\/api.w.org\/{rel}","templated":true}]}}