{"id":2346,"date":"2022-01-18T06:18:13","date_gmt":"2022-01-18T05:18:13","guid":{"rendered":"https:\/\/precto.pl\/sklep\/produkt\/zylka-kosa-20mm-110m-bambus-stihl-fs38-fs40-fse61\/"},"modified":"2022-10-06T11:12:42","modified_gmt":"2022-10-06T09:12:42","slug":"zylka-kosa-20mm-110m-bambus-stihl-fs38-fs40-fse61","status":"publish","type":"product","link":"https:\/\/precto.pl\/sklep\/zylka-kosa-20mm-110m-bambus-stihl-fs38-fs40-fse61\/","title":{"rendered":"\u017bY\u0141KA KOSA 2,0MM 110M BAMBUS STIHL FS38 FS40 FSE61"},"content":{"rendered":"<table width=\"100%\">\n<tr>\n<td width=\"50%\">\n<h3>\u017bY\u0141KA KOSA GRUB 2,0MM 110M! BAMBUS STIHL FS38 FS40 FSE61<\/h3>\n<p><b>PRODUCENT : DOLPIMA<\/b><\/p>\n<p><b>PRZEKR\u00d3J : KO\u0141O &#8211; BAMBOO<\/b><\/p>\n<p><b>\u015aREDNICA : 2,0 MM<\/b><\/p>\n<p><b>D\u0141UGO\u015a\u0106 W METRACH : 110<\/b><\/p>\n<p><b>\u017by\u0142ka wykonana z najwy\u017cszej jako\u015bci kompozytowych materia\u0142\u00f3w o dw\u00f3ch w\u0142a\u015bciwo\u015bciach po\u0142\u0105czonych w ca\u0142o\u015b\u0107 aby osi\u0105gn\u0105\u0107 jak najwy\u017csz\u0105 wytrzyma\u0142o\u015b\u0107 i wydajno\u015b\u0107 ci\u0119cie w najtrudniejszych warunkach.<\/b><\/p>\n<p><b>Wyj\u0105tkowy kszta\u0142t tr\u00f3jk\u0105ta o \u0142agodnych kraw\u0119dziach podnosi w\u0142a\u015bciwo\u015bci tn\u0105ce i precyzj\u0119 koszenia.<\/b><\/p>\n<p><b>Dodatkowe skr\u0119cenie obni\u017ca poziom ha\u0142asu i podwy\u017csza wydajno\u015b\u0107.<\/b><\/p>\n<p><b>=<\/b><\/p>\n<\/td>\n<\/tr>\n<tr>\n<td>\u00a0<\/td>\n<\/tr>\n<tr>\n<td colspan=\"2\">\n<p>Przy zakupie kilku produkt\u00f3w w naszym sklepie za przesy\u0142k\u0119 zap\u0142ac\u0105 Pa\u0144stwo tylko raz.<\/p>\n<p>W naszym sklepie internetowym znajd\u0105 pa\u0144stwo szeroki asortyment cz\u0119\u015bci do:<\/p>\n<ul>\n<li>pilarek spalinowych i elektrycznych wielu marek m.in. stihl, husqvarna, dolmar, makita, oleo mac, solo, jonserad itp.<\/li>\n<li>kos spalinowych ww. marek<\/li>\n<li>kosiarek spalinowych z silnikami briggs &amp; stratton, loncin, honda<\/li>\n<li>przecinarek do betonu<\/li>\n<li>maszyn budowlanych wacker<\/li>\n<li>wielu innych maszyn i urz\u0105dze\u0144 wykorzystywanych w przydomowych pracach<\/li>\n<li>oraz pilniki, \u0142a\u0144cuchy, prowadnice, oleje, \u015brodki ochrony osobistej i wiele innych produkt\u00f3w i urz\u0105dze\u0144 pomocnych przy pracy w lesie, domu czy ogrodzie.<\/li>\n<\/ul>\n<p>Ci\u0105gle poszerzamy nasz\u0105 ofert\u0119 o nowe produkty, poszukuj\u0105c jak najlepszych rozwi\u0105za\u0144 dla naszych klient\u00f3w.<\/p>\n<\/td>\n<\/tr>\n<tr>\n<td>\u00a0<\/td>\n<\/tr>\n<\/table>\n","protected":false},"excerpt":{"rendered":"<p>\u017bY\u0141KA KOSA 2,0MM 110M BAMBUS STIHL FS38 FS40 FSE61<\/p>\n","protected":false},"featured_media":2345,"comment_status":"open","ping_status":"closed","template":"","meta":[],"product_brand":[],"product_cat":[23],"product_tag":[],"class_list":{"0":"post-2346","1":"product","2":"type-product","3":"status-publish","4":"has-post-thumbnail","6":"product_cat-zylki","8":"first","9":"instock","10":"taxable","11":"shipping-taxable","12":"purchasable","13":"product-type-simple"},"_links":{"self":[{"href":"https:\/\/precto.pl\/sklep\/wp-json\/wp\/v2\/product\/2346","targetHints":{"allow":["GET"]}}],"collection":[{"href":"https:\/\/precto.pl\/sklep\/wp-json\/wp\/v2\/product"}],"about":[{"href":"https:\/\/precto.pl\/sklep\/wp-json\/wp\/v2\/types\/product"}],"replies":[{"embeddable":true,"href":"https:\/\/precto.pl\/sklep\/wp-json\/wp\/v2\/comments?post=2346"}],"wp:featuredmedia":[{"embeddable":true,"href":"https:\/\/precto.pl\/sklep\/wp-json\/wp\/v2\/media\/2345"}],"wp:attachment":[{"href":"https:\/\/precto.pl\/sklep\/wp-json\/wp\/v2\/media?parent=2346"}],"wp:term":[{"taxonomy":"product_brand","embeddable":true,"href":"https:\/\/precto.pl\/sklep\/wp-json\/wp\/v2\/product_brand?post=2346"},{"taxonomy":"product_cat","embeddable":true,"href":"https:\/\/precto.pl\/sklep\/wp-json\/wp\/v2\/product_cat?post=2346"},{"taxonomy":"product_tag","embeddable":true,"href":"https:\/\/precto.pl\/sklep\/wp-json\/wp\/v2\/product_tag?post=2346"}],"curies":[{"name":"wp","href":"https:\/\/api.w.org\/{rel}","templated":true}]}}