{"id":2316,"date":"2022-01-18T06:17:31","date_gmt":"2022-01-18T05:17:31","guid":{"rendered":"https:\/\/precto.pl\/sklep\/produkt\/uszczelniacz-walu-partner-351-352-371-391-401-421\/"},"modified":"2022-10-06T13:20:47","modified_gmt":"2022-10-06T11:20:47","slug":"uszczelniacz-walu-partner-351-352-371-391-401-421","status":"publish","type":"product","link":"https:\/\/precto.pl\/sklep\/uszczelniacz-walu-partner-351-352-371-391-401-421\/","title":{"rendered":"USZCZELNIACZ WA\u0141U PARTNER 351 352 371 391 401 421"},"content":{"rendered":"<table width=\"100%\">\n<tr>\n<td width=\"50%\">\n<h3>USZCZELNIACZ WA\u0141U PARTNER 351 352 371 391 401 421<\/h3>\n<p>WYMIARY : 12 X 36 X 12,25 \/ 14,45 MM<\/p>\n<p>NUMER ORYGINALNY : 530 05 63-63<\/p>\n<p>PASUJE DO MODELI PILAREK :<\/p>\n<ul>\n<li><b>PARTNER\u00a0<\/b>33, 350, 351, 352, 352 Chrome, 370, 390, 420, 371, 371 Chrome, 382, 391, 401, 401 Chrome, 421, 422, Formula 60, Formula 400, Formula 400 Chrome, P33XT, P350 Chrome, P350XT Chrome, P351 Chrome, P351XT Chrome, P351XT Chrome, P352 Chrome, P352XT Chrome, P371 Chrome, P371XT Chrome, P4-18XT, P4-20XT, P436 Chrome, P438 Chrome,\u00a0 P439 ChromeP442 Chrome, P738, P740, P742, P840, P842GCS<\/li>\n<li><b>HUSQVARNA\u00a0<\/b>136, 136LE, 137, 137E, 141, 141LE, 142, 230, 235, 235E, 240, 240E, 240E Triobrake<\/li>\n<li><b>MCCULLOCH\u00a0<\/b>333, 340, 444, CS330, CS360, CS370, CS400, CS400T, CS420T, M3414, M3416, M3416N, M3616, M3816, M4218, M4620, MAC 20X, MAC 2214AV, MAC 2316AV, MAC 2416 AVT, MAC 2618 CAV, MAC 2818AV, MAC 3-14XT, MAC 3-16XT, MAX325, MAC 340, MAC 4-10XT, MAC 4-18XT, MAC 4-20XT GCS, MAC 4-20XTC, MAC 7-38, MAC 738, MAC 7-40, MAC 740, MA7-42, MAC 742, MAC 8-38, MAC 838, MAC 8-42, MAC 842, MAC Cat 338, MAC Cat 435, MAC Cat 436, MAC Cat 438, MAC Cat 440, MAC Cat 441, MAC Cat 442, MC3516, MC4218AV, XTreme 8-42<\/li>\n<li><b>POULAN\u00a0<\/b>2275<\/li>\n<li><b>JONSERED\u00a0<\/b>CS2040, CS2137, CS2138, CS2234, CS2234S, CS2238, CS2238S<\/li>\n<li><b>WOODSHARK\u00a0<\/b>2035<\/li>\n<li><b>IKRA\u00a0<\/b>KSB 3840, KSB 3940<\/li>\n<\/ul>\n<p>CENA ZA 1 SZTUK\u0118<\/p>\n<\/td>\n<\/tr>\n<tr>\n<td>\u00a0<\/td>\n<\/tr>\n<tr>\n<td colspan=\"2\">\n<p>Przy zakupie kilku produkt\u00f3w w naszym sklepie za przesy\u0142k\u0119 zap\u0142ac\u0105 Pa\u0144stwo tylko raz.<\/p>\n<p>W naszym sklepie internetowym znajd\u0105 pa\u0144stwo szeroki asortyment cz\u0119\u015bci do:<\/p>\n<ul>\n<li>pilarek spalinowych i elektrycznych wielu marek m.in. stihl, husqvarna, dolmar, makita, oleo mac, solo, jonserad itp.<\/li>\n<li>kos spalinowych ww. marek<\/li>\n<li>kosiarek spalinowych z silnikami briggs &amp; stratton, loncin, honda<\/li>\n<li>przecinarek do betonu<\/li>\n<li>maszyn budowlanych wacker<\/li>\n<li>wielu innych maszyn i urz\u0105dze\u0144 wykorzystywanych w przydomowych pracach<\/li>\n<li>oraz pilniki, \u0142a\u0144cuchy, prowadnice, oleje, \u015brodki ochrony osobistej i wiele innych produkt\u00f3w i urz\u0105dze\u0144 pomocnych przy pracy w lesie, domu czy ogrodzie.<\/li>\n<\/ul>\n<p>Ci\u0105gle poszerzamy nasz\u0105 ofert\u0119 o nowe produkty, poszukuj\u0105c jak najlepszych rozwi\u0105za\u0144 dla naszych klient\u00f3w.<\/p>\n<\/td>\n<\/tr>\n<tr>\n<td>\u00a0<\/td>\n<\/tr>\n<\/table>\n","protected":false},"excerpt":{"rendered":"<p>USZCZELNIACZ WA\u0141U PARTNER 351 352 371 391 401 421<\/p>\n","protected":false},"featured_media":2315,"comment_status":"open","ping_status":"closed","template":"","meta":[],"product_brand":[],"product_cat":[53],"product_tag":[],"class_list":{"0":"post-2316","1":"product","2":"type-product","3":"status-publish","4":"has-post-thumbnail","6":"product_cat-lozyska-i-uszczelniacze","8":"first","9":"instock","10":"taxable","11":"shipping-taxable","12":"purchasable","13":"product-type-simple"},"_links":{"self":[{"href":"https:\/\/precto.pl\/sklep\/wp-json\/wp\/v2\/product\/2316","targetHints":{"allow":["GET"]}}],"collection":[{"href":"https:\/\/precto.pl\/sklep\/wp-json\/wp\/v2\/product"}],"about":[{"href":"https:\/\/precto.pl\/sklep\/wp-json\/wp\/v2\/types\/product"}],"replies":[{"embeddable":true,"href":"https:\/\/precto.pl\/sklep\/wp-json\/wp\/v2\/comments?post=2316"}],"wp:featuredmedia":[{"embeddable":true,"href":"https:\/\/precto.pl\/sklep\/wp-json\/wp\/v2\/media\/2315"}],"wp:attachment":[{"href":"https:\/\/precto.pl\/sklep\/wp-json\/wp\/v2\/media?parent=2316"}],"wp:term":[{"taxonomy":"product_brand","embeddable":true,"href":"https:\/\/precto.pl\/sklep\/wp-json\/wp\/v2\/product_brand?post=2316"},{"taxonomy":"product_cat","embeddable":true,"href":"https:\/\/precto.pl\/sklep\/wp-json\/wp\/v2\/product_cat?post=2316"},{"taxonomy":"product_tag","embeddable":true,"href":"https:\/\/precto.pl\/sklep\/wp-json\/wp\/v2\/product_tag?post=2316"}],"curies":[{"name":"wp","href":"https:\/\/api.w.org\/{rel}","templated":true}]}}