{"id":2075,"date":"2022-01-18T06:13:03","date_gmt":"2022-01-18T05:13:03","guid":{"rendered":"https:\/\/precto.pl\/sklep\/produkt\/zbiornik-paliwa-gaznik-briggs-stratton-450-550\/"},"modified":"2022-10-06T11:42:33","modified_gmt":"2022-10-06T09:42:33","slug":"zbiornik-paliwa-gaznik-briggs-stratton-450-550","status":"publish","type":"product","link":"https:\/\/precto.pl\/sklep\/zbiornik-paliwa-gaznik-briggs-stratton-450-550\/","title":{"rendered":"ZBIORNIK PALIWA + GA\u0179NIK BRIGGS STRATTON 450 550"},"content":{"rendered":"<table width=\"100%\">\n<tr>\n<td width=\"50%\">\n<h3>ZBIORNIK PALIWA + GA\u0179NIK BRIGGS STRATTON 400 500<\/h3>\n<p>PRODUKT NOWY, GWARANCJA 12 MIESI\u0118CY.<\/p>\n<p>ZESTAW, KT\u00d3RY NIE UST\u0118PUJE JAKO\u015aCI\u0104 ORYGINALNYM CZ\u0118\u015aCIOM, ALE JEST O WIELE TA\u0143SZY !! PO CO WI\u0118C PRZEP\u0141ACA\u0106.<\/p>\n<p>W SK\u0141AD ZESTAWU WCHODZ\u0104 :<\/p>\n<ul>\n<li><b>ZBIORNIK PALIWA Z KORKIEM<\/b><\/li>\n<li><b>GA\u0179NIK KOMPLETNY Z\u00a0 NASADK\u0104 \u015aWIECY<\/b><\/li>\n<\/ul>\n<h3>ZESTAW PASUJE DO MODELI SILNIK\u00d3W :<\/h3>\n<ul>\n<li>BRIGGS &amp; STRATTON 400, 450, 500, 550, CLASSIC, SPRINT, QUATTRO, Q45<\/li>\n<\/ul>\n<\/td>\n<\/tr>\n<tr>\n<td>\u00a0<\/td>\n<\/tr>\n<tr>\n<td colspan=\"2\">\n<p>Przy zakupie kilku produkt\u00f3w w naszym sklepie za przesy\u0142k\u0119 zap\u0142ac\u0105 Pa\u0144stwo tylko raz.<\/p>\n<p>W naszym sklepie internetowym znajd\u0105 pa\u0144stwo szeroki asortyment cz\u0119\u015bci do:<\/p>\n<ul>\n<li>pilarek spalinowych i elektrycznych wielu marek m.in. stihl, husqvarna, dolmar, makita, oleo mac, solo, jonserad itp.<\/li>\n<li>kos spalinowych ww. marek<\/li>\n<li>kosiarek spalinowych z silnikami briggs &amp; stratton, loncin, honda<\/li>\n<li>przecinarek do betonu<\/li>\n<li>maszyn budowlanych wacker<\/li>\n<li>wielu innych maszyn i urz\u0105dze\u0144 wykorzystywanych w przydomowych pracach<\/li>\n<li>oraz pilniki, \u0142a\u0144cuchy, prowadnice, oleje, \u015brodki ochrony osobistej i wiele innych produkt\u00f3w i urz\u0105dze\u0144 pomocnych przy pracy w lesie, domu czy ogrodzie.<\/li>\n<\/ul>\n<p>Ci\u0105gle poszerzamy nasz\u0105 ofert\u0119 o nowe produkty, poszukuj\u0105c jak najlepszych rozwi\u0105za\u0144 dla naszych klient\u00f3w.<\/p>\n<\/td>\n<\/tr>\n<tr>\n<td>\u00a0<\/td>\n<\/tr>\n<\/table>\n","protected":false},"excerpt":{"rendered":"<p>ZBIORNIK PALIWA + GA\u0179NIK BRIGGS STRATTON 450 550<\/p>\n","protected":false},"featured_media":2072,"comment_status":"open","ping_status":"closed","template":"","meta":[],"product_brand":[],"product_cat":[51],"product_tag":[],"class_list":{"0":"post-2075","1":"product","2":"type-product","3":"status-publish","4":"has-post-thumbnail","6":"product_cat-silniki-i-czesci-do-silnikow","8":"first","9":"instock","10":"taxable","11":"shipping-taxable","12":"purchasable","13":"product-type-simple"},"_links":{"self":[{"href":"https:\/\/precto.pl\/sklep\/wp-json\/wp\/v2\/product\/2075","targetHints":{"allow":["GET"]}}],"collection":[{"href":"https:\/\/precto.pl\/sklep\/wp-json\/wp\/v2\/product"}],"about":[{"href":"https:\/\/precto.pl\/sklep\/wp-json\/wp\/v2\/types\/product"}],"replies":[{"embeddable":true,"href":"https:\/\/precto.pl\/sklep\/wp-json\/wp\/v2\/comments?post=2075"}],"wp:featuredmedia":[{"embeddable":true,"href":"https:\/\/precto.pl\/sklep\/wp-json\/wp\/v2\/media\/2072"}],"wp:attachment":[{"href":"https:\/\/precto.pl\/sklep\/wp-json\/wp\/v2\/media?parent=2075"}],"wp:term":[{"taxonomy":"product_brand","embeddable":true,"href":"https:\/\/precto.pl\/sklep\/wp-json\/wp\/v2\/product_brand?post=2075"},{"taxonomy":"product_cat","embeddable":true,"href":"https:\/\/precto.pl\/sklep\/wp-json\/wp\/v2\/product_cat?post=2075"},{"taxonomy":"product_tag","embeddable":true,"href":"https:\/\/precto.pl\/sklep\/wp-json\/wp\/v2\/product_tag?post=2075"}],"curies":[{"name":"wp","href":"https:\/\/api.w.org\/{rel}","templated":true}]}}