{"id":2003,"date":"2022-01-18T06:11:35","date_gmt":"2022-01-18T05:11:35","guid":{"rendered":"https:\/\/precto.pl\/sklep\/produkt\/wal-korbowy-stihl-kosa-fs120-fs200-fs300-fs350-380\/"},"modified":"2023-05-14T08:42:12","modified_gmt":"2023-05-14T06:42:12","slug":"wal-korbowy-stihl-kosa-fs120-fs200-fs300-fs350-380","status":"publish","type":"product","link":"https:\/\/precto.pl\/sklep\/wal-korbowy-stihl-kosa-fs120-fs200-fs300-fs350-380\/","title":{"rendered":"WA\u0141 KORBOWY STIHL KOSA FS120 FS200 FS300 FS350 380"},"content":{"rendered":"<table width=\"100%\">\n<tr>\n<td width=\"50%\">\n<h3>WA\u0141 KORBOWY STIHL KOSA FS120 FS200 FS300 FS350 380<\/h3>\n<p><b>WYSOKIEJ KLASY PRODUKT, GWARANCJA 12 MIESI\u0118CY<\/b><\/p>\n<p><b>PASUJE DO MODELI :<\/b><\/p>\n<p><b>STIHL FS 120 FS 200 FS 300 FS 350 FS 380<\/b><\/p>\n<p><b>WYSOKIEJ KLASY PRODUKT STOSOWANY Z POWODZENIEM W NASZYM SERWISIE, KLIENCI KT\u00d3RZY ZAKUPILI WW. ZESTAW S\u0104 ZADOWOLENI Z WYSOKIEJ JAKO\u015aCI I NISKIEJ CENY !!<\/b><\/p>\n<p><b>WYSY\u0141KA W CI\u0104GU 24 GODZIN OD ZAM\u00d3WIENIA !!<\/b><\/p>\n<p><b>Paragon \/ FV<\/b><\/p>\n<\/td>\n<\/tr>\n<tr>\n<td>\u00a0<\/td>\n<\/tr>\n<tr>\n<td colspan=\"2\">\n<p>Przy zakupie kilku produkt\u00f3w w naszym sklepie za przesy\u0142k\u0119 zap\u0142ac\u0105 Pa\u0144stwo tylko raz.<\/p>\n<p>W naszym sklepie internetowym znajd\u0105 pa\u0144stwo szeroki asortyment cz\u0119\u015bci do:<\/p>\n<ul>\n<li>pilarek spalinowych i elektrycznych wielu marek m.in. stihl, husqvarna, dolmar, makita, oleo mac, solo, jonserad itp.<\/li>\n<li>kos spalinowych ww. marek<\/li>\n<li>kosiarek spalinowych z silnikami briggs &amp; stratton, loncin, honda<\/li>\n<li>przecinarek do betonu<\/li>\n<li>maszyn budowlanych wacker<\/li>\n<li>wielu innych maszyn i urz\u0105dze\u0144 wykorzystywanych w przydomowych pracach<\/li>\n<li>oraz pilniki, \u0142a\u0144cuchy, prowadnice, oleje, \u015brodki ochrony osobistej i wiele innych produkt\u00f3w i urz\u0105dze\u0144 pomocnych przy pracy w lesie, domu czy ogrodzie.<\/li>\n<\/ul>\n<p>Ci\u0105gle poszerzamy nasz\u0105 ofert\u0119 o nowe produkty, poszukuj\u0105c jak najlepszych rozwi\u0105za\u0144 dla naszych klient\u00f3w.<\/p>\n<\/td>\n<\/tr>\n<tr>\n<td>\u00a0<\/td>\n<\/tr>\n<\/table>\n","protected":false},"excerpt":{"rendered":"<p>WA\u0141 KORBOWY STIHL KOSA FS120 FS200 FS300 FS350 380<\/p>\n","protected":false},"featured_media":2002,"comment_status":"open","ping_status":"closed","template":"","meta":[],"product_brand":[],"product_cat":[32],"product_tag":[],"class_list":{"0":"post-2003","1":"product","2":"type-product","3":"status-publish","4":"has-post-thumbnail","6":"product_cat-czesci-inne","8":"first","9":"instock","10":"taxable","11":"shipping-taxable","12":"purchasable","13":"product-type-simple"},"_links":{"self":[{"href":"https:\/\/precto.pl\/sklep\/wp-json\/wp\/v2\/product\/2003","targetHints":{"allow":["GET"]}}],"collection":[{"href":"https:\/\/precto.pl\/sklep\/wp-json\/wp\/v2\/product"}],"about":[{"href":"https:\/\/precto.pl\/sklep\/wp-json\/wp\/v2\/types\/product"}],"replies":[{"embeddable":true,"href":"https:\/\/precto.pl\/sklep\/wp-json\/wp\/v2\/comments?post=2003"}],"wp:featuredmedia":[{"embeddable":true,"href":"https:\/\/precto.pl\/sklep\/wp-json\/wp\/v2\/media\/2002"}],"wp:attachment":[{"href":"https:\/\/precto.pl\/sklep\/wp-json\/wp\/v2\/media?parent=2003"}],"wp:term":[{"taxonomy":"product_brand","embeddable":true,"href":"https:\/\/precto.pl\/sklep\/wp-json\/wp\/v2\/product_brand?post=2003"},{"taxonomy":"product_cat","embeddable":true,"href":"https:\/\/precto.pl\/sklep\/wp-json\/wp\/v2\/product_cat?post=2003"},{"taxonomy":"product_tag","embeddable":true,"href":"https:\/\/precto.pl\/sklep\/wp-json\/wp\/v2\/product_tag?post=2003"}],"curies":[{"name":"wp","href":"https:\/\/api.w.org\/{rel}","templated":true}]}}