{"id":1968,"date":"2022-01-18T06:10:56","date_gmt":"2022-01-18T05:10:56","guid":{"rendered":"https:\/\/precto.pl\/sklep\/produkt\/wiertnica-do-betonu-dedra-1500w\/"},"modified":"2022-10-06T12:03:23","modified_gmt":"2022-10-06T10:03:23","slug":"wiertnica-do-betonu-dedra-1500w","status":"publish","type":"product","link":"https:\/\/precto.pl\/sklep\/wiertnica-do-betonu-dedra-1500w\/","title":{"rendered":"Wiertnica do betonu Dedra 1500W"},"content":{"rendered":"<table width=\"100%\">\n<tr>\n<td width=\"50%\">\n<p>Wiertnica do betonu\u00a0 to urz\u0105dzenie przeznaczone do wiercenia bezudarowego koronami diamentowymi, na mokro. Urz\u0105dzenie mo\u017cna zastosowa\u0107 do wiercenia w murach, betonie, betonie zbrojonym,\u017celbecie czy kamieniu. Wiertnica jest przystosowana do pracy na statywie, kt\u00f3ry powinien by\u0107 wcze\u015bniej zakotwiony do pod\u0142o\u017ca. Model DED7621 jest wyposa\u017cony w trzybiegow\u0105 przek\u0142adnie, kt\u00f3ra zapewnia optymalne dobranie pr\u0119dko\u015bci obrotowej do zastosowanej korony diamentowej. Urz\u0105dzenie przeznaczone jest do pracy z koronami od 32 do 90 mm. Korony mocowane s\u0105 na trzpieniu gwintowanym 1 \u00bc&#8221;. Zintegrowany system dozowania wody pozwoli na skuteczne ch\u0142odzenie koron oraz zminimalizuje pylenie podczas wiercenia.<\/p>\n<p>Cechy:<\/p>\n<ul>\n<li>Trzybiegowa przek\u0142adnia<\/li>\n<li>System dozowania wody<\/li>\n<li>Uniwersalne mocowanie koron 1 \u00bc&#8221;<\/li>\n<li>Statyw umo\u017cliwiaj\u0105cy zakotwienie do pod\u0142o\u017ca<\/li>\n<li>System szybkiej wymiany szczotek elektrografitowych<\/li>\n<\/ul>\n<p>Dane techniczne:<\/p>\n<ul>\n<li>Napi\u0119cie: 230V<\/li>\n<li>Cz\u0119stotliwo\u015b\u0107: 50 Hz<\/li>\n<li>Moc silnika: 1500W<\/li>\n<li>Ilo\u015b\u0107 bieg\u00f3w:3<\/li>\n<li>Pr\u0119dko\u015b\u0107 obrotowa: 880\/1980\/3960 obr\/min<\/li>\n<li>Prze\u015bwit wiertnicy na statywie: 450 mm<\/li>\n<li>Skok wiertnicy na statywie: 450 mm<\/li>\n<li>Zakres \u015brednic wierconych otwor\u00f3w: 32-90 mm<\/li>\n<li>\u015arednica gwintu mocuj\u0105cego: 1 \u00bc&#8221;<\/li>\n<li>Stopie\u0144 ochrony: IP20<\/li>\n<li>Waga: 20 kg<\/li>\n<\/ul>\n<p>Kompletacja:<\/p>\n<ul>\n<li>Statyw z podstaw\u0105 i uchwytem wiertnicy<\/li>\n<li>Rami\u0119 d\u017awigni<\/li>\n<li>Nakr\u0119tka ramienia d\u017awigni<\/li>\n<li>Nakr\u0119tka z nakie\u0142kiem<\/li>\n<li>Klucz ampulowy 4, 5, 6 mm<\/li>\n<li>Klucz p\u0142aski<\/li>\n<li>Komplet szczotek elektrografitowych<\/li>\n<\/ul>\n<\/td>\n<\/tr>\n<tr>\n<td>\u00a0<\/td>\n<\/tr>\n<\/table>\n","protected":false},"excerpt":{"rendered":"<p>Wiertnica do betonu Dedra 1500W<\/p>\n","protected":false},"featured_media":1967,"comment_status":"open","ping_status":"closed","template":"","meta":[],"product_brand":[],"product_cat":[33],"product_tag":[],"class_list":{"0":"post-1968","1":"product","2":"type-product","3":"status-publish","4":"has-post-thumbnail","6":"product_cat-narzedzia-dedra","8":"first","9":"instock","10":"taxable","11":"shipping-taxable","12":"purchasable","13":"product-type-simple"},"_links":{"self":[{"href":"https:\/\/precto.pl\/sklep\/wp-json\/wp\/v2\/product\/1968","targetHints":{"allow":["GET"]}}],"collection":[{"href":"https:\/\/precto.pl\/sklep\/wp-json\/wp\/v2\/product"}],"about":[{"href":"https:\/\/precto.pl\/sklep\/wp-json\/wp\/v2\/types\/product"}],"replies":[{"embeddable":true,"href":"https:\/\/precto.pl\/sklep\/wp-json\/wp\/v2\/comments?post=1968"}],"wp:featuredmedia":[{"embeddable":true,"href":"https:\/\/precto.pl\/sklep\/wp-json\/wp\/v2\/media\/1967"}],"wp:attachment":[{"href":"https:\/\/precto.pl\/sklep\/wp-json\/wp\/v2\/media?parent=1968"}],"wp:term":[{"taxonomy":"product_brand","embeddable":true,"href":"https:\/\/precto.pl\/sklep\/wp-json\/wp\/v2\/product_brand?post=1968"},{"taxonomy":"product_cat","embeddable":true,"href":"https:\/\/precto.pl\/sklep\/wp-json\/wp\/v2\/product_cat?post=1968"},{"taxonomy":"product_tag","embeddable":true,"href":"https:\/\/precto.pl\/sklep\/wp-json\/wp\/v2\/product_tag?post=1968"}],"curies":[{"name":"wp","href":"https:\/\/api.w.org\/{rel}","templated":true}]}}