{"id":1964,"date":"2022-01-18T06:10:44","date_gmt":"2022-01-18T05:10:44","guid":{"rendered":"https:\/\/precto.pl\/sklep\/produkt\/wiertarko-wkretarka-akumulatorowa-dedra-18v-torba\/"},"modified":"2022-10-06T12:03:23","modified_gmt":"2022-10-06T10:03:23","slug":"wiertarko-wkretarka-akumulatorowa-dedra-18v-torba","status":"publish","type":"product","link":"https:\/\/precto.pl\/sklep\/wiertarko-wkretarka-akumulatorowa-dedra-18v-torba\/","title":{"rendered":"Wiertarko-wkr\u0119tarka akumulatorowa Dedra 18V +Torba"},"content":{"rendered":"<table width=\"100%\">\n<tr>\n<td width=\"50%\">\n<p>Zestaw elektronarz\u0119dzi akumulatorowych z rodziny SAS+ALL zawieraj\u0105cy wszystkie potrzebne elementy do szybkiego rozpocz\u0119cia pracy. Idealny wyb\u00f3r na pierwszy zakup elektronarz\u0119dzi DEDRA SAS+ALL. Zestaw zawiera:<\/p>\n<p>Wiertarko-wkr\u0119tarka akumulatorowa to narz\u0119dzie przydatne w ka\u017cdym domu. Znajdzie zastosowanie zar\u00f3wno w warsztacie majsterkowicza jak i u profesjonalist\u00f3w z bran\u017cy remontowo-budowlanej. Za pomoc\u0105 tej wkr\u0119tarki, kt\u00f3rej moment obrotowy wynosi 35 Nm , doskonale poradzimy sobie z wkr\u0119caniem i wierceniem w takich materia\u0142ach jak drewno, metal, plastik, tworzywa sztuczne. Obudowa wykonana zosta\u0142a z nylonu z domieszk\u0105 w\u0142\u00f3kna szklanego, dzi\u0119ki temu zwi\u0119kszona zosta\u0142a odporno\u015b\u0107 na uszkodzenia mechaniczne i promieniowanie UV. Ergonomi\u0119 oraz komfort pracy poprawiaj\u0105: niewielka waga urz\u0105dzenia oraz podgumowany uchwyt. Dodatkowe o\u015bwietlenie LED sprawi, \u017ce precyzyjnie wykonamy prac\u0119 w niedo\u015bwietlonych, trudno dost\u0119pnych miejscach.<\/p>\n<p>Cechy:<\/p>\n<ul>\n<li>moment obrotowy 35 Nm<\/li>\n<li>19+1 nastaw momentu obrotowego<\/li>\n<li>dodatkowy zaczep na pasek<\/li>\n<li>podgumowana r\u0119koje\u015b\u0107<\/li>\n<li>o\u015bwietlenie LED<\/li>\n<li>obroty lewo-prawo<\/li>\n<li>dwa biegi<\/li>\n<\/ul>\n<p>Dane techniczne:<\/p>\n<ul>\n<li>Napi\u0119cie \u2013 18V<\/li>\n<li>Moc \u2013 35 Nm<\/li>\n<li>Waga \u2013 1,4 Kg<\/li>\n<li>Przybli\u017cony czas pracy dla akumulatora 2.0Ah : 270szt. wkr\u0119t\u00f3w do drewna 6x60mm<\/li>\n<li>Przybli\u017cony czas pracy dla akumulatora 4.0Ah : 640szt. wkr\u0119t\u00f3w do drewna 6x60mm<\/li>\n<\/ul>\n<p>Akumulator\u00a0 o pojemno\u015bci 2.0Ah to podstawowy produkt do zasilania narz\u0119dzi akumulatorowych z serii SAS+ALL. Akumulator wykonany jest w technologii litowo-jonowej, co pozwala do\u0142adowywa\u0107 baterie w dowolnym momencie bez tzw. efektu pami\u0119ci. 3 diody umieszczone na obudowie akumulatora informuj\u0105 nas o bie\u017c\u0105cym stanie na\u0142adowania(100%50%wymaga \u0142adowania). Dolna cz\u0119\u015b\u0107 obudowy pokryta gum\u0105 zwi\u0119ksza komfort pracy i bezpiecze\u0144stwo przed przypadkowym uszkodzeniem.<\/p>\n<p>Cechy:<\/p>\n<ul>\n<li>Dolna cz\u0119\u015b\u0107 obudowy pokryta gum\u0105 zabezpiecza akumulator przed uszkodzeniem<\/li>\n<li>Wska\u017anik na\u0142adowania akumulatora<\/li>\n<li>Technologia litowo-jonowa &#8211; brak efektu pami\u0119ci<\/li>\n<\/ul>\n<p>Dane techniczne:<\/p>\n<ul>\n<li>Napi\u0119cie- 18V<\/li>\n<li>Waga- 0,5 Kg<\/li>\n<\/ul>\n<\/td>\n<\/tr>\n<tr>\n<td>\u00a0<\/td>\n<\/tr>\n<\/table>\n","protected":false},"excerpt":{"rendered":"<p>Wiertarko-wkr\u0119tarka akumulatorowa Dedra 18V +Torba<\/p>\n","protected":false},"featured_media":1959,"comment_status":"open","ping_status":"closed","template":"","meta":[],"product_brand":[],"product_cat":[33],"product_tag":[],"class_list":{"0":"post-1964","1":"product","2":"type-product","3":"status-publish","4":"has-post-thumbnail","6":"product_cat-narzedzia-dedra","8":"first","9":"instock","10":"taxable","11":"shipping-taxable","12":"purchasable","13":"product-type-simple"},"_links":{"self":[{"href":"https:\/\/precto.pl\/sklep\/wp-json\/wp\/v2\/product\/1964","targetHints":{"allow":["GET"]}}],"collection":[{"href":"https:\/\/precto.pl\/sklep\/wp-json\/wp\/v2\/product"}],"about":[{"href":"https:\/\/precto.pl\/sklep\/wp-json\/wp\/v2\/types\/product"}],"replies":[{"embeddable":true,"href":"https:\/\/precto.pl\/sklep\/wp-json\/wp\/v2\/comments?post=1964"}],"wp:featuredmedia":[{"embeddable":true,"href":"https:\/\/precto.pl\/sklep\/wp-json\/wp\/v2\/media\/1959"}],"wp:attachment":[{"href":"https:\/\/precto.pl\/sklep\/wp-json\/wp\/v2\/media?parent=1964"}],"wp:term":[{"taxonomy":"product_brand","embeddable":true,"href":"https:\/\/precto.pl\/sklep\/wp-json\/wp\/v2\/product_brand?post=1964"},{"taxonomy":"product_cat","embeddable":true,"href":"https:\/\/precto.pl\/sklep\/wp-json\/wp\/v2\/product_cat?post=1964"},{"taxonomy":"product_tag","embeddable":true,"href":"https:\/\/precto.pl\/sklep\/wp-json\/wp\/v2\/product_tag?post=1964"}],"curies":[{"name":"wp","href":"https:\/\/api.w.org\/{rel}","templated":true}]}}