{"id":1949,"date":"2022-01-18T06:10:16","date_gmt":"2022-01-18T05:10:16","guid":{"rendered":"https:\/\/precto.pl\/sklep\/produkt\/wentylator-akumulatorowy-18v-dedra-230mm\/"},"modified":"2022-10-06T12:03:23","modified_gmt":"2022-10-06T10:03:23","slug":"wentylator-akumulatorowy-18v-dedra-230mm","status":"publish","type":"product","link":"https:\/\/precto.pl\/sklep\/wentylator-akumulatorowy-18v-dedra-230mm\/","title":{"rendered":"Wentylator akumulatorowy 18V DEDRA 230mm"},"content":{"rendered":"<table width=\"100%\">\n<tr>\n<td width=\"50%\">\n<p>Dzieki nowoczesnemu wzornictwu wentylator idealnie wkomponuje si\u0119 w przestrze\u0144 domow\u0105 czy biurow\u0105. Wentylator posiada dwustopniow\u0105 regulacj\u0119 pr\u0119dko\u015bci, dzi\u0119ki kt\u00f3rej dostosujesz przep\u0142yw powietrza do swoich potrzeb. K\u0105t nachylenia wentylatora mo\u017cemy regulowa\u0107 w zakresie od 0-360\u00b0. Dodatkowo wentylator posiada haczyk na kt\u00f3rym mo\u017cemy powiesi\u0107 go na \u015bcianie.<\/p>\n<p>Cechy:<\/p>\n<ul>\n<li>Mobilno\u015b\u0107<\/li>\n<li>Wentylator zasilany akumulatorowo\/z baterii<\/li>\n<li>Mo\u017cliwo\u015b\u0107 powieszenia<\/li>\n<li>Akumulator kompatybilny z wieloma elektronarz\u0119dziami<\/li>\n<\/ul>\n<p>Dane Techniczne:<\/p>\n<ul>\n<li>Zasilanie: 18V<\/li>\n<li>\u015arednica wentylatora: 9&#8243; \/ 230mm<\/li>\n<li>ilo\u015b\u0107 bieg\u00f3w: 2.<\/li>\n<li>Zmiana k\u0105ta nachylenia g\u0142owicy: tak<\/li>\n<\/ul>\n<p><b>Produkt nie zawiera akumulatora i \u0142adowarki !<\/b><\/p>\n<p><b>Podczas zakupu nie zapomnij o \u0142adowarce i akumulatorze ! (dost\u0119pne na naszych innych aukcjach)<\/b><\/p>\n<\/td>\n<\/tr>\n<tr>\n<td>\u00a0<\/td>\n<\/tr>\n<\/table>\n","protected":false},"excerpt":{"rendered":"<p>Wentylator akumulatorowy 18V DEDRA 230mm<\/p>\n","protected":false},"featured_media":1942,"comment_status":"open","ping_status":"closed","template":"","meta":[],"product_brand":[],"product_cat":[33],"product_tag":[],"class_list":{"0":"post-1949","1":"product","2":"type-product","3":"status-publish","4":"has-post-thumbnail","6":"product_cat-narzedzia-dedra","8":"first","9":"instock","10":"taxable","11":"shipping-taxable","12":"purchasable","13":"product-type-simple"},"_links":{"self":[{"href":"https:\/\/precto.pl\/sklep\/wp-json\/wp\/v2\/product\/1949","targetHints":{"allow":["GET"]}}],"collection":[{"href":"https:\/\/precto.pl\/sklep\/wp-json\/wp\/v2\/product"}],"about":[{"href":"https:\/\/precto.pl\/sklep\/wp-json\/wp\/v2\/types\/product"}],"replies":[{"embeddable":true,"href":"https:\/\/precto.pl\/sklep\/wp-json\/wp\/v2\/comments?post=1949"}],"wp:featuredmedia":[{"embeddable":true,"href":"https:\/\/precto.pl\/sklep\/wp-json\/wp\/v2\/media\/1942"}],"wp:attachment":[{"href":"https:\/\/precto.pl\/sklep\/wp-json\/wp\/v2\/media?parent=1949"}],"wp:term":[{"taxonomy":"product_brand","embeddable":true,"href":"https:\/\/precto.pl\/sklep\/wp-json\/wp\/v2\/product_brand?post=1949"},{"taxonomy":"product_cat","embeddable":true,"href":"https:\/\/precto.pl\/sklep\/wp-json\/wp\/v2\/product_cat?post=1949"},{"taxonomy":"product_tag","embeddable":true,"href":"https:\/\/precto.pl\/sklep\/wp-json\/wp\/v2\/product_tag?post=1949"}],"curies":[{"name":"wp","href":"https:\/\/api.w.org\/{rel}","templated":true}]}}