{"id":1921,"date":"2022-01-18T06:09:50","date_gmt":"2022-01-18T05:09:50","guid":{"rendered":"https:\/\/precto.pl\/sklep\/produkt\/walek-przepustnicy-gaznik-stihl-fs120-fs200-fs250\/"},"modified":"2022-10-06T11:13:11","modified_gmt":"2022-10-06T09:13:11","slug":"walek-przepustnicy-gaznik-stihl-fs120-fs200-fs250","status":"publish","type":"product","link":"https:\/\/precto.pl\/sklep\/walek-przepustnicy-gaznik-stihl-fs120-fs200-fs250\/","title":{"rendered":"WA\u0141EK PRZEPUSTNICY GA\u0179NIK STIHL FS120 FS200 FS250"},"content":{"rendered":"<table width=\"100%\">\n<tr>\n<td width=\"50%\">\n<h3>WA\u0141EK PRZEPUSTNICY GA\u0179NIK STIHL FS120 FS200 FS250<\/h3>\n<p><b>NAJWY\u017bSZEJ KLASY PRODUKT<\/b><\/p>\n<p><b>STOSOWANY W GA\u0179NIKACH ZAMA<\/b><\/p>\n<ul>\n<li>C1Q-S161, -S162, -S163, -S164, -S82, -S83, -S138, -S139<\/li>\n<\/ul>\n<p><b>NUMER KATALOGOWY :<\/b><\/p>\n<h3>4134 120 7101<\/h3>\n<p><b>PASUJE DO MODELI :<\/b><\/p>\n<h3>STIHL :<\/h3>\n<ul>\n<li>FS 120<\/li>\n<li>FS 200<\/li>\n<li>FS 250<\/li>\n<\/ul>\n<p><b>WYSOKIEJ KLASY PRODUKT STOSOWANY Z POWODZENIEM W NASZYM SERWISIE, KLIENCI KT\u00d3RZY ZAKUPILI WW. PRODUKT S\u0104 ZADOWOLENI Z WYSOKIEJ JAKO\u015aCI I NISKIEJ CENY !!<\/b><\/p>\n<p><b>WYSY\u0141KA W CI\u0104GU 24 GODZIN OD ZAM\u00d3WIENIA !!<\/b><\/p>\n<p><b>Paragon \/ FV<\/b><\/p>\n<\/td>\n<\/tr>\n<tr>\n<td>\u00a0<\/td>\n<\/tr>\n<tr>\n<td colspan=\"2\">\n<p>Przy zakupie kilku produkt\u00f3w w naszym sklepie za przesy\u0142k\u0119 zap\u0142ac\u0105 Pa\u0144stwo tylko raz.<\/p>\n<p>W naszym sklepie internetowym znajd\u0105 pa\u0144stwo szeroki asortyment cz\u0119\u015bci do:<\/p>\n<ul>\n<li>pilarek spalinowych i elektrycznych wielu marek m.in. stihl, husqvarna, dolmar, makita, oleo mac, solo, jonserad itp.<\/li>\n<li>kos spalinowych ww. marek<\/li>\n<li>kosiarek spalinowych z silnikami briggs &amp; stratton, loncin, honda<\/li>\n<li>przecinarek do betonu<\/li>\n<li>maszyn budowlanych wacker<\/li>\n<li>wielu innych maszyn i urz\u0105dze\u0144 wykorzystywanych w przydomowych pracach<\/li>\n<li>oraz pilniki, \u0142a\u0144cuchy, prowadnice, oleje, \u015brodki ochrony osobistej i wiele innych produkt\u00f3w i urz\u0105dze\u0144 pomocnych przy pracy w lesie, domu czy ogrodzie.<\/li>\n<\/ul>\n<p>Ci\u0105gle poszerzamy nasz\u0105 ofert\u0119 o nowe produkty, poszukuj\u0105c jak najlepszych rozwi\u0105za\u0144 dla naszych klient\u00f3w.<\/p>\n<\/td>\n<\/tr>\n<tr>\n<td>\u00a0<\/td>\n<\/tr>\n<\/table>\n","protected":false},"excerpt":{"rendered":"<p>WA\u0141EK PRZEPUSTNICY GA\u0179NIK STIHL FS120 FS200 FS250<\/p>\n","protected":false},"featured_media":1919,"comment_status":"open","ping_status":"closed","template":"","meta":[],"product_brand":[],"product_cat":[27],"product_tag":[],"class_list":{"0":"post-1921","1":"product","2":"type-product","3":"status-publish","4":"has-post-thumbnail","6":"product_cat-gazniki","8":"first","9":"instock","10":"taxable","11":"shipping-taxable","12":"purchasable","13":"product-type-simple"},"_links":{"self":[{"href":"https:\/\/precto.pl\/sklep\/wp-json\/wp\/v2\/product\/1921","targetHints":{"allow":["GET"]}}],"collection":[{"href":"https:\/\/precto.pl\/sklep\/wp-json\/wp\/v2\/product"}],"about":[{"href":"https:\/\/precto.pl\/sklep\/wp-json\/wp\/v2\/types\/product"}],"replies":[{"embeddable":true,"href":"https:\/\/precto.pl\/sklep\/wp-json\/wp\/v2\/comments?post=1921"}],"wp:featuredmedia":[{"embeddable":true,"href":"https:\/\/precto.pl\/sklep\/wp-json\/wp\/v2\/media\/1919"}],"wp:attachment":[{"href":"https:\/\/precto.pl\/sklep\/wp-json\/wp\/v2\/media?parent=1921"}],"wp:term":[{"taxonomy":"product_brand","embeddable":true,"href":"https:\/\/precto.pl\/sklep\/wp-json\/wp\/v2\/product_brand?post=1921"},{"taxonomy":"product_cat","embeddable":true,"href":"https:\/\/precto.pl\/sklep\/wp-json\/wp\/v2\/product_cat?post=1921"},{"taxonomy":"product_tag","embeddable":true,"href":"https:\/\/precto.pl\/sklep\/wp-json\/wp\/v2\/product_tag?post=1921"}],"curies":[{"name":"wp","href":"https:\/\/api.w.org\/{rel}","templated":true}]}}