{"id":1845,"date":"2022-01-18T06:08:19","date_gmt":"2022-01-18T05:08:19","guid":{"rendered":"https:\/\/precto.pl\/sklep\/produkt\/prowadnica-18-husqvarna-365-372xp-395-562xp\/"},"modified":"2022-10-06T13:28:02","modified_gmt":"2022-10-06T11:28:02","slug":"prowadnica-18-husqvarna-365-372xp-395-562xp","status":"publish","type":"product","link":"https:\/\/precto.pl\/sklep\/prowadnica-18-husqvarna-365-372xp-395-562xp\/","title":{"rendered":"PROWADNICA 18&#8243; HUSQVARNA 365 372XP 395 562XP"},"content":{"rendered":"<table width=\"100%\">\n<tr>\n<td width=\"50%\">\n<h3>PROWADNICA 18&#8243; HUSQVARNA 365 372XP 395 562XP<\/h3>\n<p><b>PRODUKT NOWY, ORYGINALNIE ZAPAKOWANY<\/b><\/p>\n<p><b>PRODUCENT :<\/b> OREGON<\/p>\n<p><b>MODEL :\u00a0<\/b>188VXLHD009<\/p>\n<ul>\n<li>VersaCutTM\u00a0&#8211; wszechstronno\u015b\u0107 przede wszystkim<\/li>\n<li>Prowadnica VersaCutTM\u00a0 nadaje si\u0119 do uk\u0142ad\u00f3w tn\u0105cych przeznaczonych do ci\u0119cia ka\u017cdego rodzaju drzewa &#8211; o r\u00f3\u017cnej grubo\u015bci. Nie wymaga wielu dodatkowych czynno\u015bci, aby pozosta\u0142a w dobrym stanie i s\u0142u\u017cy\u0142a przez d\u0142ugi czas. Zmniejszona waga zapewnia tak\u017ce zwi\u0119kszon\u0105 kontrol\u0119 nad ci\u0119ciem i mniejsze zm\u0119czenie operatora.<\/li>\n<li>Oregon VersaCutTM\u00a0to nowe prowadnice wyprodukowane przede wszystkim na potrzeby os\u00f3b ceni\u0105cych sobie wszechstronno\u015b\u0107 i prac\u0119 w zmiennym \u015brodowisku. Stosowane i doceniane s\u0105\u00a0przede wszystkim przez arboryst\u00f3w i sadownik\u00f3w.<\/li>\n<\/ul>\n<h3>PARAMETRY :<\/h3>\n<p><b>LICZBA OGNIW : 68<\/b><\/p>\n<p><b>LICZBA Z\u0118B\u00d3W : 34<\/b><\/p>\n<p><b>SKOK \u0141A\u0143CUCHA : 3\/8 CALA<\/b><\/p>\n<p><b>ROWEK PROWADZ\u0104CY : 1,5 MM<\/b><\/p>\n<p><b>D\u0141UGO\u015a\u0106 PROWADNICY : 45 CM \/ 16&#8243;<\/b><\/p>\n<p><b>LICZBA NIT\u00d3W : 5<\/b><\/p>\n<p><b>ILO\u015a\u0106 Z\u0118B\u00d3W NA NOSKU : 11<\/b><\/p>\n<\/td>\n<\/tr>\n<tr>\n<td>\u00a0<\/td>\n<\/tr>\n<tr>\n<td colspan=\"2\">\n<h3>PASUJE DO MODELI :<\/h3>\n<ul>\n<li><b>Husqvarna:<\/b> 365,\u00a0372XP,\u00a0160,\u00a0162,\u00a0181,\u00a0260,\u00a0266,\u00a0268,\u00a0281XP,\u00a0285,\u00a0288XP,\u00a0298,\u00a0298X,\u00a0298XG,\u00a03120,\u00a03120XP,\u00a0371,\u00a0371XP,\u00a0371XPG,\u00a0372,\u00a0372XPG,\u00a0380,\u00a0385,\u00a0385XP,\u00a0394,\u00a0394XP,\u00a0394XPG,\u00a0395,\u00a0395XP,\u00a0395XPG,\u00a0480,\u00a0562XP,\u00a0570,\u00a0575,\u00a0575XP,\u00a064,\u00a065,\u00a066,\u00a070,\u00a077,\u00a01100,\u00a02100XP,\u00a02101,\u00a02101XP,\u00a0576XP,\u00a061,\u00a0272,<\/li>\n<li><b>Solo:<\/b> 665,\u00a0603,\u00a0662,\u00a0667,\u00a0670,\u00a0675,\u00a0680,\u00a0681,\u00a0690,\u00a0694,<\/li>\n<li><b>Makita:<\/b> DCS6400,\u00a0DCS6401,\u00a0DCS7300,\u00a0DCS7301,\u00a0DCS9000,\u00a0DCS79001,\u00a0DCS9010,\u00a0DCS7900,<\/li>\n<li><b>Jonsered:<\/b> 1020,\u00a02065,\u00a02071,\u00a02077,\u00a02083,\u00a02094,\u00a02095,\u00a02165,\u00a02171,\u00a02186,\u00a0625,\u00a0630,\u00a0630 SUPER,\u00a0670,\u00a0670 CHAMP,\u00a0820,<\/li>\n<li><b>Dolmar:<\/b> PS6400,\u00a0PS6400H,\u00a0PS7300,\u00a0PS7300H,\u00a0PS7900,\u00a0PS7900H,\u00a0PS9000,\u00a0PS9010,<\/li>\n<li><b>Partner:<\/b> 660,\u00a0P7700,\u00a0710,<\/li>\n<li><b>Alpina:<\/b> PROF700,\u00a0PROF800,\u00a0P660,\u00a0P680,\u00a0P700,\u00a0P750,\u00a0P800,<\/li>\n<li><b>Echo:<\/b> CS350WES,\u00a0CS3500,\u00a0CS351WE,<\/li>\n<li><b>Shindaiwa:<\/b> 285,\u00a0300,\u00a0550,\u00a0577,\u00a0757,\u00a0575,<\/li>\n<\/ul>\n<\/td>\n<\/tr>\n<tr>\n<td>\u00a0<\/td>\n<\/tr>\n<tr>\n<td colspan=\"2\">\n<p>Przy zakupie kilku produkt\u00f3w w naszym sklepie za przesy\u0142k\u0119 zap\u0142ac\u0105 Pa\u0144stwo tylko raz.<\/p>\n<p>W naszym sklepie internetowym znajd\u0105 pa\u0144stwo szeroki asortyment cz\u0119\u015bci do:<\/p>\n<ul>\n<li>pilarek spalinowych i elektrycznych wielu marek m.in. stihl, husqvarna, dolmar, makita, oleo mac, solo, jonserad itp.<\/li>\n<li>kos spalinowych ww. marek<\/li>\n<li>kosiarek spalinowych z silnikami briggs &amp; stratton, loncin, honda<\/li>\n<li>przecinarek do betonu<\/li>\n<li>maszyn budowlanych wacker<\/li>\n<li>wielu innych maszyn i urz\u0105dze\u0144 wykorzystywanych w przydomowych pracach<\/li>\n<li>oraz pilniki, \u0142a\u0144cuchy, prowadnice, oleje, \u015brodki ochrony osobistej i wiele innych produkt\u00f3w i urz\u0105dze\u0144 pomocnych przy pracy w lesie, domu czy ogrodzie.<\/li>\n<\/ul>\n<p>Ci\u0105gle poszerzamy nasz\u0105 ofert\u0119 o nowe produkty, poszukuj\u0105c jak najlepszych rozwi\u0105za\u0144 dla naszych klient\u00f3w.<\/p>\n<\/td>\n<\/tr>\n<tr>\n<td>\u00a0<\/td>\n<\/tr>\n<\/table>\n","protected":false},"excerpt":{"rendered":"<p>PROWADNICA 18&#8243; HUSQVARNA 365 372XP 395 562XP<\/p>\n","protected":false},"featured_media":1844,"comment_status":"open","ping_status":"closed","template":"","meta":[],"product_brand":[],"product_cat":[35],"product_tag":[],"class_list":{"0":"post-1845","1":"product","2":"type-product","3":"status-publish","4":"has-post-thumbnail","6":"product_cat-prowadnice-i-lancuchy","8":"first","9":"instock","10":"taxable","11":"shipping-taxable","12":"purchasable","13":"product-type-simple"},"_links":{"self":[{"href":"https:\/\/precto.pl\/sklep\/wp-json\/wp\/v2\/product\/1845","targetHints":{"allow":["GET"]}}],"collection":[{"href":"https:\/\/precto.pl\/sklep\/wp-json\/wp\/v2\/product"}],"about":[{"href":"https:\/\/precto.pl\/sklep\/wp-json\/wp\/v2\/types\/product"}],"replies":[{"embeddable":true,"href":"https:\/\/precto.pl\/sklep\/wp-json\/wp\/v2\/comments?post=1845"}],"wp:featuredmedia":[{"embeddable":true,"href":"https:\/\/precto.pl\/sklep\/wp-json\/wp\/v2\/media\/1844"}],"wp:attachment":[{"href":"https:\/\/precto.pl\/sklep\/wp-json\/wp\/v2\/media?parent=1845"}],"wp:term":[{"taxonomy":"product_brand","embeddable":true,"href":"https:\/\/precto.pl\/sklep\/wp-json\/wp\/v2\/product_brand?post=1845"},{"taxonomy":"product_cat","embeddable":true,"href":"https:\/\/precto.pl\/sklep\/wp-json\/wp\/v2\/product_cat?post=1845"},{"taxonomy":"product_tag","embeddable":true,"href":"https:\/\/precto.pl\/sklep\/wp-json\/wp\/v2\/product_tag?post=1845"}],"curies":[{"name":"wp","href":"https:\/\/api.w.org\/{rel}","templated":true}]}}