{"id":1769,"date":"2022-01-18T06:06:33","date_gmt":"2022-01-18T05:06:33","guid":{"rendered":"https:\/\/precto.pl\/sklep\/produkt\/pompka-gaznika-primer-stihl-fs300-fs350-fs380-fs94-2\/"},"modified":"2022-10-06T11:13:11","modified_gmt":"2022-10-06T09:13:11","slug":"pompka-gaznika-primer-stihl-fs300-fs350-fs380-fs94-2","status":"publish","type":"product","link":"https:\/\/precto.pl\/sklep\/pompka-gaznika-primer-stihl-fs300-fs350-fs380-fs94-2\/","title":{"rendered":"POMPKA GA\u0179NIKA PRIMER STIHL FS300 FS350 FS380 FS94"},"content":{"rendered":"<table width=\"100%\">\n<tr>\n<td width=\"50%\">\n<h3>POMPKA GA\u0179NIKA PRIMER STIHL FS300 FS350 FS380 FS94<\/h3>\n<p><b>PRODUKT NOWY, NAJWY\u017bSZEJ KLASY, NIEZAWODNY<\/b><\/p>\n<p>NUMER KATALOGOWY :<\/p>\n<h3>0000 350 6201<\/h3>\n<p><b>PASUJE DO :<\/b><\/p>\n<h3>STIHL<\/h3>\n<ul>\n<li>FS 120, FS 120 R, FS 200, FS 200 R, FS 250, FS 250 R<\/li>\n<li>FS 300, FS 350, FS 380<\/li>\n<li>FS 400, FS 450, FS 480<\/li>\n<li>FS 94, FS 94 C, FS 94 R, FS 94 RC<\/li>\n<li>MS 271 C<\/li>\n<li>MS 291 C<\/li>\n<li>MS 261 C<\/li>\n<li>MS 241 C<\/li>\n<li>HS 46, HS 46 C, HS 56 C<\/li>\n<\/ul>\n<h3>Paragon \/ FV<\/h3>\n<\/td>\n<\/tr>\n<tr>\n<td>\u00a0<\/td>\n<\/tr>\n<tr>\n<td colspan=\"2\">\n<p>Przy zakupie kilku produkt\u00f3w w naszym sklepie za przesy\u0142k\u0119 zap\u0142ac\u0105 Pa\u0144stwo tylko raz.<\/p>\n<p>W naszym sklepie internetowym znajd\u0105 pa\u0144stwo szeroki asortyment cz\u0119\u015bci do:<\/p>\n<ul>\n<li>pilarek spalinowych i elektrycznych wielu marek m.in. stihl, husqvarna, dolmar, makita, oleo mac, solo, jonserad itp.<\/li>\n<li>kos spalinowych ww. marek<\/li>\n<li>kosiarek spalinowych z silnikami briggs &amp; stratton, loncin, honda<\/li>\n<li>przecinarek do betonu<\/li>\n<li>maszyn budowlanych wacker<\/li>\n<li>wielu innych maszyn i urz\u0105dze\u0144 wykorzystywanych w przydomowych pracach<\/li>\n<li>oraz pilniki, \u0142a\u0144cuchy, prowadnice, oleje, \u015brodki ochrony osobistej i wiele innych produkt\u00f3w i urz\u0105dze\u0144 pomocnych przy pracy w lesie, domu czy ogrodzie.<\/li>\n<\/ul>\n<p>Ci\u0105gle poszerzamy nasz\u0105 ofert\u0119 o nowe produkty, poszukuj\u0105c jak najlepszych rozwi\u0105za\u0144 dla naszych klient\u00f3w.<\/p>\n<\/td>\n<\/tr>\n<tr>\n<td>\u00a0<\/td>\n<\/tr>\n<\/table>\n","protected":false},"excerpt":{"rendered":"<p>POMPKA GA\u0179NIKA PRIMER STIHL FS300 FS350 FS380 FS94<\/p>\n","protected":false},"featured_media":1768,"comment_status":"open","ping_status":"closed","template":"","meta":[],"product_brand":[],"product_cat":[27],"product_tag":[],"class_list":{"0":"post-1769","1":"product","2":"type-product","3":"status-publish","4":"has-post-thumbnail","6":"product_cat-gazniki","8":"first","9":"instock","10":"taxable","11":"shipping-taxable","12":"purchasable","13":"product-type-simple"},"_links":{"self":[{"href":"https:\/\/precto.pl\/sklep\/wp-json\/wp\/v2\/product\/1769","targetHints":{"allow":["GET"]}}],"collection":[{"href":"https:\/\/precto.pl\/sklep\/wp-json\/wp\/v2\/product"}],"about":[{"href":"https:\/\/precto.pl\/sklep\/wp-json\/wp\/v2\/types\/product"}],"replies":[{"embeddable":true,"href":"https:\/\/precto.pl\/sklep\/wp-json\/wp\/v2\/comments?post=1769"}],"wp:featuredmedia":[{"embeddable":true,"href":"https:\/\/precto.pl\/sklep\/wp-json\/wp\/v2\/media\/1768"}],"wp:attachment":[{"href":"https:\/\/precto.pl\/sklep\/wp-json\/wp\/v2\/media?parent=1769"}],"wp:term":[{"taxonomy":"product_brand","embeddable":true,"href":"https:\/\/precto.pl\/sklep\/wp-json\/wp\/v2\/product_brand?post=1769"},{"taxonomy":"product_cat","embeddable":true,"href":"https:\/\/precto.pl\/sklep\/wp-json\/wp\/v2\/product_cat?post=1769"},{"taxonomy":"product_tag","embeddable":true,"href":"https:\/\/precto.pl\/sklep\/wp-json\/wp\/v2\/product_tag?post=1769"}],"curies":[{"name":"wp","href":"https:\/\/api.w.org\/{rel}","templated":true}]}}