{"id":1755,"date":"2022-01-18T06:06:17","date_gmt":"2022-01-18T05:06:17","guid":{"rendered":"https:\/\/precto.pl\/sklep\/produkt\/prostownik-mikroprocesorowy-dedra\/"},"modified":"2022-10-06T12:03:24","modified_gmt":"2022-10-06T10:03:24","slug":"prostownik-mikroprocesorowy-dedra","status":"publish","type":"product","link":"https:\/\/precto.pl\/sklep\/prostownik-mikroprocesorowy-dedra\/","title":{"rendered":"Prostownik mikroprocesorowy DEDRA"},"content":{"rendered":"<table width=\"100%\">\n<tr>\n<td width=\"50%\">\n<p>Prostownik to urz\u0105dzenie przeznaczone do \u0142adowania akumulator\u00f3w kwasowo-o\u0142owiowych (mokrych), \u017celowych, AGM, LFP o napi\u0119ciu 6\/12V i pojemno\u015bciach 3-200 Ah, kt\u00f3re s\u0105 stosowane w motocyklach, samochodach osobowych itd. Urz\u0105dzenie przeznaczone do wykorzystywania w gospodarstwach domowych, warsztatach naprawczych, pracach amatorskich. Urz\u0105dzenie ma kompaktow\u0105 obudow\u0119. Dzi\u0119ki mikroprocesorowi prostownik sam przeprowadzi cykle \u0142adowania akumulatora dostosowuj\u0105c etapy pracy do kondycji akumulatora.<\/p>\n<p>Cechy:<\/p>\n<ul>\n<li>Wska\u017anik nat\u0119\u017cenia pr\u0105du<\/li>\n<li>Kompaktowa obudowa<\/li>\n<li>10 etap\u00f3w \u0142adowania<\/li>\n<li>Zabezpieczenie przeciwiskrowe<\/li>\n<li>Zabezpieczenie przed odwrotn\u0105 polaryzacj\u0105<\/li>\n<li>Zabezpieczenie przed prze\u0142adowaniem akumulatora<\/li>\n<li>Zabezpieczenie przeciwzwarciowe<\/li>\n<li>Zabezpieczenie przeci\u0105\u017ceniowe<\/li>\n<\/ul>\n<p>Dane techniczne:<\/p>\n<ul>\n<li>Napi\u0119cie zasilania [V]: 230 V<\/li>\n<li>Cz\u0119stotliwo\u015b\u0107: 50kHz<\/li>\n<li>Moc \u0142adowania: 160 W<\/li>\n<li>Poziom napi\u0119cia i nat\u0119\u017cenia \u0142adowania: 6V = 2A, 12V = 10A<\/li>\n<li>Pojemno\u015b\u0107 minimalna akumulatora: 3 Ah<\/li>\n<li>Pojemno\u015b\u0107 maksymalna akumulatora: 200 Ah<\/li>\n<li>Klasa ochronno\u015bci IP 65<\/li>\n<\/ul>\n<\/td>\n<\/tr>\n<tr>\n<td>\u00a0<\/td>\n<\/tr>\n<\/table>\n","protected":false},"excerpt":{"rendered":"<p>Prostownik mikroprocesorowy DEDRA<\/p>\n","protected":false},"featured_media":1754,"comment_status":"open","ping_status":"closed","template":"","meta":[],"product_brand":[],"product_cat":[33],"product_tag":[],"class_list":{"0":"post-1755","1":"product","2":"type-product","3":"status-publish","4":"has-post-thumbnail","6":"product_cat-narzedzia-dedra","8":"first","9":"instock","10":"taxable","11":"shipping-taxable","12":"purchasable","13":"product-type-simple"},"_links":{"self":[{"href":"https:\/\/precto.pl\/sklep\/wp-json\/wp\/v2\/product\/1755","targetHints":{"allow":["GET"]}}],"collection":[{"href":"https:\/\/precto.pl\/sklep\/wp-json\/wp\/v2\/product"}],"about":[{"href":"https:\/\/precto.pl\/sklep\/wp-json\/wp\/v2\/types\/product"}],"replies":[{"embeddable":true,"href":"https:\/\/precto.pl\/sklep\/wp-json\/wp\/v2\/comments?post=1755"}],"wp:featuredmedia":[{"embeddable":true,"href":"https:\/\/precto.pl\/sklep\/wp-json\/wp\/v2\/media\/1754"}],"wp:attachment":[{"href":"https:\/\/precto.pl\/sklep\/wp-json\/wp\/v2\/media?parent=1755"}],"wp:term":[{"taxonomy":"product_brand","embeddable":true,"href":"https:\/\/precto.pl\/sklep\/wp-json\/wp\/v2\/product_brand?post=1755"},{"taxonomy":"product_cat","embeddable":true,"href":"https:\/\/precto.pl\/sklep\/wp-json\/wp\/v2\/product_cat?post=1755"},{"taxonomy":"product_tag","embeddable":true,"href":"https:\/\/precto.pl\/sklep\/wp-json\/wp\/v2\/product_tag?post=1755"}],"curies":[{"name":"wp","href":"https:\/\/api.w.org\/{rel}","templated":true}]}}