{"id":1737,"date":"2022-01-18T06:05:57","date_gmt":"2022-01-18T05:05:57","guid":{"rendered":"https:\/\/precto.pl\/sklep\/produkt\/prostownik-z-rozruchem-dedra-1224v-40-400ah\/"},"modified":"2022-10-06T12:03:24","modified_gmt":"2022-10-06T10:03:24","slug":"prostownik-z-rozruchem-dedra-1224v-40-400ah","status":"publish","type":"product","link":"https:\/\/precto.pl\/sklep\/prostownik-z-rozruchem-dedra-1224v-40-400ah\/","title":{"rendered":"Prostownik z rozruchem DEDRA 12\/24V 40-400Ah"},"content":{"rendered":"<table width=\"100%\">\n<tr>\n<td width=\"50%\">\n<p>Prostownik to urz\u0105dzenie przeznaczone do \u0142adowania akumulator\u00f3w kwasowo-o\u0142owiowych o napi\u0119ciu 12\/24Vi pojemno\u015bci 40-400 Ah i o swobodnym przep\u0142ywie elektrolitu, kt\u00f3re s\u0105 stosowane w motocyklach, samochodach osobowych, samochodach dostawczych, na jachtach,w maszynach rolniczych itd.<\/p>\n<p>Prostownik DEP070 mo\u017ce pracowa\u0107 w trybie szybkiego \u0142adowania &#8220;BOOST&#8221;. Zastosowanie tego trybu jest wskazane w przypadku konieczno\u015bci szybkiego \u0142adowania akumulator\u00f3w.Funkcja &#8220;START&#8221; w kt\u00f3r\u0105 zosta\u0142 wyposa\u017cony prostownik s\u0142u\u017cy do rozruchu ca\u0142kowicie roz\u0142adowanego akumulatora.Obudowa zawiera kiesze\u0144 na przewody. Du\u017ce ko\u0142a i solidny uchwyt u\u0142atwiaj\u0105 transport.<\/p>\n<p>Cechy:<\/p>\n<ul>\n<li>Funkcja BOOST &#8211; szybkie \u0142adowanie<\/li>\n<li>Funkcja START &#8211; rozruch<\/li>\n<li>Wska\u017anik nat\u0119\u017cenia pr\u0105du<\/li>\n<li>Kiesze\u0144 na przewody<\/li>\n<li>Solidny uchwyt transportowy<\/li>\n<li>Du\u017ce k\u00f3\u0142ka transportowe<\/li>\n<\/ul>\n<p>Dane techniczne:<\/p>\n<ul>\n<li>Napi\u0119cie zasilania [V]: 230 V<\/li>\n<li>Cz\u0119stotliwo\u015b\u0107: 50kHz<\/li>\n<li>Moc \u0142adowania: 2000 W<\/li>\n<li>Napi\u0119cie wyj\u015bciowe: 12\/24V<\/li>\n<li>Pr\u0105d wyj\u015bciowy: 39\/40A<\/li>\n<li>Pojemno\u015b\u0107 minimalna akumulatora: 40 Ah<\/li>\n<li>Pojemno\u015b\u0107 maksymalna akumulatora: 400 Ah<\/li>\n<li>Zabezpieczenie pr\u0105dowe: 50 A<\/li>\n<li>Tryb szybkiego \u0142adowania: TAK<\/li>\n<li>Tryb rozruchu: TAK<\/li>\n<\/ul>\n<p>Kompletacja:<\/p>\n<ul>\n<li>Zapasowe bezpieczniki 3 szt.<\/li>\n<\/ul>\n<\/td>\n<\/tr>\n<tr>\n<td>\u00a0<\/td>\n<\/tr>\n<\/table>\n","protected":false},"excerpt":{"rendered":"<p>Prostownik z rozruchem DEDRA 12\/24V 40-400Ah<\/p>\n","protected":false},"featured_media":1736,"comment_status":"open","ping_status":"closed","template":"","meta":[],"product_brand":[],"product_cat":[33],"product_tag":[],"class_list":{"0":"post-1737","1":"product","2":"type-product","3":"status-publish","4":"has-post-thumbnail","6":"product_cat-narzedzia-dedra","8":"first","9":"instock","10":"taxable","11":"shipping-taxable","12":"purchasable","13":"product-type-simple"},"_links":{"self":[{"href":"https:\/\/precto.pl\/sklep\/wp-json\/wp\/v2\/product\/1737","targetHints":{"allow":["GET"]}}],"collection":[{"href":"https:\/\/precto.pl\/sklep\/wp-json\/wp\/v2\/product"}],"about":[{"href":"https:\/\/precto.pl\/sklep\/wp-json\/wp\/v2\/types\/product"}],"replies":[{"embeddable":true,"href":"https:\/\/precto.pl\/sklep\/wp-json\/wp\/v2\/comments?post=1737"}],"wp:featuredmedia":[{"embeddable":true,"href":"https:\/\/precto.pl\/sklep\/wp-json\/wp\/v2\/media\/1736"}],"wp:attachment":[{"href":"https:\/\/precto.pl\/sklep\/wp-json\/wp\/v2\/media?parent=1737"}],"wp:term":[{"taxonomy":"product_brand","embeddable":true,"href":"https:\/\/precto.pl\/sklep\/wp-json\/wp\/v2\/product_brand?post=1737"},{"taxonomy":"product_cat","embeddable":true,"href":"https:\/\/precto.pl\/sklep\/wp-json\/wp\/v2\/product_cat?post=1737"},{"taxonomy":"product_tag","embeddable":true,"href":"https:\/\/precto.pl\/sklep\/wp-json\/wp\/v2\/product_tag?post=1737"}],"curies":[{"name":"wp","href":"https:\/\/api.w.org\/{rel}","templated":true}]}}