{"id":1658,"date":"2022-01-18T06:04:17","date_gmt":"2022-01-18T05:04:17","guid":{"rendered":"https:\/\/precto.pl\/sklep\/produkt\/prowadnica-2x-lancuch-38cm-husqvarna-262-357-357xp\/"},"modified":"2022-10-06T13:29:17","modified_gmt":"2022-10-06T11:29:17","slug":"prowadnica-2x-lancuch-38cm-husqvarna-262-357-357xp","status":"publish","type":"product","link":"https:\/\/precto.pl\/sklep\/prowadnica-2x-lancuch-38cm-husqvarna-262-357-357xp\/","title":{"rendered":"PROWADNICA 2X \u0141A\u0143CUCH 38CM HUSQVARNA 262 357 357XP"},"content":{"rendered":"<table width=\"100%\">\n<tr>\n<td width=\"50%\">\n<p><b>ZESTAW ZAWIERA :<\/b><\/p>\n<ul>\n<li><b>PROWADNICA\u00a0 1 SZT<\/b><\/li>\n<li><b>\u0141A\u0143CUCH 2 SZT<\/b><\/li>\n<\/ul>\n<p><b>PRODUKT NOWY, NIE U\u017bYWANY, ORYGINALNIE ZAPAKOWANY<\/b><\/p>\n<p><b>DYSTRYBUTOR :<\/b> DOLPIMA<\/p>\n<p><b>MODEL PROWADNICY :\u00a0<\/b>158SLHK095<\/p>\n<h3>PARAMETRY :<\/h3>\n<p><b>LICZBA OGNIW : 56<\/b><\/p>\n<p><b>LICZBA Z\u0118B\u00d3W : 28<\/b><\/p>\n<p><b>SKOK \u0141A\u0143CUCHA : 3\/8 CALA<\/b><\/p>\n<p><b>ROWEK PROWADZ\u0104CY : 1,5 MM<\/b><\/p>\n<p><b>D\u0141UGO\u015a\u0106 PROWADNICY : 38 CM \/ 15&#8243;<\/b><\/p>\n<\/td>\n<\/tr>\n<tr>\n<td>\u00a0<\/td>\n<\/tr>\n<tr>\n<td colspan=\"2\">\n<h3>PASUJE DO MODELI :<\/h3>\n<ul>\n<li><b>Husqvarna:\u00a0154,\u00a0254,\u00a0257,\u00a0262,\u00a0357,\u00a0357XP,\u00a0359,\u00a0261,\u00a055,\u00a0362,\u00a0560XP,\u00a0455,<\/b><\/li>\n<li>Jonsered <b>:<\/b> 2159,\u00a02163,\u00a02063,<\/li>\n<\/ul>\n<\/td>\n<\/tr>\n<tr>\n<td>\u00a0<\/td>\n<\/tr>\n<tr>\n<td colspan=\"2\">\n<p>Przy zakupie kilku produkt\u00f3w w naszym sklepie za przesy\u0142k\u0119 zap\u0142ac\u0105 Pa\u0144stwo tylko raz.<\/p>\n<p>W naszym sklepie internetowym znajd\u0105 pa\u0144stwo szeroki asortyment cz\u0119\u015bci do:<\/p>\n<ul>\n<li>pilarek spalinowych i elektrycznych wielu marek m.in. stihl, husqvarna, dolmar, makita, oleo mac, solo, jonserad itp.<\/li>\n<li>kos spalinowych ww. marek<\/li>\n<li>kosiarek spalinowych z silnikami briggs &amp; stratton, loncin, honda<\/li>\n<li>przecinarek do betonu<\/li>\n<li>maszyn budowlanych wacker<\/li>\n<li>wielu innych maszyn i urz\u0105dze\u0144 wykorzystywanych w przydomowych pracach<\/li>\n<li>oraz pilniki, \u0142a\u0144cuchy, prowadnice, oleje, \u015brodki ochrony osobistej i wiele innych produkt\u00f3w i urz\u0105dze\u0144 pomocnych przy pracy w lesie, domu czy ogrodzie.<\/li>\n<\/ul>\n<p>Ci\u0105gle poszerzamy nasz\u0105 ofert\u0119 o nowe produkty, poszukuj\u0105c jak najlepszych rozwi\u0105za\u0144 dla naszych klient\u00f3w.<\/p>\n<\/td>\n<\/tr>\n<tr>\n<td>\u00a0<\/td>\n<\/tr>\n<\/table>\n","protected":false},"excerpt":{"rendered":"<p>PROWADNICA 2X \u0141A\u0143CUCH 38CM HUSQVARNA 262 357 357XP<\/p>\n","protected":false},"featured_media":1657,"comment_status":"open","ping_status":"closed","template":"","meta":[],"product_brand":[],"product_cat":[35],"product_tag":[],"class_list":{"0":"post-1658","1":"product","2":"type-product","3":"status-publish","4":"has-post-thumbnail","6":"product_cat-prowadnice-i-lancuchy","8":"first","9":"instock","10":"taxable","11":"shipping-taxable","12":"purchasable","13":"product-type-simple"},"_links":{"self":[{"href":"https:\/\/precto.pl\/sklep\/wp-json\/wp\/v2\/product\/1658","targetHints":{"allow":["GET"]}}],"collection":[{"href":"https:\/\/precto.pl\/sklep\/wp-json\/wp\/v2\/product"}],"about":[{"href":"https:\/\/precto.pl\/sklep\/wp-json\/wp\/v2\/types\/product"}],"replies":[{"embeddable":true,"href":"https:\/\/precto.pl\/sklep\/wp-json\/wp\/v2\/comments?post=1658"}],"wp:featuredmedia":[{"embeddable":true,"href":"https:\/\/precto.pl\/sklep\/wp-json\/wp\/v2\/media\/1657"}],"wp:attachment":[{"href":"https:\/\/precto.pl\/sklep\/wp-json\/wp\/v2\/media?parent=1658"}],"wp:term":[{"taxonomy":"product_brand","embeddable":true,"href":"https:\/\/precto.pl\/sklep\/wp-json\/wp\/v2\/product_brand?post=1658"},{"taxonomy":"product_cat","embeddable":true,"href":"https:\/\/precto.pl\/sklep\/wp-json\/wp\/v2\/product_cat?post=1658"},{"taxonomy":"product_tag","embeddable":true,"href":"https:\/\/precto.pl\/sklep\/wp-json\/wp\/v2\/product_tag?post=1658"}],"curies":[{"name":"wp","href":"https:\/\/api.w.org\/{rel}","templated":true}]}}