{"id":1478,"date":"2022-01-18T06:00:22","date_gmt":"2022-01-18T05:00:22","guid":{"rendered":"https:\/\/precto.pl\/sklep\/produkt\/pierscien-tloka-40x15-mm-husqvarna-235r-240r-245r\/"},"modified":"2022-10-06T11:13:13","modified_gmt":"2022-10-06T09:13:13","slug":"pierscien-tloka-40x15-mm-husqvarna-235r-240r-245r","status":"publish","type":"product","link":"https:\/\/precto.pl\/sklep\/pierscien-tloka-40x15-mm-husqvarna-235r-240r-245r\/","title":{"rendered":"PIER\u015aCIE\u0143 T\u0141OKA 40X1,5 MM HUSQVARNA 235R 240R 245R"},"content":{"rendered":"<table width=\"100%\">\n<tr>\n<td width=\"50%\">\n<p><b>TOWAR FABRYCZNIE NOWY<\/b><\/p>\n<p><b>NAJWY\u017bSZEJ KLASY PRODUKT<\/b><\/p>\n<p>WYMIARY : 40X1,5 MM<\/p>\n<p>PASUJE DO :<\/p>\n<p><b>Husqvarna<\/b><\/p>\n<p>36, 40, 136, 141, 142,\u00a0338, 339,\u00a0340<\/p>\n<p><b>OleoMac<\/b><\/p>\n<p>938, 940<\/p>\n<p><b>Efco<\/b><\/p>\n<p>138, 140<\/p>\n<p><b>Dolmar<\/b><\/p>\n<p>109, PS 400, PS 410<\/p>\n<p><b>Makita<\/b><\/p>\n<p>DCS 400, DCS 410, DCS 430, DCS 43001<\/p>\n<p><b>Alpina<\/b><\/p>\n<p>P 400, P 410<\/p>\n<p><b>Stiga<\/b><\/p>\n<p>SP 410<\/p>\n<p><b>McCulloch<\/b><\/p>\n<p>538, 540<\/p>\n<p><b>Oleo-Mac<\/b><\/p>\n<p>740<\/p>\n<p><b>Efco<\/b><\/p>\n<p>8400<\/p>\n<p><b>Husqvarna<\/b><\/p>\n<p>235, 240, 245,<\/p>\n<p><b>Kawasaki<\/b><\/p>\n<p>KBH 43<\/p>\n<p><b>Ibea<\/b><\/p>\n<p>MBC 430D<\/p>\n<p><b>Alpina<\/b><\/p>\n<p>VIP42<\/p>\n<p><b>Makita<\/b><\/p>\n<p>DBC 4510<\/p>\n<p><b>Dolmar<\/b><\/p>\n<p>MS-4010<\/p>\n<p><b>Solo<\/b><\/p>\n<p>140<\/p>\n<\/td>\n<\/tr>\n<tr>\n<td>\u00a0<\/td>\n<\/tr>\n<tr>\n<td colspan=\"2\">\n<p>Przy zakupie kilku produkt\u00f3w w naszym sklepie za przesy\u0142k\u0119 zap\u0142ac\u0105 Pa\u0144stwo tylko raz.<\/p>\n<p>W naszym sklepie internetowym znajd\u0105 pa\u0144stwo szeroki asortyment cz\u0119\u015bci do:<\/p>\n<ul>\n<li>pilarek spalinowych i elektrycznych wielu marek m.in. stihl, husqvarna, dolmar, makita, oleo mac, solo, jonserad itp.<\/li>\n<li>kos spalinowych ww. marek<\/li>\n<li>kosiarek spalinowych z silnikami briggs &amp; stratton, loncin, honda<\/li>\n<li>przecinarek do betonu<\/li>\n<li>maszyn budowlanych wacker<\/li>\n<li>wielu innych maszyn i urz\u0105dze\u0144 wykorzystywanych w przydomowych pracach<\/li>\n<li>oraz pilniki, \u0142a\u0144cuchy, prowadnice, oleje, \u015brodki ochrony osobistej i wiele innych produkt\u00f3w i urz\u0105dze\u0144 pomocnych przy pracy w lesie, domu czy ogrodzie.<\/li>\n<\/ul>\n<p>Ci\u0105gle poszerzamy nasz\u0105 ofert\u0119 o nowe produkty, poszukuj\u0105c jak najlepszych rozwi\u0105za\u0144 dla naszych klient\u00f3w.<\/p>\n<\/td>\n<\/tr>\n<tr>\n<td>\u00a0<\/td>\n<\/tr>\n<\/table>\n","protected":false},"excerpt":{"rendered":"<p>PIER\u015aCIE\u0143 T\u0141OKA 40X1,5 MM HUSQVARNA 235R 240R 245R<\/p>\n","protected":false},"featured_media":1477,"comment_status":"open","ping_status":"closed","template":"","meta":[],"product_brand":[],"product_cat":[25],"product_tag":[],"class_list":{"0":"post-1478","1":"product","2":"type-product","3":"status-publish","4":"has-post-thumbnail","6":"product_cat-cylindry-i-tloki","8":"first","9":"instock","10":"taxable","11":"shipping-taxable","12":"purchasable","13":"product-type-simple"},"_links":{"self":[{"href":"https:\/\/precto.pl\/sklep\/wp-json\/wp\/v2\/product\/1478","targetHints":{"allow":["GET"]}}],"collection":[{"href":"https:\/\/precto.pl\/sklep\/wp-json\/wp\/v2\/product"}],"about":[{"href":"https:\/\/precto.pl\/sklep\/wp-json\/wp\/v2\/types\/product"}],"replies":[{"embeddable":true,"href":"https:\/\/precto.pl\/sklep\/wp-json\/wp\/v2\/comments?post=1478"}],"wp:featuredmedia":[{"embeddable":true,"href":"https:\/\/precto.pl\/sklep\/wp-json\/wp\/v2\/media\/1477"}],"wp:attachment":[{"href":"https:\/\/precto.pl\/sklep\/wp-json\/wp\/v2\/media?parent=1478"}],"wp:term":[{"taxonomy":"product_brand","embeddable":true,"href":"https:\/\/precto.pl\/sklep\/wp-json\/wp\/v2\/product_brand?post=1478"},{"taxonomy":"product_cat","embeddable":true,"href":"https:\/\/precto.pl\/sklep\/wp-json\/wp\/v2\/product_cat?post=1478"},{"taxonomy":"product_tag","embeddable":true,"href":"https:\/\/precto.pl\/sklep\/wp-json\/wp\/v2\/product_tag?post=1478"}],"curies":[{"name":"wp","href":"https:\/\/api.w.org\/{rel}","templated":true}]}}