{"id":1276,"date":"2022-01-18T05:56:36","date_gmt":"2022-01-18T04:56:36","guid":{"rendered":"https:\/\/precto.pl\/sklep\/produkt\/pokrywa-filtra-gaznika-stihl-fs-75-fs-80-fs-85\/"},"modified":"2024-09-20T16:56:28","modified_gmt":"2024-09-20T14:56:28","slug":"pokrywa-filtra-gaznika-stihl-fs-75-fs-80-fs-85","status":"publish","type":"product","link":"https:\/\/precto.pl\/sklep\/pokrywa-filtra-gaznika-stihl-fs-75-fs-80-fs-85\/","title":{"rendered":"POKRYWA FILTRA GA\u0179NIKA STIHL FS 75 FS 80 FS 85"},"content":{"rendered":"<table width=\"100%\">\n<tr>\n<td width=\"50%\">\n<p><b>PRODUKT NOWY, NIE U\u017bYWANY, GOTOWY DO MONTA\u017bU<\/b><\/p>\n<p>NUMER KATALOGOWY :<\/p>\n<ul>\n<li><b>4137 141 0500:<\/b><\/li>\n<\/ul>\n<p><b>PASUJE DO MASZYN :<\/b><\/p>\n<h3>STIHL<\/h3>\n<ul>\n<li><b>KM 85 R:<\/b> Filtr powietrza, zbiornik paliwa<\/li>\n<li><b>FS 80 R:<\/b> Filtr powietrza, zbiornik paliwa<\/li>\n<li><b>FS 85 T:<\/b> Filtr powietrza, zbiornik paliwa<\/li>\n<li><b>KM 85:<\/b> Filtr powietrza, zbiornik paliwa<\/li>\n<li><b>HT 70:<\/b> Filtr powietrza, zbiornik paliwa<\/li>\n<li><b>FS 80:<\/b> Filtr powietrza, zbiornik paliwa<\/li>\n<li><b>FS 75:<\/b> Filtr powietrza, zbiornik paliwa<\/li>\n<li><b>HT 75:<\/b> Filtr powietrza, zbiornik paliwa<\/li>\n<li><b>HS 75:<\/b> Filtr powietrza, zbiornik paliwa<\/li>\n<li><b>FH 75:<\/b> Filtr powietrza, zbiornik paliwa<\/li>\n<li><b>BG 75:<\/b> Filtr powietrza, zbiornik paliwa<\/li>\n<li><b>HL 75:<\/b> Filtr powietrza, zbiornik paliwa<\/li>\n<li><b>KW 85:<\/b> Filtr powietrza, zbiornik paliwa<\/li>\n<li><b>FS 85:<\/b> Filtr powietrza, zbiornik paliwa<\/li>\n<li><b>FC 85:<\/b> Filtr powietrza, zbiornik paliwa<\/li>\n<li><b>FS 85 R:<\/b> Filtr powietrza, zbiornik paliwa<\/li>\n<li><b>HS 80:<\/b> Filtr powietrza, zbiornik paliwa<\/li>\n<li><b>HL 75 K:<\/b> Filtr powietrza, zbiornik paliwa<\/li>\n<li><b>SP 85:<\/b> Filtr powietrza, zbiornik paliwa<\/li>\n<\/ul>\n<\/td>\n<\/tr>\n<tr>\n<td>\u00a0<\/td>\n<\/tr>\n<tr>\n<td colspan=\"2\">\n<p>Przy zakupie kilku produkt\u00f3w w naszym sklepie za przesy\u0142k\u0119 zap\u0142ac\u0105 Pa\u0144stwo tylko raz.<\/p>\n<p>W naszym sklepie internetowym znajd\u0105 pa\u0144stwo szeroki asortyment cz\u0119\u015bci do:<\/p>\n<ul>\n<li>pilarek spalinowych i elektrycznych wielu marek m.in. stihl, husqvarna, dolmar, makita, oleo mac, solo, jonserad itp.<\/li>\n<li>kos spalinowych ww. marek<\/li>\n<li>kosiarek spalinowych z silnikami briggs &amp; stratton, loncin, honda<\/li>\n<li>przecinarek do betonu<\/li>\n<li>maszyn budowlanych wacker<\/li>\n<li>wielu innych maszyn i urz\u0105dze\u0144 wykorzystywanych w przydomowych pracach<\/li>\n<li>oraz pilniki, \u0142a\u0144cuchy, prowadnice, oleje, \u015brodki ochrony osobistej i wiele innych produkt\u00f3w i urz\u0105dze\u0144 pomocnych przy pracy w lesie, domu czy ogrodzie.<\/li>\n<\/ul>\n<p>Ci\u0105gle poszerzamy nasz\u0105 ofert\u0119 o nowe produkty, poszukuj\u0105c jak najlepszych rozwi\u0105za\u0144 dla naszych klient\u00f3w.<\/p>\n<\/td>\n<\/tr>\n<tr>\n<td>\u00a0<\/td>\n<\/tr>\n<\/table>\n","protected":false},"excerpt":{"rendered":"<p>POKRYWA FILTRA GA\u0179NIKA STIHL FS 75 FS 80 FS 85<\/p>\n","protected":false},"featured_media":1275,"comment_status":"open","ping_status":"closed","template":"","meta":[],"product_brand":[],"product_cat":[27],"product_tag":[],"class_list":{"0":"post-1276","1":"product","2":"type-product","3":"status-publish","4":"has-post-thumbnail","6":"product_cat-gazniki","8":"first","9":"instock","10":"taxable","11":"shipping-taxable","12":"purchasable","13":"product-type-simple"},"_links":{"self":[{"href":"https:\/\/precto.pl\/sklep\/wp-json\/wp\/v2\/product\/1276","targetHints":{"allow":["GET"]}}],"collection":[{"href":"https:\/\/precto.pl\/sklep\/wp-json\/wp\/v2\/product"}],"about":[{"href":"https:\/\/precto.pl\/sklep\/wp-json\/wp\/v2\/types\/product"}],"replies":[{"embeddable":true,"href":"https:\/\/precto.pl\/sklep\/wp-json\/wp\/v2\/comments?post=1276"}],"wp:featuredmedia":[{"embeddable":true,"href":"https:\/\/precto.pl\/sklep\/wp-json\/wp\/v2\/media\/1275"}],"wp:attachment":[{"href":"https:\/\/precto.pl\/sklep\/wp-json\/wp\/v2\/media?parent=1276"}],"wp:term":[{"taxonomy":"product_brand","embeddable":true,"href":"https:\/\/precto.pl\/sklep\/wp-json\/wp\/v2\/product_brand?post=1276"},{"taxonomy":"product_cat","embeddable":true,"href":"https:\/\/precto.pl\/sklep\/wp-json\/wp\/v2\/product_cat?post=1276"},{"taxonomy":"product_tag","embeddable":true,"href":"https:\/\/precto.pl\/sklep\/wp-json\/wp\/v2\/product_tag?post=1276"}],"curies":[{"name":"wp","href":"https:\/\/api.w.org\/{rel}","templated":true}]}}