{"id":1254,"date":"2022-01-18T05:56:07","date_gmt":"2022-01-18T04:56:07","guid":{"rendered":"https:\/\/precto.pl\/sklep\/produkt\/pompa-pompka-paliwa-husqvarna-334t-340-340e-345\/"},"modified":"2022-10-06T13:40:41","modified_gmt":"2022-10-06T11:40:41","slug":"pompa-pompka-paliwa-husqvarna-334t-340-340e-345","status":"publish","type":"product","link":"https:\/\/precto.pl\/sklep\/pompa-pompka-paliwa-husqvarna-334t-340-340e-345\/","title":{"rendered":"POMPA POMPKA PALIWA HUSQVARNA 334T 340 340E 345"},"content":{"rendered":"<table width=\"100%\">\n<tr>\n<td width=\"50%\">\n<p><b>WYMIARY :<\/b><\/p>\n<ul>\n<li>21x17x3,2 MM<\/li>\n<\/ul>\n<p><b>PASUJE DO MODELI :<\/b><\/p>\n<h3>HUSQVARNA<\/h3>\n<ul>\n<li>232R 235R 435 435 E, 440 E, 445 E, 450 E, 455 E\/RANCHER, 460 545, 555, 556, 560XP<\/li>\n<li>334T 340 340E 345<\/li>\n<li>Husqvarna<\/li>\n<li>435 (2008-05) Chainsaw<\/li>\n<li>435 (2008-05) Chainsaw<\/li>\n<li>435 E (2008-05) Chainsaw<\/li>\n<li>435 E (2008-05) Chainsaw<\/li>\n<li>440 E (2008-05) Chainsaw<\/li>\n<li>440 E (2008-05) Chainsaw<\/li>\n<li>445 (2007-03) Chainsaw<\/li>\n<li>445 (2007-03) Chainsaw<\/li>\n<li>445 (2007-09) Chainsaw<\/li>\n<li>445 (2007-09) Chainsaw<\/li>\n<li>445 E (2007-03) Chainsaw<\/li>\n<li>445 E (2007-03) Chainsaw<\/li>\n<li>445 E (2007-09) Chainsaw<\/li>\n<li>445 E (2007-09) Chainsaw<\/li>\n<li>450 E (2007-03) Chainsaw<\/li>\n<li>450 E (2007-03) Chainsaw<\/li>\n<li>450 E (2007-09) Chainsaw<\/li>\n<li>450 E (2007-09) Chainsaw<\/li>\n<li>455 E (2007-01) Chainsaw<\/li>\n<li>455 E (2007-01) Chainsaw<\/li>\n<li>455 E (2006-06) Chainsaw<\/li>\n<li>455 E (2006-06) Chainsaw<\/li>\n<li>455 (2004-10) Chainsaw<\/li>\n<li>455 (2004-10) Chainsaw<\/li>\n<li>455 (2005-01) Chainsaw<\/li>\n<li>455 (2005-01) Chainsaw<\/li>\n<li>455 (2005-03) Chainsaw<\/li>\n<li>455 (2005-03) Chainsaw<\/li>\n<li>455 Rancher (2006-02) Chainsaw<\/li>\n<li>455 Rancher (2006-02) Chainsaw<\/li>\n<li>455 (2006-06) Chainsaw<\/li>\n<li>455 (2006-06) Chainsaw<\/li>\n<li>455 (2007-01) Chainsaw<\/li>\n<li>455 (2007-01) Chainsaw<\/li>\n<li>460 (2005-03) Chainsaw<\/li>\n<\/ul>\n<p>NUMERY KAT.<\/p>\n<h3>188-512<\/h3>\n<p><b>WYSOKIEJ KLASY PRODUKT STOSOWANY Z POWODZENIEM W NASZYM SERWISIE, KLIENCI KT\u00d3RZY ZAKUPILI WW. PRODUKT S\u0104 ZADOWOLENI Z WYSOKIEJ JAKO\u015aCI I NISKIEJ CENY !!<\/b><\/p>\n<p><b>Paragon \/ FV<\/b><\/p>\n<\/td>\n<\/tr>\n<tr>\n<td>\u00a0<\/td>\n<\/tr>\n<tr>\n<td colspan=\"2\">\n<p>Przy zakupie kilku produkt\u00f3w w naszym sklepie za przesy\u0142k\u0119 zap\u0142ac\u0105 Pa\u0144stwo tylko raz.<\/p>\n<p>W naszym sklepie internetowym znajd\u0105 pa\u0144stwo szeroki asortyment cz\u0119\u015bci do:<\/p>\n<ul>\n<li>pilarek spalinowych i elektrycznych wielu marek m.in. stihl, husqvarna, dolmar, makita, oleo mac, solo, jonserad itp.<\/li>\n<li>kos spalinowych ww. marek<\/li>\n<li>kosiarek spalinowych z silnikami briggs &amp; stratton, loncin, honda<\/li>\n<li>przecinarek do betonu<\/li>\n<li>maszyn budowlanych wacker<\/li>\n<li>wielu innych maszyn i urz\u0105dze\u0144 wykorzystywanych w przydomowych pracach<\/li>\n<li>oraz pilniki, \u0142a\u0144cuchy, prowadnice, oleje, \u015brodki ochrony osobistej i wiele innych produkt\u00f3w i urz\u0105dze\u0144 pomocnych przy pracy w lesie, domu czy ogrodzie.<\/li>\n<\/ul>\n<p>Ci\u0105gle poszerzamy nasz\u0105 ofert\u0119 o nowe produkty, poszukuj\u0105c jak najlepszych rozwi\u0105za\u0144 dla naszych klient\u00f3w.<\/p>\n<\/td>\n<\/tr>\n<tr>\n<td>\u00a0<\/td>\n<\/tr>\n<\/table>\n","protected":false},"excerpt":{"rendered":"<p>POMPA POMPKA PALIWA HUSQVARNA 334T 340 340E 345<\/p>\n","protected":false},"featured_media":1253,"comment_status":"open","ping_status":"closed","template":"","meta":[],"product_brand":[],"product_cat":[40],"product_tag":[],"class_list":{"0":"post-1254","1":"product","2":"type-product","3":"status-publish","4":"has-post-thumbnail","6":"product_cat-uklad-paliwowy-czesci-do-pilarek-spalinowych","8":"first","9":"instock","10":"taxable","11":"shipping-taxable","12":"purchasable","13":"product-type-simple"},"_links":{"self":[{"href":"https:\/\/precto.pl\/sklep\/wp-json\/wp\/v2\/product\/1254","targetHints":{"allow":["GET"]}}],"collection":[{"href":"https:\/\/precto.pl\/sklep\/wp-json\/wp\/v2\/product"}],"about":[{"href":"https:\/\/precto.pl\/sklep\/wp-json\/wp\/v2\/types\/product"}],"replies":[{"embeddable":true,"href":"https:\/\/precto.pl\/sklep\/wp-json\/wp\/v2\/comments?post=1254"}],"wp:featuredmedia":[{"embeddable":true,"href":"https:\/\/precto.pl\/sklep\/wp-json\/wp\/v2\/media\/1253"}],"wp:attachment":[{"href":"https:\/\/precto.pl\/sklep\/wp-json\/wp\/v2\/media?parent=1254"}],"wp:term":[{"taxonomy":"product_brand","embeddable":true,"href":"https:\/\/precto.pl\/sklep\/wp-json\/wp\/v2\/product_brand?post=1254"},{"taxonomy":"product_cat","embeddable":true,"href":"https:\/\/precto.pl\/sklep\/wp-json\/wp\/v2\/product_cat?post=1254"},{"taxonomy":"product_tag","embeddable":true,"href":"https:\/\/precto.pl\/sklep\/wp-json\/wp\/v2\/product_tag?post=1254"}],"curies":[{"name":"wp","href":"https:\/\/api.w.org\/{rel}","templated":true}]}}