{"id":1197,"date":"2022-01-18T05:54:47","date_gmt":"2022-01-18T04:54:47","guid":{"rendered":"https:\/\/precto.pl\/sklep\/produkt\/pilarka-reczna-akumulatorowa-do-drewna-18v-dedra\/"},"modified":"2022-10-06T12:03:24","modified_gmt":"2022-10-06T10:03:24","slug":"pilarka-reczna-akumulatorowa-do-drewna-18v-dedra","status":"publish","type":"product","link":"https:\/\/precto.pl\/sklep\/pilarka-reczna-akumulatorowa-do-drewna-18v-dedra\/","title":{"rendered":"Pilarka r\u0119czna akumulatorowa do drewna 18V Dedra"},"content":{"rendered":"<table width=\"100%\">\n<tr>\n<td width=\"50%\">\n<p>Jest narz\u0119dziem przeznaczonym do ci\u0119cia drewna w r\u00f3\u017cnej postaci. Poprzez zastosowanie tarczy o rozmiarze 165mm, uzyskujemy mo\u017cliwo\u015b\u0107 ci\u0119cia drewna o grubo\u015bci 55mm oraz 40 mm przy ci\u0119ciu pod k\u0105tem 45 stopni. Ergonomie oraz komfort pracy poprawiaj\u0105 podgumowane oraz dobrze wyprofilowane uchwyty, dzi\u0119ki kt\u00f3rym narz\u0119dzie dobrze le\u017cy w d\u0142oni. Dodatkowa prowadnica r\u00f3wnoleg\u0142a znajduj\u0105ca si\u0119 w komplecie, zapewni precyzyjne i powtarzalne ci\u0119cie. Pilark\u0119 wyposa\u017cono w zabezpieczenie przed przypadkowym uruchomieniem. Obudowa wykonana zosta\u0142a z nylonu z domieszk\u0105 w\u0142\u00f3kna szklanego, dzi\u0119ki temu zwi\u0119kszona zosta\u0142a odporno\u015b\u0107 na uszkodzenia mechaniczne i promieniowanie UV. Rekomendowany akumulator do pracy ze szlifierk\u0105 k\u0105tow\u0105 akumulatorow\u0105 to 4.0Ah DED7034.<\/p>\n<p>Cechy pilarki r\u0119cznej akumulatorowej do drewna 18V, DEDRA SAS+ALL :<\/p>\n<ul>\n<li>\u015arednica tarczy 165mm<\/li>\n<li>Zabezpieczenie przed przypadkowym uruchomieniem<\/li>\n<li>Ruchoma transparentna os\u0142ona tarczy wykonana z tworzywa sztucznego<\/li>\n<li>Mo\u017cliwo\u015b\u0107 ci\u0119cia pod k\u0105tem 45 stopni<\/li>\n<li>W zestawie: tarcza, klucz imbusowy i prowadnica r\u00f3wnoleg\u0142a<\/li>\n<\/ul>\n<p>Dane techniczne pilarki r\u0119cznej akumulatorowej do drewna 18V, DEDRA SAS+ALL :<\/p>\n<ul>\n<li>Napi\u0119cie \u2013 18V<\/li>\n<li>Ilo\u015b\u0107 obrot\u00f3w na minut\u0119 \u2013 3800RPM<\/li>\n<li>\u015arednica tarczy i otworu \u2013 165\/20mm<\/li>\n<li>Waga \u2013 2,8kg<\/li>\n<li>Czas pracy przy wykorzystaniu 2.0Ah akumulatora DED7032: 15mb &#8211; Ci\u0119cie p\u0142yty OSB 18mm do\u0142\u0105czon\u0105 tarcz\u0105 165\/20 24 z\u0119by<\/li>\n<li>Czas pracy przy wykorzystaniu 4.0Ah akumulatora DED7034: 34mb &#8211; Ci\u0119cie p\u0142yty OSB 18mm do\u0142\u0105czon\u0105 tarcz\u0105 165\/20 24 z\u0119by<\/li>\n<\/ul>\n<p><b>Podczas zakupu nie zapomnij o \u0142adowarce i akumulatorze !<\/b><\/p>\n<p><b>(dost\u0119pny na naszych innych aukcjach)<\/b><\/p>\n<\/td>\n<\/tr>\n<tr>\n<td>\u00a0<\/td>\n<\/tr>\n<\/table>\n","protected":false},"excerpt":{"rendered":"<p>Pilarka r\u0119czna akumulatorowa do drewna 18V Dedra<\/p>\n","protected":false},"featured_media":1193,"comment_status":"open","ping_status":"closed","template":"","meta":[],"product_brand":[],"product_cat":[33],"product_tag":[],"class_list":{"0":"post-1197","1":"product","2":"type-product","3":"status-publish","4":"has-post-thumbnail","6":"product_cat-narzedzia-dedra","8":"first","9":"instock","10":"taxable","11":"shipping-taxable","12":"purchasable","13":"product-type-simple"},"_links":{"self":[{"href":"https:\/\/precto.pl\/sklep\/wp-json\/wp\/v2\/product\/1197","targetHints":{"allow":["GET"]}}],"collection":[{"href":"https:\/\/precto.pl\/sklep\/wp-json\/wp\/v2\/product"}],"about":[{"href":"https:\/\/precto.pl\/sklep\/wp-json\/wp\/v2\/types\/product"}],"replies":[{"embeddable":true,"href":"https:\/\/precto.pl\/sklep\/wp-json\/wp\/v2\/comments?post=1197"}],"wp:featuredmedia":[{"embeddable":true,"href":"https:\/\/precto.pl\/sklep\/wp-json\/wp\/v2\/media\/1193"}],"wp:attachment":[{"href":"https:\/\/precto.pl\/sklep\/wp-json\/wp\/v2\/media?parent=1197"}],"wp:term":[{"taxonomy":"product_brand","embeddable":true,"href":"https:\/\/precto.pl\/sklep\/wp-json\/wp\/v2\/product_brand?post=1197"},{"taxonomy":"product_cat","embeddable":true,"href":"https:\/\/precto.pl\/sklep\/wp-json\/wp\/v2\/product_cat?post=1197"},{"taxonomy":"product_tag","embeddable":true,"href":"https:\/\/precto.pl\/sklep\/wp-json\/wp\/v2\/product_tag?post=1197"}],"curies":[{"name":"wp","href":"https:\/\/api.w.org\/{rel}","templated":true}]}}